{"id":997,"date":"2022-10-05T14:37:08","date_gmt":"2022-10-05T14:37:08","guid":{"rendered":"https:\/\/metrocite.devrouge.com\/on-our-blog\/"},"modified":"2024-11-19T19:43:09","modified_gmt":"2024-11-19T19:43:09","slug":"on-our-blog","status":"publish","type":"page","link":"https:\/\/metrocite.devrouge.com\/en\/on-our-blog\/","title":{"rendered":"On our blog"},"content":{"rendered":"<section class=\"wpb-content-wrapper\">[vc_row fullwidth=&#8221;true&#8221; el_class=&#8221;row-header&#8221; css=&#8221;.vc_custom_1662477684406{background-color: #f4f4f4 !important;}&#8221;][vc_column][vc_row_inner el_class=&#8221;header-bg-img&#8221; css=&#8221;.vc_custom_1700856974811{background-image: url(https:\/\/metrocite.devrouge.com\/wp-content\/uploads\/2023\/11\/header-metrocite-blogue-v1.jpeg?id=29773) !important;background-position: center !important;background-repeat: no-repeat !important;background-size: cover !important;}&#8221;][vc_column_inner][\/vc_column_inner][\/vc_row_inner][\/vc_column][\/vc_row][vc_row fullwidth=&#8221;true&#8221; fullwidth_content=&#8221;false&#8221; el_class=&#8221;trigger-title trigger-line overflow-visible&#8221;][vc_column][vc_column_text disable_pattern=&#8221;false&#8221; align=&#8221;center&#8221; css=&#8221;.vc_custom_1664975921707{margin-bottom: 0px !important;}&#8221;]\n<div class=\"vertical-line\"><\/div>\n<h1 class=\" title\">Our blog<\/h1>\n[\/vc_column_text][mk_padding_divider size=&#8221;100&#8243; visibility=&#8221;hidden-sm&#8221;][\/vc_column][\/vc_row][vc_row fullwidth=&#8221;true&#8221; fullwidth_content=&#8221;false&#8221; css=&#8221;.vc_custom_1676063666811{padding-top: 0px !important;}&#8221; el_class=&#8221;trigger-line-02 overflow-visible&#8221;][vc_column css=&#8221;.vc_custom_1660920437544{padding-top: 0px !important;}&#8221;][mk_padding_divider size=&#8221;25&#8243;][vc_raw_html]PGRpdiBjbGFzcz0idmVydGljYWwtbGluZS0wMiBoaWRlLW1vYmlsZS1saW5lIiBzdHlsZT0iei1pbmRleDowOyI+PC9kaXY+[\/vc_raw_html][mk_padding_divider size=&#8221;100&#8243;][vc_column_text css=&#8221;.vc_custom_1664978595513{margin-bottom: 0px !important;}&#8221;][\/vc_column_text][mk_padding_divider size=&#8221;50&#8243;][vc_column_text css=&#8221;.vc_custom_1664980310520{margin-bottom: 0px !important;}&#8221;]<div class=\"wrap-article\">\n\t\n\t\t\t\n\t\n\t\t<div class=\"col-article content-right\">\n\t\t\t\n\t\t\t<!--\n\t\t\t<img decoding=\"async\" src=\"https:\/\/metrocite.devrouge.com\/wp-content\/uploads\/2024\/10\/photo-event-buyers-blog-post.png\" title=\"A look back at the exclusive event for Baldwin Condos &amp; Penthouses owners\" alt=\"A look back at the exclusive event for Baldwin Condos &amp; Penthouses owners\">\n\t\t\t-->\n\t\t\t\n\t\t\t<div class=\"img-article \" style=\"background:url(https:\/\/metrocite.devrouge.com\/wp-content\/uploads\/2024\/10\/photo-event-buyers-blog-post.png) no-repeat center center;\"><\/div>\n\t\t\t\n\t\t\t<div class=\"wrap-article-content \">\n\t\t\t\t\n\t\t\t\t<h2 class=\"titre-blogue\">A look back at the exclusive event for Baldwin Condos &amp; Penthouses owners<\/h2>\n\n\t\t\t\t<p>On June 5, Baldwin Condos &amp; Penthouses owners gathered on the terrace of Phase 1 for an exclusive event. During the evening, guests had the opportunity to socialize, share ideas and enjoy a unique moment while admiring the sunset.<\/p>\n\n\t\t\t\t[mk_button dimension=\"flat\" size=\"large\" url=\"https:\/\/metrocite.devrouge.com\/en\/a-look-back-at-the-exclusive-event-for-baldwin-condos-penthouses-owners\/\" margin_bottom=\"0\" margin_right=\"0\" el_class=\"btn btn-orange center-mobile\"]Read more[\/mk_button]\t\t\t\n\t\t\t<\/div>\n\t\t<\/div>\n\t\n\n\t\t\t\t\t\n\t\n\t\t<div class=\"col-article content-left\">\n\t\t\t\n\t\t\t<!--\n\t\t\t<img decoding=\"async\" src=\"https:\/\/metrocite.devrouge.com\/wp-content\/uploads\/2023\/08\/header-blogue-juin2023.jpg\" title=\"Interview with the designer of the Baldwin Condos &#038; Penthouses project\" alt=\"Interview with the designer of the Baldwin Condos &#038; Penthouses project\">\n\t\t\t-->\n\t\t\t\n\t\t\t<div class=\"img-article \" style=\"background:url(https:\/\/metrocite.devrouge.com\/wp-content\/uploads\/2023\/08\/header-blogue-juin2023.jpg) no-repeat center center;\"><\/div>\n\t\t\t\n\t\t\t<div class=\"wrap-article-content \">\n\t\t\t\t\n\t\t\t\t<h2 class=\"titre-blogue\">Interview with the designer of the Baldwin Condos &#038; Penthouses project<\/h2>\n\n\t\t\t\t<p>Curious to learn everything about the design, materials, and finishes of Baldwin Condos & Penthouses? This month, we have the pleasure of interviewing Georgina Guti\u00e9rrez, Assistant Director of Development for this expansive real estate venture situated in the bustling heart of Dollard-des-Ormeaux.<\/p>\n\n\t\t\t\t[mk_button dimension=\"flat\" size=\"large\" url=\"https:\/\/metrocite.devrouge.com\/en\/interview-with-the-designer-of-the-baldwin-condos-penthouses-project\/\" margin_bottom=\"0\" margin_right=\"0\" el_class=\"btn btn-orange center-mobile\"]Read more[\/mk_button]\t\t\t\n\t\t\t<\/div>\n\t\t<\/div>\n\t\n\n\t\t\t\t\t\n\t\n\t\t<div class=\"col-article content-right\">\n\t\t\t\n\t\t\t<!--\n\t\t\t<img decoding=\"async\" src=\"https:\/\/metrocite.devrouge.com\/wp-content\/uploads\/2023\/02\/blogue-img-avantages-financiers.jpg\" title=\"The Financial Benefits of Buying Real Estate\" alt=\"The Financial Benefits of Buying Real Estate\">\n\t\t\t-->\n\t\t\t\n\t\t\t<div class=\"img-article \" style=\"background:url(https:\/\/metrocite.devrouge.com\/wp-content\/uploads\/2023\/02\/blogue-img-avantages-financiers.jpg) no-repeat center center;\"><\/div>\n\t\t\t\n\t\t\t<div class=\"wrap-article-content \">\n\t\t\t\t\n\t\t\t\t<h2 class=\"titre-blogue\">The Financial Benefits of Buying Real Estate<\/h2>\n\n\t\t\t\t<p>Purchasing real estate like a condo offers many financial advantages. Especially in the long term, this type of investment allows you to build up your heritage, to receive additional income if you rent it out, to have a place to live when you retire and, of course, to grow your investment. <\/p>\n\n\t\t\t\t[mk_button dimension=\"flat\" size=\"large\" url=\"https:\/\/metrocite.devrouge.com\/en\/the-financial-benefits-of-buying-real-estate\/\" margin_bottom=\"0\" margin_right=\"0\" el_class=\"btn btn-orange center-mobile\"]Read more[\/mk_button]\t\t\t\n\t\t\t<\/div>\n\t\t<\/div>\n\t\n\n\t\t\t\t\t\n\t\n\t\t<div class=\"col-article content-left\">\n\t\t\t\n\t\t\t<!--\n\t\t\t<img decoding=\"async\" src=\"https:\/\/metrocite.devrouge.com\/wp-content\/uploads\/2022\/10\/header-metrocite-blogue.jpg\" title=\"10 reasons why you should invest in a condo\" alt=\"10 reasons why you should invest in a condo\">\n\t\t\t-->\n\t\t\t\n\t\t\t<div class=\"img-article \" style=\"background:url(https:\/\/metrocite.devrouge.com\/wp-content\/uploads\/2022\/10\/header-metrocite-blogue.jpg) no-repeat center center;\"><\/div>\n\t\t\t\n\t\t\t<div class=\"wrap-article-content \">\n\t\t\t\t\n\t\t\t\t<h2 class=\"titre-blogue\">10 reasons why you should invest in a condo<\/h2>\n\n\t\t\t\t<p>For many of us, buying a home has been a lifelong dream, which is understandable since home ownership is one of the most important life projects one can have. Here are 10 reasons why purchasing a condo is one of the smartest investments you\u2019ll ever make!<\/p>\n\n\t\t\t\t[mk_button dimension=\"flat\" size=\"large\" url=\"https:\/\/metrocite.devrouge.com\/en\/10-reasons-why-you-should-invest-in-a-condo\/\" margin_bottom=\"0\" margin_right=\"0\" el_class=\"btn btn-orange center-mobile\"]Read more[\/mk_button]\t\t\t\n\t\t\t<\/div>\n\t\t<\/div>\n\t\n\n\t\t\t\t\t\n\t\n\t\t<div class=\"col-article content-right\">\n\t\t\t\n\t\t\t<!--\n\t\t\t<img decoding=\"async\" src=\"https:\/\/metrocite.devrouge.com\/wp-content\/uploads\/2022\/11\/img-metrocite-blogue-rem.jpeg\" title=\"Discover the benefits of living near the REM!\" alt=\"Discover the benefits of living near the REM!\">\n\t\t\t-->\n\t\t\t\n\t\t\t<div class=\"img-article \" style=\"background:url(https:\/\/metrocite.devrouge.com\/wp-content\/uploads\/2022\/11\/img-metrocite-blogue-rem.jpeg) no-repeat center center;\"><\/div>\n\t\t\t\n\t\t\t<div class=\"wrap-article-content \">\n\t\t\t\t\n\t\t\t\t<h2 class=\"titre-blogue\">Discover the benefits of living near the REM!<\/h2>\n\n\t\t\t\t<p>As we all know, living in the suburbs means being stuck in traffic and wasting time in your car, at least for workers who drive to downtown Montreal daily. <\/p>\n\n\t\t\t\t[mk_button dimension=\"flat\" size=\"large\" url=\"https:\/\/metrocite.devrouge.com\/en\/discover-the-benefits-of-living-near-the-rem\/\" margin_bottom=\"0\" margin_right=\"0\" el_class=\"btn btn-orange center-mobile\"]Read more[\/mk_button]\t\t\t\n\t\t\t<\/div>\n\t\t<\/div>\n\t\n\n\t\t\t\t\t\n\t\n\t\t<div class=\"col-article content-left\">\n\t\t\t\n\t\t\t<!--\n\t\t\t<img decoding=\"async\" src=\"https:\/\/metrocite.devrouge.com\/wp-content\/uploads\/2022\/07\/header-metrocite-blogue-achat-immobilier.jpeg\" title=\"Buying real estate: 8 advantages of making a 20% down payment\" alt=\"Buying real estate: 8 advantages of making a 20% down payment\">\n\t\t\t-->\n\t\t\t\n\t\t\t<div class=\"img-article \" style=\"background:url(https:\/\/metrocite.devrouge.com\/wp-content\/uploads\/2022\/07\/header-metrocite-blogue-achat-immobilier.jpeg) no-repeat center center;\"><\/div>\n\t\t\t\n\t\t\t<div class=\"wrap-article-content \">\n\t\t\t\t\n\t\t\t\t<h2 class=\"titre-blogue\">Buying real estate: 8 advantages of making a 20% down payment<\/h2>\n\n\t\t\t\t<p>When you consider the total price of purchasing a property, a 20% down payment might seem daunting. But as a financial strategy, it has some real advantages. Here are 8 reasons why making a down payment of 20% or more could be a smart move for you. 1. Avoiding the need for mortgage insurance If [&hellip;]<\/p>\n\n\t\t\t\t[mk_button dimension=\"flat\" size=\"large\" url=\"https:\/\/metrocite.devrouge.com\/en\/buying-real-estate-8-advantages-of-making-a-20-down-payment\/\" margin_bottom=\"0\" margin_right=\"0\" el_class=\"btn btn-orange center-mobile\"]Read more[\/mk_button]\t\t\t\n\t\t\t<\/div>\n\t\t<\/div>\n\t\n\n\t\t\t\t\t\n\t\n\t\t<div class=\"col-article content-right\">\n\t\t\t\n\t\t\t<!--\n\t\t\t<img decoding=\"async\" src=\"https:\/\/metrocite.devrouge.com\/wp-content\/uploads\/2022\/04\/blogue-header-d-16990.jpeg\" title=\"Buying a condo on the West Island: a smart choice\" alt=\"Buying a condo on the West Island: a smart choice\">\n\t\t\t-->\n\t\t\t\n\t\t\t<div class=\"img-article \" style=\"background:url(https:\/\/metrocite.devrouge.com\/wp-content\/uploads\/2022\/04\/blogue-header-d-16990.jpeg) no-repeat center center;\"><\/div>\n\t\t\t\n\t\t\t<div class=\"wrap-article-content \">\n\t\t\t\t\n\t\t\t\t<h2 class=\"titre-blogue\">Buying a condo on the West Island: a smart choice<\/h2>\n\n\t\t\t\t<p>Did you know that the West Island features some of the largest green spaces along the Rivi\u00e8re des Prairies, and is nestled between Lac Saint-Louis and Lac des Deux-Montagnes? While offering a lifestyle that\u2019s close to nature, the area also boasts diverse and colourful urban life with trendy shops, numerous restaurants, shopping centres and a [&hellip;]<\/p>\n\n\t\t\t\t[mk_button dimension=\"flat\" size=\"large\" url=\"https:\/\/metrocite.devrouge.com\/en\/buying-a-condo-on-the-west-island-a-smart-choice\/\" margin_bottom=\"0\" margin_right=\"0\" el_class=\"btn btn-orange center-mobile\"]Read more[\/mk_button]\t\t\t\n\t\t\t<\/div>\n\t\t<\/div>\n\t\n\n\t\t\t\t\t\n\t\n\t\t<div class=\"col-article content-left\">\n\t\t\t\n\t\t\t<!--\n\t\t\t<img decoding=\"async\" src=\"https:\/\/metrocite.devrouge.com\/wp-content\/uploads\/2022\/08\/img-metrocite-condos-baldwin-02.jpg\" title=\"Downsizing from a house to a condo\" alt=\"Downsizing from a house to a condo\">\n\t\t\t-->\n\t\t\t\n\t\t\t<div class=\"img-article \" style=\"background:url(https:\/\/metrocite.devrouge.com\/wp-content\/uploads\/2022\/08\/img-metrocite-condos-baldwin-02.jpg) no-repeat center center;\"><\/div>\n\t\t\t\n\t\t\t<div class=\"wrap-article-content \">\n\t\t\t\t\n\t\t\t\t<h2 class=\"titre-blogue\">Downsizing from a house to a condo<\/h2>\n\n\t\t\t\t<p>Living in a condo has plenty of advantages for anyone looking to downsize. Many families, couples and retirees choose to live in a condo, a smaller space located in the heart of an urban area and offering a different lifestyle, more adapted to today&#8217;s reality. Downsizing is a growing trend, read on to find out [&hellip;]<\/p>\n\n\t\t\t\t[mk_button dimension=\"flat\" size=\"large\" url=\"https:\/\/metrocite.devrouge.com\/en\/downsizing-from-a-house-to-a-condo\/\" margin_bottom=\"0\" margin_right=\"0\" el_class=\"btn btn-orange center-mobile\"]Read more[\/mk_button]\t\t\t\n\t\t\t<\/div>\n\t\t<\/div>\n\t\n\n\t\t\t\t\t\n\t\n\t\t<div class=\"col-article content-right\">\n\t\t\t\n\t\t\t<!--\n\t\t\t<img decoding=\"async\" src=\"https:\/\/metrocite.devrouge.com\/wp-content\/uploads\/2019\/08\/blogue-metro-1.jpeg\" title=\"Buy a condo off plan, is it a risky choice?\" alt=\"Buy a condo off plan, is it a risky choice?\">\n\t\t\t-->\n\t\t\t\n\t\t\t<div class=\"img-article \" style=\"background:url(https:\/\/metrocite.devrouge.com\/wp-content\/uploads\/2019\/08\/blogue-metro-1.jpeg) no-repeat center center;\"><\/div>\n\t\t\t\n\t\t\t<div class=\"wrap-article-content \">\n\t\t\t\t\n\t\t\t\t<h2 class=\"titre-blogue\">Buy a condo off plan, is it a risky choice?<\/h2>\n\n\t\t\t\t<p>Are you thinking of acquiring a new off-plan condo and wondering what are the potential risks of such a decision? Would you like to know more about what to consider before signing? If the purchase of a condo that is not yet built and that only exists on plan offers many benefits, it also includes [&hellip;]<\/p>\n\n\t\t\t\t[mk_button dimension=\"flat\" size=\"large\" url=\"https:\/\/metrocite.devrouge.com\/en\/buy-a-condo-off-plan\/\" margin_bottom=\"0\" margin_right=\"0\" el_class=\"btn btn-orange center-mobile\"]Read more[\/mk_button]\t\t\t\n\t\t\t<\/div>\n\t\t<\/div>\n\t\n\n\t\t\t\t\t\n\t\n\t\t<div class=\"col-article content-left\">\n\t\t\t\n\t\t\t<!--\n\t\t\t<img decoding=\"async\" src=\"https:\/\/metrocite.devrouge.com\/wp-content\/uploads\/2018\/10\/habitations-metrocite.jpg\" title=\"What advantages do new homes offer?\" alt=\"What advantages do new homes offer?\">\n\t\t\t-->\n\t\t\t\n\t\t\t<div class=\"img-article \" style=\"background:url(https:\/\/metrocite.devrouge.com\/wp-content\/uploads\/2018\/10\/habitations-metrocite.jpg) no-repeat center center;\"><\/div>\n\t\t\t\n\t\t\t<div class=\"wrap-article-content \">\n\t\t\t\t\n\t\t\t\t<h2 class=\"titre-blogue\">What advantages do new homes offer?<\/h2>\n\n\t\t\t\t<p>It may be wise to learn about the benefits of new homes before buying a multi-year home that can hold all sorts of surprises, more often than not bad. The new homes of Habitations M\u00e9trocit\u00e9 inc. are townhouses that offer buyers several advantages, including quality, customization and peace of mind. Uncompromising quality Buyers of a [&hellip;]<\/p>\n\n\t\t\t\t[mk_button dimension=\"flat\" size=\"large\" url=\"https:\/\/metrocite.devrouge.com\/en\/advantages-new-home\/\" margin_bottom=\"0\" margin_right=\"0\" el_class=\"btn btn-orange center-mobile\"]Read more[\/mk_button]\t\t\t\n\t\t\t<\/div>\n\t\t<\/div>\n\t\n\n\t\t\t\t\n\t\t\t\t\n\t\t<div class=\"pagination\">\n    <span aria-current=\"page\" class=\"page-numbers current\">1<\/span>\n<a class=\"page-numbers\" href=\"https:\/\/metrocite.devrouge.com\/en\/wp-json\/wp\/v2\/pages\/997\/page\/2\/\">2<\/a>\n<a class=\"page-numbers\" href=\"https:\/\/metrocite.devrouge.com\/en\/wp-json\/wp\/v2\/pages\/997\/page\/3\/\">3<\/a>\n<a class=\"next page-numbers\" href=\"https:\/\/metrocite.devrouge.com\/en\/wp-json\/wp\/v2\/pages\/997\/page\/2\/\">&raquo; <i><\/i><\/a>\t\t<\/div>\n\n\t\n\t<\/div>\n[\/vc_column_text][vc_raw_html]JTNDZGl2JTIwY2xhc3MlM0QlMjJ2ZXJ0aWNhbC1saW5lJTIyJTNFJTNDJTJGZGl2JTNFJTBBJTNDc3R5bGUlM0UlMEEuZmVhdHVyZWQtYmxvZ3VlLWltZyUyMCU3QmJhY2tncm91bmQtc2l6ZSUzQWNvbnRhaW4lMjAlMjFpbXBvcnRhbnQlM0IlN0QlMEElM0MlMkZzdHlsZSUzRQ==[\/vc_raw_html][\/vc_column][\/vc_row][vc_row fullwidth=&#8221;true&#8221; fullwidth_content=&#8221;false&#8221; css=&#8221;.vc_custom_1660920059489{padding-top: 0px !important;}&#8221;][vc_column css=&#8221;.vc_custom_1660920437544{padding-top: 0px !important;}&#8221;][mk_padding_divider size=&#8221;100&#8243;][\/vc_column][\/vc_row]\n<\/section>","protected":false},"excerpt":{"rendered":"<p>[vc_row fullwidth=&#8221;true&#8221; el_class=&#8221;row-header&#8221; css=&#8221;.vc_custom_1662477684406{background-color: #f4f4f4 !important;}&#8221;][vc_column][vc_row_inner el_class=&#8221;header-bg-img&#8221; css=&#8221;.vc_custom_1700856974811{background-image: url(https:\/\/metrocite.devrouge.com\/wp-content\/uploads\/2023\/11\/header-metrocite-blogue-v1.jpeg?id=29773) !important;background-position: center !important;background-repeat: no-repeat !important;background-size: cover !important;}&#8221;][vc_column_inner][\/vc_column_inner][\/vc_row_inner][\/vc_column][\/vc_row][vc_row fullwidth=&#8221;true&#8221; fullwidth_content=&#8221;false&#8221; el_class=&#8221;trigger-title trigger-line overflow-visible&#8221;][vc_column][vc_column_text disable_pattern=&#8221;false&#8221; align=&#8221;center&#8221; css=&#8221;.vc_custom_1664975921707{margin-bottom: 0px !important;}&#8221;] Our blog [\/vc_column_text][mk_padding_divider size=&#8221;100&#8243; visibility=&#8221;hidden-sm&#8221;][\/vc_column][\/vc_row][vc_row fullwidth=&#8221;true&#8221; fullwidth_content=&#8221;false&#8221; css=&#8221;.vc_custom_1676063666811{padding-top: 0px !important;}&#8221; el_class=&#8221;trigger-line-02 overflow-visible&#8221;][vc_column css=&#8221;.vc_custom_1660920437544{padding-top: 0px !important;}&#8221;][mk_padding_divider size=&#8221;25&#8243;][vc_raw_html]PGRpdiBjbGFzcz0idmVydGljYWwtbGluZS0wMiBoaWRlLW1vYmlsZS1saW5lIiBzdHlsZT0iei1pbmRleDowOyI+PC9kaXY+[\/vc_raw_html][mk_padding_divider size=&#8221;100&#8243;][vc_column_text css=&#8221;.vc_custom_1664978595513{margin-bottom: 0px !important;}&#8221;][\/vc_column_text][mk_padding_divider size=&#8221;50&#8243;][vc_column_text css=&#8221;.vc_custom_1664980310520{margin-bottom: 0px !important;}&#8221;][\/vc_column_text][vc_raw_html]JTNDZGl2JTIwY2xhc3MlM0QlMjJ2ZXJ0aWNhbC1saW5lJTIyJTNFJTNDJTJGZGl2JTNFJTBBJTNDc3R5bGUlM0UlMEEuZmVhdHVyZWQtYmxvZ3VlLWltZyUyMCU3QmJhY2tncm91bmQtc2l6ZSUzQWNvbnRhaW4lMjAlMjFpbXBvcnRhbnQlM0IlN0QlMEElM0MlMkZzdHlsZSUzRQ==[\/vc_raw_html][\/vc_column][\/vc_row][vc_row fullwidth=&#8221;true&#8221; fullwidth_content=&#8221;false&#8221; css=&#8221;.vc_custom_1660920059489{padding-top: 0px !important;}&#8221;][vc_column [&hellip;]<\/p>\n","protected":false},"author":1,"featured_media":0,"parent":0,"menu_order":0,"comment_status":"closed","ping_status":"closed","template":"","meta":{"_acf_changed":false,"footnotes":""},"class_list":["post-997","page","type-page","status-publish","hentry"],"acf":[],"yoast_head":"<!-- This site is optimized with the Yoast SEO plugin v27.3 - https:\/\/yoast.com\/product\/yoast-seo-wordpress\/ -->\n<title>Our experts give you all their tips to fully enjoy your unit.<\/title>\n<meta name=\"description\" content=\"Should you buy or rent your new condo? Read our blog to learn more about your options.\" \/>\n<meta name=\"robots\" content=\"noindex, follow, max-snippet:-1, max-image-preview:large, max-video-preview:-1\" \/>\n<meta property=\"og:locale\" content=\"en_US\" \/>\n<meta property=\"og:type\" content=\"article\" \/>\n<meta property=\"og:title\" content=\"Our experts give you all their tips to fully enjoy your unit.\" \/>\n<meta property=\"og:description\" content=\"Should you buy or rent your new condo? Read our blog to learn more about your options.\" \/>\n<meta property=\"og:url\" content=\"https:\/\/metrocite.devrouge.com\/en\/on-our-blog\/\" \/>\n<meta property=\"og:site_name\" content=\"M\u00e9trocit\u00e9\" \/>\n<meta property=\"article:publisher\" content=\"https:\/\/www.facebook.com\/GroupeMetrocite?fref=ts\" \/>\n<meta property=\"article:modified_time\" content=\"2024-11-19T19:43:09+00:00\" \/>\n<meta property=\"og:image\" content=\"https:\/\/metrocite.devrouge.com\/wp-content\/uploads\/2022\/09\/logo-metrocite.jpg\" \/>\n\t<meta property=\"og:image:width\" content=\"279\" \/>\n\t<meta property=\"og:image:height\" content=\"255\" \/>\n\t<meta property=\"og:image:type\" content=\"image\/jpeg\" \/>\n<meta name=\"twitter:card\" content=\"summary_large_image\" \/>\n<meta name=\"twitter:label1\" content=\"Est. reading time\" \/>\n\t<meta name=\"twitter:data1\" content=\"1 minute\" \/>\n<script type=\"application\/ld+json\" class=\"yoast-schema-graph\">{\"@context\":\"https:\\\/\\\/schema.org\",\"@graph\":[{\"@type\":\"WebPage\",\"@id\":\"https:\\\/\\\/metrocite.devrouge.com\\\/en\\\/on-our-blog\\\/\",\"url\":\"https:\\\/\\\/metrocite.devrouge.com\\\/en\\\/on-our-blog\\\/\",\"name\":\"Our experts give you all their tips to fully enjoy your unit.\",\"isPartOf\":{\"@id\":\"https:\\\/\\\/metrocite.devrouge.com\\\/#website\"},\"datePublished\":\"2022-10-05T14:37:08+00:00\",\"dateModified\":\"2024-11-19T19:43:09+00:00\",\"description\":\"Should you buy or rent your new condo? Read our blog to learn more about your options.\",\"breadcrumb\":{\"@id\":\"https:\\\/\\\/metrocite.devrouge.com\\\/en\\\/on-our-blog\\\/#breadcrumb\"},\"inLanguage\":\"en-US\",\"potentialAction\":[{\"@type\":\"ReadAction\",\"target\":[\"https:\\\/\\\/metrocite.devrouge.com\\\/en\\\/on-our-blog\\\/\"]}]},{\"@type\":\"BreadcrumbList\",\"@id\":\"https:\\\/\\\/metrocite.devrouge.com\\\/en\\\/on-our-blog\\\/#breadcrumb\",\"itemListElement\":[{\"@type\":\"ListItem\",\"position\":1,\"name\":\"Accueil\",\"item\":\"https:\\\/\\\/metrocite.devrouge.com\\\/en\\\/home\\\/\"},{\"@type\":\"ListItem\",\"position\":2,\"name\":\"On our blog\"}]},{\"@type\":\"WebSite\",\"@id\":\"https:\\\/\\\/metrocite.devrouge.com\\\/#website\",\"url\":\"https:\\\/\\\/metrocite.devrouge.com\\\/\",\"name\":\"M\u00e9trocit\u00e9\",\"description\":\"Condos \u00e0 vendre Dollard-des-Ormeaux et Condos \u00e0 louer laval\",\"potentialAction\":[{\"@type\":\"SearchAction\",\"target\":{\"@type\":\"EntryPoint\",\"urlTemplate\":\"https:\\\/\\\/metrocite.devrouge.com\\\/?s={search_term_string}\"},\"query-input\":{\"@type\":\"PropertyValueSpecification\",\"valueRequired\":true,\"valueName\":\"search_term_string\"}}],\"inLanguage\":\"en-US\"}]}<\/script>\n<!-- \/ Yoast SEO plugin. -->","yoast_head_json":{"title":"Our experts give you all their tips to fully enjoy your unit.","description":"Should you buy or rent your new condo? Read our blog to learn more about your options.","robots":{"index":"noindex","follow":"follow","max-snippet":"max-snippet:-1","max-image-preview":"max-image-preview:large","max-video-preview":"max-video-preview:-1"},"og_locale":"en_US","og_type":"article","og_title":"Our experts give you all their tips to fully enjoy your unit.","og_description":"Should you buy or rent your new condo? Read our blog to learn more about your options.","og_url":"https:\/\/metrocite.devrouge.com\/en\/on-our-blog\/","og_site_name":"M\u00e9trocit\u00e9","article_publisher":"https:\/\/www.facebook.com\/GroupeMetrocite?fref=ts","article_modified_time":"2024-11-19T19:43:09+00:00","og_image":[{"width":279,"height":255,"url":"https:\/\/metrocite.devrouge.com\/wp-content\/uploads\/2022\/09\/logo-metrocite.jpg","type":"image\/jpeg"}],"twitter_card":"summary_large_image","twitter_misc":{"Est. reading time":"1 minute"},"schema":{"@context":"https:\/\/schema.org","@graph":[{"@type":"WebPage","@id":"https:\/\/metrocite.devrouge.com\/en\/on-our-blog\/","url":"https:\/\/metrocite.devrouge.com\/en\/on-our-blog\/","name":"Our experts give you all their tips to fully enjoy your unit.","isPartOf":{"@id":"https:\/\/metrocite.devrouge.com\/#website"},"datePublished":"2022-10-05T14:37:08+00:00","dateModified":"2024-11-19T19:43:09+00:00","description":"Should you buy or rent your new condo? Read our blog to learn more about your options.","breadcrumb":{"@id":"https:\/\/metrocite.devrouge.com\/en\/on-our-blog\/#breadcrumb"},"inLanguage":"en-US","potentialAction":[{"@type":"ReadAction","target":["https:\/\/metrocite.devrouge.com\/en\/on-our-blog\/"]}]},{"@type":"BreadcrumbList","@id":"https:\/\/metrocite.devrouge.com\/en\/on-our-blog\/#breadcrumb","itemListElement":[{"@type":"ListItem","position":1,"name":"Accueil","item":"https:\/\/metrocite.devrouge.com\/en\/home\/"},{"@type":"ListItem","position":2,"name":"On our blog"}]},{"@type":"WebSite","@id":"https:\/\/metrocite.devrouge.com\/#website","url":"https:\/\/metrocite.devrouge.com\/","name":"M\u00e9trocit\u00e9","description":"Condos \u00e0 vendre Dollard-des-Ormeaux et Condos \u00e0 louer laval","potentialAction":[{"@type":"SearchAction","target":{"@type":"EntryPoint","urlTemplate":"https:\/\/metrocite.devrouge.com\/?s={search_term_string}"},"query-input":{"@type":"PropertyValueSpecification","valueRequired":true,"valueName":"search_term_string"}}],"inLanguage":"en-US"}]}},"_links":{"self":[{"href":"https:\/\/metrocite.devrouge.com\/en\/wp-json\/wp\/v2\/pages\/997","targetHints":{"allow":["GET"]}}],"collection":[{"href":"https:\/\/metrocite.devrouge.com\/en\/wp-json\/wp\/v2\/pages"}],"about":[{"href":"https:\/\/metrocite.devrouge.com\/en\/wp-json\/wp\/v2\/types\/page"}],"author":[{"embeddable":true,"href":"https:\/\/metrocite.devrouge.com\/en\/wp-json\/wp\/v2\/users\/1"}],"replies":[{"embeddable":true,"href":"https:\/\/metrocite.devrouge.com\/en\/wp-json\/wp\/v2\/comments?post=997"}],"version-history":[{"count":5,"href":"https:\/\/metrocite.devrouge.com\/en\/wp-json\/wp\/v2\/pages\/997\/revisions"}],"predecessor-version":[{"id":30547,"href":"https:\/\/metrocite.devrouge.com\/en\/wp-json\/wp\/v2\/pages\/997\/revisions\/30547"}],"wp:attachment":[{"href":"https:\/\/metrocite.devrouge.com\/en\/wp-json\/wp\/v2\/media?parent=997"}],"curies":[{"name":"wp","href":"https:\/\/api.w.org\/{rel}","templated":true}]}}