{"id":994,"date":"2022-08-31T19:30:21","date_gmt":"2022-08-31T19:30:21","guid":{"rendered":"https:\/\/metrocite.devrouge.com\/request-information\/"},"modified":"2024-09-24T13:42:56","modified_gmt":"2024-09-24T13:42:56","slug":"request-information","status":"publish","type":"page","link":"https:\/\/metrocite.devrouge.com\/en\/request-information\/","title":{"rendered":"Request information"},"content":{"rendered":"<section class=\"wpb-content-wrapper\">[vc_row fullwidth=&#8221;true&#8221; disable_element=&#8221;yes&#8221;][vc_column][vc_row_inner][vc_column_inner][mk_image_slideshow images=&#8221;104,105,106,107,108&#8243; image_width=&#8221;1720&#8243; image_height=&#8221;845&#8243; pause_on_hover=&#8221;true&#8221; smooth_height=&#8221;false&#8221; el_class=&#8221;slider-header-accueil&#8221;][\/vc_column_inner][\/vc_row_inner][\/vc_column][\/vc_row][vc_row fullwidth=&#8221;true&#8221; disable_element=&#8221;yes&#8221; el_class=&#8221;row-header&#8221; css=&#8221;.vc_custom_1676404139019{background-color: #f4f4f4 !important;}&#8221;][vc_column][vc_row_inner][vc_column_inner][vc_single_image image=&#8221;210&#8243; img_size=&#8221;full&#8221; alignment=&#8221;center&#8221;][\/vc_column_inner][\/vc_row_inner][\/vc_column][\/vc_row][vc_row fullwidth=&#8221;true&#8221; fullwidth_content=&#8221;false&#8221; css=&#8221;.vc_custom_1676394558736{background-color: #f4f4f4 !important;}&#8221;][vc_column][vc_row_inner is_fullwidth_content=&#8221;false&#8221;][vc_column_inner][mk_padding_divider size=&#8221;75&#8243;][vc_column_text disable_pattern=&#8221;false&#8221; align=&#8221;center&#8221; css=&#8221;.vc_custom_1676394553599{margin-bottom: 0px !important;}&#8221;]\n<div class=\"vertical-line-03\"><\/div>\n<h1 class=\" title\">Request<br \/>\ninformation<\/h1>\n[\/vc_column_text][\/vc_column_inner][\/vc_row_inner][\/vc_column][\/vc_row][vc_row fullwidth=&#8221;true&#8221; css=&#8221;.vc_custom_1695052908547{background-color: #f4f4f4 !important;}&#8221;][vc_column][vc_row_inner is_fullwidth_content=&#8221;false&#8221; el_id=&#8221;form&#8221;][vc_column_inner][mk_padding_divider size=&#8221;20&#8243;]\n<div class=\"wpcf7 no-js\" id=\"wpcf7-f1022-o1\" lang=\"fr-CA\" dir=\"ltr\" data-wpcf7-id=\"1022\">\n<div class=\"screen-reader-response\"><p role=\"status\" aria-live=\"polite\" aria-atomic=\"true\"><\/p> <ul><\/ul><\/div>\n<form action=\"\/en\/wp-json\/wp\/v2\/pages\/994#wpcf7-f1022-o1\" method=\"post\" class=\"wpcf7-form init\" aria-label=\"Contact form\" novalidate=\"novalidate\" data-status=\"init\">\n<fieldset class=\"hidden-fields-container\"><input type=\"hidden\" name=\"_wpcf7\" value=\"1022\" \/><input type=\"hidden\" name=\"_wpcf7_version\" value=\"6.1.5\" \/><input type=\"hidden\" name=\"_wpcf7_locale\" value=\"fr_CA\" \/><input type=\"hidden\" name=\"_wpcf7_unit_tag\" value=\"wpcf7-f1022-o1\" \/><input type=\"hidden\" name=\"_wpcf7_container_post\" value=\"0\" \/><input type=\"hidden\" name=\"_wpcf7_posted_data_hash\" value=\"\" \/><input type=\"hidden\" name=\"_wpcf7_recaptcha_response\" value=\"\" \/>\n<\/fieldset>\n<div id=\"form-info\" class=\"form-width form-orange\">\n\t<div class=\"form-row\">\n\t\t<div class=\"form-col\">\n\t\t\t<p><span class=\"wpcf7-form-control-wrap\" data-name=\"prenom\"><input size=\"40\" maxlength=\"400\" class=\"wpcf7-form-control wpcf7-text wpcf7-validates-as-required\" aria-required=\"true\" aria-invalid=\"false\" placeholder=\"First name*\" value=\"\" type=\"text\" name=\"prenom\" \/><\/span><span class=\"border\"><\/span>\n\t\t\t<\/p>\n\t\t<\/div>\n\t\t<div class=\"form-col\">\n\t\t\t<p><span class=\"wpcf7-form-control-wrap\" data-name=\"nom\"><input size=\"40\" maxlength=\"400\" class=\"wpcf7-form-control wpcf7-text wpcf7-validates-as-required\" aria-required=\"true\" aria-invalid=\"false\" placeholder=\"Last name*\" value=\"\" type=\"text\" name=\"nom\" \/><\/span><span class=\"border\"><\/span>\n\t\t\t<\/p>\n\t\t<\/div>\n\t<\/div>\n\t<div class=\"form-row\">\n\t\t<div class=\"form-col\">\n\t\t\t<p><span class=\"wpcf7-form-control-wrap\" data-name=\"courriel\"><input size=\"40\" maxlength=\"400\" class=\"wpcf7-form-control wpcf7-email wpcf7-validates-as-required wpcf7-text wpcf7-validates-as-email\" aria-required=\"true\" aria-invalid=\"false\" placeholder=\"Email*\" value=\"\" type=\"email\" name=\"courriel\" \/><\/span>\n\t\t\t<\/p>\n\t\t<\/div>\n\t\t<div class=\"form-col\">\n\t\t\t<p><span class=\"wpcf7-form-control-wrap\" data-name=\"telephone\"><input size=\"40\" maxlength=\"400\" class=\"wpcf7-form-control wpcf7-text\" aria-invalid=\"false\" placeholder=\"Phone number\" value=\"\" type=\"text\" name=\"telephone\" \/><\/span>\n\t\t\t<\/p>\n\t\t<\/div>\n\t<\/div>\n\t<div class=\"form-row\">\n\t\t<div class=\"form-col\">\n\t\t\t<p><span class=\"wpcf7-form-control-wrap\" data-name=\"commentaire\"><textarea cols=\"40\" rows=\"10\" maxlength=\"2000\" class=\"wpcf7-form-control wpcf7-textarea\" aria-invalid=\"false\" placeholder=\"Comments or questions\" name=\"commentaire\"><\/textarea><\/span>\n\t\t\t<\/p>\n\t\t<\/div>\n\t<\/div>\n\t<div class=\"form-row\">\n\t\t<div class=\"form-col center\">\n\t\t\t<p><input class=\"wpcf7-form-control wpcf7-submit has-spinner btn btn-orange\" type=\"submit\" value=\"SEND\" \/>\n\t\t\t<\/p>\n\t\t<\/div>\n\t<\/div>\n<\/div><div class=\"wpcf7-response-output\" aria-hidden=\"true\"><\/div>\n<\/form>\n<\/div>\n[mk_padding_divider size=&#8221;150&#8243;][\/vc_column_inner][\/vc_row_inner][\/vc_column][\/vc_row]\n<\/section>","protected":false},"excerpt":{"rendered":"<p>[vc_row fullwidth=&#8221;true&#8221; disable_element=&#8221;yes&#8221;][vc_column][vc_row_inner][vc_column_inner][mk_image_slideshow images=&#8221;104,105,106,107,108&#8243; image_width=&#8221;1720&#8243; image_height=&#8221;845&#8243; pause_on_hover=&#8221;true&#8221; smooth_height=&#8221;false&#8221; el_class=&#8221;slider-header-accueil&#8221;][\/vc_column_inner][\/vc_row_inner][\/vc_column][\/vc_row][vc_row fullwidth=&#8221;true&#8221; disable_element=&#8221;yes&#8221; el_class=&#8221;row-header&#8221; css=&#8221;.vc_custom_1676404139019{background-color: #f4f4f4 !important;}&#8221;][vc_column][vc_row_inner][vc_column_inner][vc_single_image image=&#8221;210&#8243; img_size=&#8221;full&#8221; alignment=&#8221;center&#8221;][\/vc_column_inner][\/vc_row_inner][\/vc_column][\/vc_row][vc_row fullwidth=&#8221;true&#8221; fullwidth_content=&#8221;false&#8221; css=&#8221;.vc_custom_1676394558736{background-color: #f4f4f4 !important;}&#8221;][vc_column][vc_row_inner is_fullwidth_content=&#8221;false&#8221;][vc_column_inner][mk_padding_divider size=&#8221;75&#8243;][vc_column_text disable_pattern=&#8221;false&#8221; align=&#8221;center&#8221; css=&#8221;.vc_custom_1676394553599{margin-bottom: 0px !important;}&#8221;] Request information [\/vc_column_text][\/vc_column_inner][\/vc_row_inner][\/vc_column][\/vc_row][vc_row fullwidth=&#8221;true&#8221; css=&#8221;.vc_custom_1695052908547{background-color: #f4f4f4 !important;}&#8221;][vc_column][vc_row_inner is_fullwidth_content=&#8221;false&#8221; el_id=&#8221;form&#8221;][vc_column_inner][mk_padding_divider size=&#8221;20&#8243;][mk_padding_divider size=&#8221;150&#8243;][\/vc_column_inner][\/vc_row_inner][\/vc_column][\/vc_row]<\/p>\n","protected":false},"author":1,"featured_media":0,"parent":0,"menu_order":0,"comment_status":"closed","ping_status":"closed","template":"","meta":{"_acf_changed":false,"footnotes":""},"class_list":["post-994","page","type-page","status-publish","hentry"],"acf":[],"yoast_head":"<!-- This site is optimized with the Yoast SEO plugin v27.3 - https:\/\/yoast.com\/product\/yoast-seo-wordpress\/ -->\n<title>Get more information about our condos and apartments in DDO and Laval.<\/title>\n<meta name=\"description\" content=\"Visit a unit or meet a M\u00e9trocit\u00e9 representative to learn more about what could become your future address.\" \/>\n<meta name=\"robots\" content=\"noindex, follow, max-snippet:-1, max-image-preview:large, max-video-preview:-1\" \/>\n<meta property=\"og:locale\" content=\"en_US\" \/>\n<meta property=\"og:type\" content=\"article\" \/>\n<meta property=\"og:title\" content=\"Get more information about our condos and apartments in DDO and Laval.\" \/>\n<meta property=\"og:description\" content=\"Visit a unit or meet a M\u00e9trocit\u00e9 representative to learn more about what could become your future address.\" \/>\n<meta property=\"og:url\" content=\"https:\/\/metrocite.devrouge.com\/en\/request-information\/\" \/>\n<meta property=\"og:site_name\" content=\"M\u00e9trocit\u00e9\" \/>\n<meta property=\"article:publisher\" content=\"https:\/\/www.facebook.com\/GroupeMetrocite?fref=ts\" \/>\n<meta property=\"article:modified_time\" content=\"2024-09-24T13:42:56+00:00\" \/>\n<meta property=\"og:image\" content=\"https:\/\/metrocite.devrouge.com\/wp-content\/uploads\/2022\/09\/logo-metrocite.jpg\" \/>\n\t<meta property=\"og:image:width\" content=\"279\" \/>\n\t<meta property=\"og:image:height\" content=\"255\" \/>\n\t<meta property=\"og:image:type\" content=\"image\/jpeg\" \/>\n<meta name=\"twitter:card\" content=\"summary_large_image\" \/>\n<meta name=\"twitter:label1\" content=\"Est. reading time\" \/>\n\t<meta name=\"twitter:data1\" content=\"1 minute\" \/>\n<script type=\"application\/ld+json\" class=\"yoast-schema-graph\">{\"@context\":\"https:\\\/\\\/schema.org\",\"@graph\":[{\"@type\":\"WebPage\",\"@id\":\"https:\\\/\\\/metrocite.devrouge.com\\\/en\\\/request-information\\\/\",\"url\":\"https:\\\/\\\/metrocite.devrouge.com\\\/en\\\/request-information\\\/\",\"name\":\"Get more information about our condos and apartments in DDO and Laval.\",\"isPartOf\":{\"@id\":\"https:\\\/\\\/metrocite.devrouge.com\\\/#website\"},\"datePublished\":\"2022-08-31T19:30:21+00:00\",\"dateModified\":\"2024-09-24T13:42:56+00:00\",\"description\":\"Visit a unit or meet a M\u00e9trocit\u00e9 representative to learn more about what could become your future address.\",\"breadcrumb\":{\"@id\":\"https:\\\/\\\/metrocite.devrouge.com\\\/en\\\/request-information\\\/#breadcrumb\"},\"inLanguage\":\"en-US\",\"potentialAction\":[{\"@type\":\"ReadAction\",\"target\":[\"https:\\\/\\\/metrocite.devrouge.com\\\/en\\\/request-information\\\/\"]}]},{\"@type\":\"BreadcrumbList\",\"@id\":\"https:\\\/\\\/metrocite.devrouge.com\\\/en\\\/request-information\\\/#breadcrumb\",\"itemListElement\":[{\"@type\":\"ListItem\",\"position\":1,\"name\":\"Accueil\",\"item\":\"https:\\\/\\\/metrocite.devrouge.com\\\/en\\\/home\\\/\"},{\"@type\":\"ListItem\",\"position\":2,\"name\":\"Request information\"}]},{\"@type\":\"WebSite\",\"@id\":\"https:\\\/\\\/metrocite.devrouge.com\\\/#website\",\"url\":\"https:\\\/\\\/metrocite.devrouge.com\\\/\",\"name\":\"M\u00e9trocit\u00e9\",\"description\":\"Condos \u00e0 vendre Dollard-des-Ormeaux et Condos \u00e0 louer laval\",\"potentialAction\":[{\"@type\":\"SearchAction\",\"target\":{\"@type\":\"EntryPoint\",\"urlTemplate\":\"https:\\\/\\\/metrocite.devrouge.com\\\/?s={search_term_string}\"},\"query-input\":{\"@type\":\"PropertyValueSpecification\",\"valueRequired\":true,\"valueName\":\"search_term_string\"}}],\"inLanguage\":\"en-US\"}]}<\/script>\n<!-- \/ Yoast SEO plugin. -->","yoast_head_json":{"title":"Get more information about our condos and apartments in DDO and Laval.","description":"Visit a unit or meet a M\u00e9trocit\u00e9 representative to learn more about what could become your future address.","robots":{"index":"noindex","follow":"follow","max-snippet":"max-snippet:-1","max-image-preview":"max-image-preview:large","max-video-preview":"max-video-preview:-1"},"og_locale":"en_US","og_type":"article","og_title":"Get more information about our condos and apartments in DDO and Laval.","og_description":"Visit a unit or meet a M\u00e9trocit\u00e9 representative to learn more about what could become your future address.","og_url":"https:\/\/metrocite.devrouge.com\/en\/request-information\/","og_site_name":"M\u00e9trocit\u00e9","article_publisher":"https:\/\/www.facebook.com\/GroupeMetrocite?fref=ts","article_modified_time":"2024-09-24T13:42:56+00:00","og_image":[{"width":279,"height":255,"url":"https:\/\/metrocite.devrouge.com\/wp-content\/uploads\/2022\/09\/logo-metrocite.jpg","type":"image\/jpeg"}],"twitter_card":"summary_large_image","twitter_misc":{"Est. reading time":"1 minute"},"schema":{"@context":"https:\/\/schema.org","@graph":[{"@type":"WebPage","@id":"https:\/\/metrocite.devrouge.com\/en\/request-information\/","url":"https:\/\/metrocite.devrouge.com\/en\/request-information\/","name":"Get more information about our condos and apartments in DDO and Laval.","isPartOf":{"@id":"https:\/\/metrocite.devrouge.com\/#website"},"datePublished":"2022-08-31T19:30:21+00:00","dateModified":"2024-09-24T13:42:56+00:00","description":"Visit a unit or meet a M\u00e9trocit\u00e9 representative to learn more about what could become your future address.","breadcrumb":{"@id":"https:\/\/metrocite.devrouge.com\/en\/request-information\/#breadcrumb"},"inLanguage":"en-US","potentialAction":[{"@type":"ReadAction","target":["https:\/\/metrocite.devrouge.com\/en\/request-information\/"]}]},{"@type":"BreadcrumbList","@id":"https:\/\/metrocite.devrouge.com\/en\/request-information\/#breadcrumb","itemListElement":[{"@type":"ListItem","position":1,"name":"Accueil","item":"https:\/\/metrocite.devrouge.com\/en\/home\/"},{"@type":"ListItem","position":2,"name":"Request information"}]},{"@type":"WebSite","@id":"https:\/\/metrocite.devrouge.com\/#website","url":"https:\/\/metrocite.devrouge.com\/","name":"M\u00e9trocit\u00e9","description":"Condos \u00e0 vendre Dollard-des-Ormeaux et Condos \u00e0 louer laval","potentialAction":[{"@type":"SearchAction","target":{"@type":"EntryPoint","urlTemplate":"https:\/\/metrocite.devrouge.com\/?s={search_term_string}"},"query-input":{"@type":"PropertyValueSpecification","valueRequired":true,"valueName":"search_term_string"}}],"inLanguage":"en-US"}]}},"_links":{"self":[{"href":"https:\/\/metrocite.devrouge.com\/en\/wp-json\/wp\/v2\/pages\/994","targetHints":{"allow":["GET"]}}],"collection":[{"href":"https:\/\/metrocite.devrouge.com\/en\/wp-json\/wp\/v2\/pages"}],"about":[{"href":"https:\/\/metrocite.devrouge.com\/en\/wp-json\/wp\/v2\/types\/page"}],"author":[{"embeddable":true,"href":"https:\/\/metrocite.devrouge.com\/en\/wp-json\/wp\/v2\/users\/1"}],"replies":[{"embeddable":true,"href":"https:\/\/metrocite.devrouge.com\/en\/wp-json\/wp\/v2\/comments?post=994"}],"version-history":[{"count":5,"href":"https:\/\/metrocite.devrouge.com\/en\/wp-json\/wp\/v2\/pages\/994\/revisions"}],"predecessor-version":[{"id":28712,"href":"https:\/\/metrocite.devrouge.com\/en\/wp-json\/wp\/v2\/pages\/994\/revisions\/28712"}],"wp:attachment":[{"href":"https:\/\/metrocite.devrouge.com\/en\/wp-json\/wp\/v2\/media?parent=994"}],"curies":[{"name":"wp","href":"https:\/\/api.w.org\/{rel}","templated":true}]}}