{"id":988,"date":"2022-08-30T19:45:35","date_gmt":"2022-08-30T19:45:35","guid":{"rendered":"https:\/\/metrocite.devrouge.com\/after-rental-service\/"},"modified":"2023-11-24T22:05:52","modified_gmt":"2023-11-24T22:05:52","slug":"after-rental-service","status":"publish","type":"page","link":"https:\/\/metrocite.devrouge.com\/en\/after-rental-service\/","title":{"rendered":"After-rental service"},"content":{"rendered":"<section class=\"wpb-content-wrapper\">[vc_row fullwidth=&#8221;true&#8221; el_class=&#8221;row-header&#8221; css=&#8221;.vc_custom_1662477684406{background-color: #f4f4f4 !important;}&#8221;][vc_column][vc_row_inner el_class=&#8221;header-bg-img&#8221; css=&#8221;.vc_custom_1700857204148{background-image: url(https:\/\/metrocite.devrouge.com\/wp-content\/uploads\/2023\/11\/header-service-apres-location-v1.jpg?id=28841) !important;background-position: center !important;background-repeat: no-repeat !important;background-size: cover !important;}&#8221;][vc_column_inner][\/vc_column_inner][\/vc_row_inner][\/vc_column][\/vc_row][vc_row fullwidth=&#8221;true&#8221; fullwidth_content=&#8221;false&#8221; el_class=&#8221;trigger-title trigger-line&#8221; css=&#8221;.vc_custom_1661886020881{background-color: #f4f4f4 !important;}&#8221;][vc_column][vc_row_inner is_fullwidth_content=&#8221;false&#8221;][vc_column_inner][vc_column_text disable_pattern=&#8221;false&#8221; align=&#8221;center&#8221; css=&#8221;.vc_custom_1661971885186{margin-bottom: 0px !important;}&#8221;]\n<div class=\"vertical-line\"><\/div>\n<h1 class=\" title\">After-rental service<\/h1>\n[\/vc_column_text][mk_padding_divider size=&#8221;30&#8243; visibility=&#8221;visible-sm&#8221;][mk_padding_divider size=&#8221;50&#8243; visibility=&#8221;hidden-sm&#8221;][vc_column_text disable_pattern=&#8221;false&#8221; align=&#8221;center&#8221; animation=&#8221;fade-in&#8221; el_class=&#8221;contenu-padding&#8221; css=&#8221;.vc_custom_1670341662773{margin-bottom: 0px !important;}&#8221;]With a rental condo, you\u2019ll enjoy peace of mind thanks to a carefully maintained building and a dedicated team at your disposal. If you have any questions or requests, please contact our rental office.[\/vc_column_text][mk_padding_divider size=&#8221;100&#8243; visibility=&#8221;hidden-sm&#8221;][\/vc_column_inner][\/vc_row_inner][\/vc_column][\/vc_row][vc_row fullwidth=&#8221;true&#8221; css=&#8221;.vc_custom_1661971515625{background-color: #f4f4f4 !important;}&#8221;][vc_column][vc_row_inner is_fullwidth_content=&#8221;false&#8221; el_class=&#8221;row-padding row-align-center&#8221;][vc_column_inner width=&#8221;1\/3&#8243;][vc_column_text disable_pattern=&#8221;false&#8221; align=&#8221;center&#8221; animation=&#8221;fade-in&#8221; css=&#8221;.vc_custom_1676060925755{margin-bottom: 0px !important;}&#8221;]\n<p><strong class=\"orange\" style=\"font-size: 24px; line-height: 30px;\">Service department<br \/>\n<\/strong><br \/>\n<strong class=\"add-margin-mobile\">Phone number:<\/strong> <a class=\"hover-underline\" style=\"color: #464646;\" href=\"tel:450-934-9501\">450 934-9501 (ext. 229)<\/a><br \/>\n<strong class=\"add-margin-mobile\">Urgences:<\/strong> <a class=\"hover-underline\" style=\"color: #464646;\" href=\"tel:450-934-9501\">450 934-9501 (option 5)<\/a><\/p>\n[\/vc_column_text][mk_padding_divider size=&#8221;20&#8243; visibility=&#8221;visible-sm&#8221;][\/vc_column_inner][vc_column_inner width=&#8221;1\/3&#8243;][mk_button dimension=&#8221;flat&#8221; size=&#8221;large&#8221; url=&#8221;\/wp-content\/uploads\/2022\/08\/metrocite-service-apres-location-fr.pdf&#8221; target=&#8221;_blank&#8221; align=&#8221;center&#8221; margin_bottom=&#8221;0&#8243; margin_right=&#8221;0&#8243; animation=&#8221;fade-in&#8221; el_class=&#8221;btn btn-small center-mobile&#8221;]After-rental service form[\/mk_button][\/vc_column_inner][vc_column_inner width=&#8221;1\/3&#8243;][mk_button dimension=&#8221;flat&#8221; size=&#8221;large&#8221; url=&#8221;https:\/\/auth-metrociteresidents.buildinglink.com\/Account\/Login?ReturnUrl=%2Fconnect%2Fauthorize%2Fcallback%3Fclient_id%3Dbl-web%26response_mode%3Dform_post%26response_type%3Dcode%2520id_token%26scope%3Dopenid%2520profile%2520groups%2520buildinglink%2520offline_access%26state%3DOpenIdConnect.AuthenticationProperties%253D6cCn4Iejiv0gPotX-JzyOy-ZzVrWnEHnokUqzTptk246p1UeFfKt0wXuY5WUtjaRrP2Fdy5vtfz0GWcU27Tg4o6jQfCTAEIhxBmwY88SZaxRcDMKOUjaUSHFF3jQjBkOcYANkrtCAFYiNCf2Chnrjmi3zWd5k1YRiwIAjEwNxvU%26nonce%3D637469494438578779.MGM0N2U1Y2ItOTFiZi00OWY1LTgxZTQtOTNhY2ZiOTZmMDUxZGQxMGRjNDEtNDUyNS00ZTUzLTlkZjQtMDY5MmMzMzI4MDgw%26returnUrl%3Dhttps%253A%252F%252Fmetrociteresidents.buildinglink.com%252Fv2%252F%26redirect_uri%3Dhttps%253A%252F%252Fmetrociteresidents.buildinglink.com%252Fv2%252Foidc-callback%26x-client-SKU%3DID_NET461%26x-client-ver%3D5.4.0.0&#8243; target=&#8221;_blank&#8221; align=&#8221;center&#8221; fullwidth=&#8221;true&#8221; margin_bottom=&#8221;0&#8243; margin_right=&#8221;0&#8243; animation=&#8221;fade-in&#8221; el_class=&#8221;btn center-mobile btn-portail btn-small-txt&#8221;]Log on to your resident<br \/>\nwebsite\/Building Link[\/mk_button][\/vc_column_inner][\/vc_row_inner][mk_padding_divider size=&#8221;50&#8243; visibility=&#8221;visible-sm&#8221;][mk_padding_divider size=&#8221;100&#8243; visibility=&#8221;hidden-sm&#8221;][\/vc_column][\/vc_row][vc_row][vc_column][mk_padding_divider size=&#8221;50&#8243; visibility=&#8221;visible-sm&#8221;][mk_padding_divider size=&#8221;100&#8243; visibility=&#8221;hidden-sm&#8221;][vc_column_text disable_pattern=&#8221;false&#8221; align=&#8221;center&#8221; css=&#8221;.vc_custom_1661971940898{margin-bottom: 0px !important;}&#8221;]\n<h3>Useful tools to fully enjoy your unit<\/h3>\n[\/vc_column_text][mk_padding_divider size=&#8221;30&#8243; visibility=&#8221;visible-sm&#8221;][mk_padding_divider size=&#8221;50&#8243; visibility=&#8221;hidden-sm&#8221;][vc_row_inner][vc_column_inner width=&#8221;1\/2&#8243;][vc_column_text disable_pattern=&#8221;false&#8221; align=&#8221;center&#8221; css=&#8221;.vc_custom_1661891881490{margin-bottom: 0px !important;}&#8221;]<strong class=\"orange\">Air exchange system maintenance<\/strong>[\/vc_column_text][vc_video link=&#8221;https:\/\/www.youtube.com\/watch?v=r-rgytDnY5o&#8221;][\/vc_column_inner][vc_column_inner width=&#8221;1\/2&#8243;][vc_column_text disable_pattern=&#8221;false&#8221; align=&#8221;center&#8221; css=&#8221;.vc_custom_1670341689523{margin-bottom: 0px !important;}&#8221;]<strong class=\"orange\">Wall air conditioner maintenance<\/strong>[\/vc_column_text][vc_video link=&#8221;https:\/\/www.youtube.com\/watch?v=Qm9qT2EqdG4&#8243;][\/vc_column_inner][\/vc_row_inner][\/vc_column][\/vc_row][vc_row fullwidth=&#8221;true&#8221;][vc_column][mk_padding_divider size=&#8221;100&#8243;][\/vc_column][\/vc_row]\n<\/section>","protected":false},"excerpt":{"rendered":"<p>[vc_row fullwidth=&#8221;true&#8221; el_class=&#8221;row-header&#8221; css=&#8221;.vc_custom_1662477684406{background-color: #f4f4f4 !important;}&#8221;][vc_column][vc_row_inner el_class=&#8221;header-bg-img&#8221; css=&#8221;.vc_custom_1700857204148{background-image: url(https:\/\/metrocite.devrouge.com\/wp-content\/uploads\/2023\/11\/header-service-apres-location-v1.jpg?id=28841) !important;background-position: center !important;background-repeat: no-repeat !important;background-size: cover !important;}&#8221;][vc_column_inner][\/vc_column_inner][\/vc_row_inner][\/vc_column][\/vc_row][vc_row fullwidth=&#8221;true&#8221; fullwidth_content=&#8221;false&#8221; el_class=&#8221;trigger-title trigger-line&#8221; css=&#8221;.vc_custom_1661886020881{background-color: #f4f4f4 !important;}&#8221;][vc_column][vc_row_inner is_fullwidth_content=&#8221;false&#8221;][vc_column_inner][vc_column_text disable_pattern=&#8221;false&#8221; align=&#8221;center&#8221; css=&#8221;.vc_custom_1661971885186{margin-bottom: 0px !important;}&#8221;] After-rental service [\/vc_column_text][mk_padding_divider size=&#8221;30&#8243; visibility=&#8221;visible-sm&#8221;][mk_padding_divider size=&#8221;50&#8243; visibility=&#8221;hidden-sm&#8221;][vc_column_text disable_pattern=&#8221;false&#8221; align=&#8221;center&#8221; animation=&#8221;fade-in&#8221; el_class=&#8221;contenu-padding&#8221; css=&#8221;.vc_custom_1670341662773{margin-bottom: 0px !important;}&#8221;]With a rental condo, you\u2019ll enjoy peace of mind thanks to a carefully [&hellip;]<\/p>\n","protected":false},"author":1,"featured_media":0,"parent":0,"menu_order":0,"comment_status":"closed","ping_status":"closed","template":"","meta":{"_acf_changed":false,"footnotes":""},"class_list":["post-988","page","type-page","status-publish","hentry"],"acf":[],"yoast_head":"<!-- This site is optimized with the Yoast SEO plugin v27.3 - https:\/\/yoast.com\/product\/yoast-seo-wordpress\/ -->\n<title>Our dedicated team is always ready to assist you.<\/title>\n<meta name=\"description\" content=\"For all your needs as a tenant of one of our rental condos, contact our property management team.\" \/>\n<meta name=\"robots\" content=\"noindex, follow, max-snippet:-1, max-image-preview:large, max-video-preview:-1\" \/>\n<meta property=\"og:locale\" content=\"en_US\" \/>\n<meta property=\"og:type\" content=\"article\" \/>\n<meta property=\"og:title\" content=\"Our dedicated team is always ready to assist you.\" \/>\n<meta property=\"og:description\" content=\"For all your needs as a tenant of one of our rental condos, contact our property management team.\" \/>\n<meta property=\"og:url\" content=\"https:\/\/metrocite.devrouge.com\/service-apres-location\/\" \/>\n<meta property=\"og:site_name\" content=\"M\u00e9trocit\u00e9\" \/>\n<meta property=\"article:publisher\" content=\"https:\/\/www.facebook.com\/GroupeMetrocite?fref=ts\" \/>\n<meta property=\"article:modified_time\" content=\"2023-11-24T22:05:52+00:00\" \/>\n<meta property=\"og:image\" content=\"https:\/\/metrocite.devrouge.com\/wp-content\/uploads\/2022\/09\/logo-metrocite.jpg\" \/>\n\t<meta property=\"og:image:width\" content=\"279\" \/>\n\t<meta property=\"og:image:height\" content=\"255\" \/>\n\t<meta property=\"og:image:type\" content=\"image\/jpeg\" \/>\n<meta name=\"twitter:card\" content=\"summary_large_image\" \/>\n<meta name=\"twitter:label1\" content=\"Est. reading time\" \/>\n\t<meta name=\"twitter:data1\" content=\"1 minute\" \/>\n<script type=\"application\/ld+json\" class=\"yoast-schema-graph\">{\"@context\":\"https:\\\/\\\/schema.org\",\"@graph\":[{\"@type\":\"WebPage\",\"@id\":\"https:\\\/\\\/metrocite.devrouge.com\\\/service-apres-location\\\/\",\"url\":\"https:\\\/\\\/metrocite.devrouge.com\\\/service-apres-location\\\/\",\"name\":\"Our dedicated team is always ready to assist you.\",\"isPartOf\":{\"@id\":\"https:\\\/\\\/metrocite.devrouge.com\\\/#website\"},\"datePublished\":\"2022-08-30T19:45:35+00:00\",\"dateModified\":\"2023-11-24T22:05:52+00:00\",\"description\":\"For all your needs as a tenant of one of our rental condos, contact our property management team.\",\"breadcrumb\":{\"@id\":\"https:\\\/\\\/metrocite.devrouge.com\\\/service-apres-location\\\/#breadcrumb\"},\"inLanguage\":\"en-US\",\"potentialAction\":[{\"@type\":\"ReadAction\",\"target\":[\"https:\\\/\\\/metrocite.devrouge.com\\\/service-apres-location\\\/\"]}]},{\"@type\":\"BreadcrumbList\",\"@id\":\"https:\\\/\\\/metrocite.devrouge.com\\\/service-apres-location\\\/#breadcrumb\",\"itemListElement\":[{\"@type\":\"ListItem\",\"position\":1,\"name\":\"Accueil\",\"item\":\"https:\\\/\\\/metrocite.devrouge.com\\\/en\\\/home\\\/\"},{\"@type\":\"ListItem\",\"position\":2,\"name\":\"After-rental service\"}]},{\"@type\":\"WebSite\",\"@id\":\"https:\\\/\\\/metrocite.devrouge.com\\\/#website\",\"url\":\"https:\\\/\\\/metrocite.devrouge.com\\\/\",\"name\":\"M\u00e9trocit\u00e9\",\"description\":\"Condos \u00e0 vendre Dollard-des-Ormeaux et Condos \u00e0 louer laval\",\"potentialAction\":[{\"@type\":\"SearchAction\",\"target\":{\"@type\":\"EntryPoint\",\"urlTemplate\":\"https:\\\/\\\/metrocite.devrouge.com\\\/?s={search_term_string}\"},\"query-input\":{\"@type\":\"PropertyValueSpecification\",\"valueRequired\":true,\"valueName\":\"search_term_string\"}}],\"inLanguage\":\"en-US\"}]}<\/script>\n<!-- \/ Yoast SEO plugin. -->","yoast_head_json":{"title":"Our dedicated team is always ready to assist you.","description":"For all your needs as a tenant of one of our rental condos, contact our property management team.","robots":{"index":"noindex","follow":"follow","max-snippet":"max-snippet:-1","max-image-preview":"max-image-preview:large","max-video-preview":"max-video-preview:-1"},"og_locale":"en_US","og_type":"article","og_title":"Our dedicated team is always ready to assist you.","og_description":"For all your needs as a tenant of one of our rental condos, contact our property management team.","og_url":"https:\/\/metrocite.devrouge.com\/service-apres-location\/","og_site_name":"M\u00e9trocit\u00e9","article_publisher":"https:\/\/www.facebook.com\/GroupeMetrocite?fref=ts","article_modified_time":"2023-11-24T22:05:52+00:00","og_image":[{"width":279,"height":255,"url":"https:\/\/metrocite.devrouge.com\/wp-content\/uploads\/2022\/09\/logo-metrocite.jpg","type":"image\/jpeg"}],"twitter_card":"summary_large_image","twitter_misc":{"Est. reading time":"1 minute"},"schema":{"@context":"https:\/\/schema.org","@graph":[{"@type":"WebPage","@id":"https:\/\/metrocite.devrouge.com\/service-apres-location\/","url":"https:\/\/metrocite.devrouge.com\/service-apres-location\/","name":"Our dedicated team is always ready to assist you.","isPartOf":{"@id":"https:\/\/metrocite.devrouge.com\/#website"},"datePublished":"2022-08-30T19:45:35+00:00","dateModified":"2023-11-24T22:05:52+00:00","description":"For all your needs as a tenant of one of our rental condos, contact our property management team.","breadcrumb":{"@id":"https:\/\/metrocite.devrouge.com\/service-apres-location\/#breadcrumb"},"inLanguage":"en-US","potentialAction":[{"@type":"ReadAction","target":["https:\/\/metrocite.devrouge.com\/service-apres-location\/"]}]},{"@type":"BreadcrumbList","@id":"https:\/\/metrocite.devrouge.com\/service-apres-location\/#breadcrumb","itemListElement":[{"@type":"ListItem","position":1,"name":"Accueil","item":"https:\/\/metrocite.devrouge.com\/en\/home\/"},{"@type":"ListItem","position":2,"name":"After-rental service"}]},{"@type":"WebSite","@id":"https:\/\/metrocite.devrouge.com\/#website","url":"https:\/\/metrocite.devrouge.com\/","name":"M\u00e9trocit\u00e9","description":"Condos \u00e0 vendre Dollard-des-Ormeaux et Condos \u00e0 louer laval","potentialAction":[{"@type":"SearchAction","target":{"@type":"EntryPoint","urlTemplate":"https:\/\/metrocite.devrouge.com\/?s={search_term_string}"},"query-input":{"@type":"PropertyValueSpecification","valueRequired":true,"valueName":"search_term_string"}}],"inLanguage":"en-US"}]}},"_links":{"self":[{"href":"https:\/\/metrocite.devrouge.com\/en\/wp-json\/wp\/v2\/pages\/988","targetHints":{"allow":["GET"]}}],"collection":[{"href":"https:\/\/metrocite.devrouge.com\/en\/wp-json\/wp\/v2\/pages"}],"about":[{"href":"https:\/\/metrocite.devrouge.com\/en\/wp-json\/wp\/v2\/types\/page"}],"author":[{"embeddable":true,"href":"https:\/\/metrocite.devrouge.com\/en\/wp-json\/wp\/v2\/users\/1"}],"replies":[{"embeddable":true,"href":"https:\/\/metrocite.devrouge.com\/en\/wp-json\/wp\/v2\/comments?post=988"}],"version-history":[{"count":5,"href":"https:\/\/metrocite.devrouge.com\/en\/wp-json\/wp\/v2\/pages\/988\/revisions"}],"predecessor-version":[{"id":29877,"href":"https:\/\/metrocite.devrouge.com\/en\/wp-json\/wp\/v2\/pages\/988\/revisions\/29877"}],"wp:attachment":[{"href":"https:\/\/metrocite.devrouge.com\/en\/wp-json\/wp\/v2\/media?parent=988"}],"curies":[{"name":"wp","href":"https:\/\/api.w.org\/{rel}","templated":true}]}}