{"id":985,"date":"2022-08-30T19:05:02","date_gmt":"2022-08-30T19:05:02","guid":{"rendered":"https:\/\/metrocite.devrouge.com\/after-sales-service\/"},"modified":"2025-08-13T15:19:51","modified_gmt":"2025-08-13T15:19:51","slug":"after-sales-service","status":"publish","type":"page","link":"https:\/\/metrocite.devrouge.com\/en\/after-sales-service\/","title":{"rendered":"After-sales service"},"content":{"rendered":"<section class=\"wpb-content-wrapper\">[vc_row fullwidth=&#8221;true&#8221; el_class=&#8221;row-header&#8221; css=&#8221;.vc_custom_1662477692886{background-color: #f4f4f4 !important;}&#8221;][vc_column][vc_row_inner css=&#8221;.vc_custom_1700856738672{background-image: url(https:\/\/metrocite.devrouge.com\/wp-content\/uploads\/2023\/11\/header-service-apres-vente.jpg?id=28835) !important;background-position: center !important;background-repeat: no-repeat !important;background-size: cover !important;}&#8221; el_class=&#8221;header-bg-img&#8221;][vc_column_inner][\/vc_column_inner][\/vc_row_inner][\/vc_column][\/vc_row][vc_row fullwidth=&#8221;true&#8221; fullwidth_content=&#8221;false&#8221; el_class=&#8221;trigger-title trigger-line&#8221; css=&#8221;.vc_custom_1661886020881{background-color: #f4f4f4 !important;}&#8221;][vc_column][vc_row_inner is_fullwidth_content=&#8221;false&#8221;][vc_column_inner][vc_column_text disable_pattern=&#8221;false&#8221; align=&#8221;center&#8221; css=&#8221;.vc_custom_1661885707486{margin-bottom: 0px !important;}&#8221;]\n<div class=\"vertical-line\"><\/div>\n<div class=\"stop-trigger\"><\/div>\n<h1 class=\" title\">After-sales service<\/h1>\n[\/vc_column_text][mk_padding_divider size=&#8221;30&#8243; visibility=&#8221;visible-sm&#8221;][mk_padding_divider size=&#8221;50&#8243; visibility=&#8221;hidden-sm&#8221;][vc_column_text disable_pattern=&#8221;false&#8221; align=&#8221;center&#8221; animation=&#8221;fade-in&#8221; el_class=&#8221;contenu-padding&#8221; css=&#8221;.vc_custom_1670341562586{margin-bottom: 0px !important;}&#8221;]Are you officially settled in your new condo? Wonderful! If you require assistance or have questions about the common areas or the many amenities at your disposal, contact the M\u00e9trocit\u00e9 property management team. [\/vc_column_text][\/vc_column_inner][\/vc_row_inner][\/vc_column][\/vc_row][vc_row fullwidth=&#8221;true&#8221; css=&#8221;.vc_custom_1661971515625{background-color: #f4f4f4 !important;}&#8221;][vc_column][mk_padding_divider size=&#8221;25&#8243; visibility=&#8221;hidden-sm&#8221;][vc_row_inner is_fullwidth_content=&#8221;false&#8221; el_class=&#8221;row-padding row-align-center&#8221;][vc_column_inner width=&#8221;1\/2&#8243;][vc_column_text disable_pattern=&#8221;false&#8221; align=&#8221;center&#8221; animation=&#8221;fade-in&#8221; css=&#8221;.vc_custom_1692215748615{margin-bottom: 0px !important;}&#8221;]<strong class=\"orange\" style=\"font-size: 24px;line-height: 30px\">Service department<br \/>\n<\/strong><br \/>\n<strong class=\"add-margin-mobile\">Phone number:<\/strong> <a class=\"hover-underline\" style=\"color: #464646\" href=\"tel:450-934-9501\">450 934-9501 (ext. 229)<\/a><br \/>\n<strong class=\"add-margin-mobile\">Urgences:<\/strong> <a class=\"hover-underline\" style=\"color: #464646\" href=\"tel:450-934-9501\">450 934-9501 (option 5)<\/a><br \/>\nFax: 450 934-9503<br \/>\n<a class=\" add-margin-mobile hover-underline\" href=\"mailto:service@metreocite.ca\"><strong class=\"add-margin-mobile\">service@metreocite.ca<\/strong><\/a>[\/vc_column_text][mk_padding_divider size=&#8221;20&#8243; visibility=&#8221;visible-sm&#8221;][\/vc_column_inner][vc_column_inner width=&#8221;1\/2&#8243;][mk_button dimension=&#8221;flat&#8221; size=&#8221;large&#8221; url=&#8221;https:\/\/auth-metrociteresidents.buildinglink.com\/Account\/Login?ReturnUrl=%2Fconnect%2Fauthorize%2Fcallback%3Fclient_id%3Dbl-web%26response_mode%3Dform_post%26response_type%3Dcode%2520id_token%26scope%3Dopenid%2520profile%2520groups%2520buildinglink%2520offline_access%26state%3DOpenIdConnect.AuthenticationProperties%253D6cCn4Iejiv0gPotX-JzyOy-ZzVrWnEHnokUqzTptk246p1UeFfKt0wXuY5WUtjaRrP2Fdy5vtfz0GWcU27Tg4o6jQfCTAEIhxBmwY88SZaxRcDMKOUjaUSHFF3jQjBkOcYANkrtCAFYiNCf2Chnrjmi3zWd5k1YRiwIAjEwNxvU%26nonce%3D637469494438578779.MGM0N2U1Y2ItOTFiZi00OWY1LTgxZTQtOTNhY2ZiOTZmMDUxZGQxMGRjNDEtNDUyNS00ZTUzLTlkZjQtMDY5MmMzMzI4MDgw%26returnUrl%3Dhttps%253A%252F%252Fmetrociteresidents.buildinglink.com%252Fv2%252F%26redirect_uri%3Dhttps%253A%252F%252Fmetrociteresidents.buildinglink.com%252Fv2%252Foidc-callback%26x-client-SKU%3DID_NET461%26x-client-ver%3D5.4.0.0&#8243; target=&#8221;_blank&#8221; align=&#8221;center&#8221; fullwidth=&#8221;true&#8221; margin_bottom=&#8221;0&#8243; margin_right=&#8221;0&#8243; el_class=&#8221;btn center-mobile btn-portail btn-small-txt&#8221;]Log on to your resident<br \/>\nwebsite\/Building Link[\/mk_button][\/vc_column_inner][\/vc_row_inner][vc_row_inner is_fullwidth_content=&#8221;false&#8221; el_class=&#8221;row-padding row-align-center&#8221;][vc_column_inner][mk_padding_divider size=&#8221;25&#8243; visibility=&#8221;hidden-sm&#8221;][vc_column_text disable_pattern=&#8221;false&#8221; align=&#8221;center&#8221; el_class=&#8221;contenu-padding&#8221; css=&#8221;.vc_custom_1693424501303{margin-bottom: 0px !important;}&#8221;]For any question, comment or repair request concerning your <strong>CONDO IN LAVAL<\/strong>, please fill out the repair and repair request form below and send it to: <strong><a href=\"mailto:service@metrocite.ca\">service@metrocite.ca<\/a><\/strong>.<\/p>\n<p>For any question, comment or repair request concerning your <strong>CONDO IN DOLLARD-DES-ORMEAUX<\/strong>, please fill out the repair request form below and send it to: <strong><a href=\"mailto:serviceddo@metrocite.ca\">serviceddo@metrocite.ca<\/a><\/strong>.[\/vc_column_text][mk_padding_divider size=&#8221;20&#8243;][mk_button dimension=&#8221;flat&#8221; size=&#8221;large&#8221; url=&#8221;\/wp-content\/uploads\/2023\/08\/apres-vente-en-v2-2.pdf&#8221; target=&#8221;_blank&#8221; align=&#8221;center&#8221; margin_bottom=&#8221;0&#8243; margin_right=&#8221;0&#8243; el_class=&#8221;btn btn-small center-mobile&#8221;]Repair and repair request for[\/mk_button][\/vc_column_inner][\/vc_row_inner][mk_padding_divider size=&#8221;50&#8243; visibility=&#8221;visible-sm&#8221;][mk_padding_divider size=&#8221;100&#8243; visibility=&#8221;hidden-sm&#8221;][\/vc_column][\/vc_row][vc_row][vc_column][mk_padding_divider size=&#8221;50&#8243; visibility=&#8221;visible-sm&#8221;][mk_padding_divider size=&#8221;100&#8243; visibility=&#8221;hidden-sm&#8221;][vc_column_text disable_pattern=&#8221;false&#8221; align=&#8221;center&#8221; css=&#8221;.vc_custom_1661891858581{margin-bottom: 0px !important;}&#8221;]\n<h3>Useful tools to maintain your unit<\/h3>\n[\/vc_column_text][mk_padding_divider size=&#8221;50&#8243; visibility=&#8221;hidden-sm&#8221;][vc_row_inner][vc_column_inner width=&#8221;1\/2&#8243;][vc_column_text disable_pattern=&#8221;false&#8221; align=&#8221;center&#8221; css=&#8221;.vc_custom_1661891881490{margin-bottom: 0px !important;}&#8221;]<strong class=\"orange\">Air exchange system maintenance<\/strong>[\/vc_column_text][vc_video][\/vc_column_inner][vc_column_inner width=&#8221;1\/2&#8243;][mk_padding_divider size=&#8221;50&#8243; visibility=&#8221;visible-sm&#8221;][vc_column_text disable_pattern=&#8221;false&#8221; align=&#8221;center&#8221; css=&#8221;.vc_custom_1670341595919{margin-bottom: 0px !important;}&#8221;]<strong class=\"orange\">Wall air conditioner maintenance<\/strong>[\/vc_column_text][vc_video link=&#8221;https:\/\/www.youtube.com\/watch?v=Qm9qT2EqdG4&#8243;][\/vc_column_inner][\/vc_row_inner][\/vc_column][\/vc_row][vc_row fullwidth=&#8221;true&#8221;][vc_column][mk_padding_divider size=&#8221;50&#8243; visibility=&#8221;visible-sm&#8221;][mk_padding_divider size=&#8221;150&#8243; visibility=&#8221;hidden-sm&#8221;][\/vc_column][\/vc_row][vc_row fullwidth=&#8221;true&#8221; el_class=&#8221;trigger-line-02&#8243;][vc_column][vc_raw_html]PGRpdiBjbGFzcz0idmVydGljYWwtbGluZS0wMiI+PC9kaXY+[\/vc_raw_html][mk_padding_divider size=&#8221;50&#8243; visibility=&#8221;visible-sm&#8221;][mk_padding_divider size=&#8221;100&#8243; visibility=&#8221;hidden-sm&#8221;][vc_row_inner css=&#8221;.vc_custom_1661893348296{background-color: #f4f4f4 !important;}&#8221;][vc_column_inner][mk_padding_divider size=&#8221;50&#8243; visibility=&#8221;visible-sm&#8221;][mk_padding_divider size=&#8221;100&#8243; visibility=&#8221;hidden-sm&#8221;][\/vc_column_inner][\/vc_row_inner][\/vc_column][\/vc_row][vc_row fullwidth=&#8221;true&#8221; css=&#8221;.vc_custom_1661893218209{background-color: #f4f4f4 !important;}&#8221;][vc_column][mk_padding_divider size=&#8221;50&#8243;][vc_row_inner el_class=&#8221;row-flex fullwidth-tablet&#8221;][vc_column_inner width=&#8221;1\/2&#8243;][vc_single_image image=&#8221;28832&#8243; img_size=&#8221;full&#8221; alignment=&#8221;center&#8221; css_animation=&#8221;left-to-right&#8221;][\/vc_column_inner][vc_column_inner width=&#8221;1\/2&#8243;][vc_column_text disable_pattern=&#8221;false&#8221; animation=&#8221;bottom-to-top&#8221; el_class=&#8221;contenu-right-padding center-mobile&#8221; css=&#8221;.vc_custom_1670341612760{margin-bottom: 0px !important;}&#8221;]\n<h2>Refer us a new buyer!<\/h2>\n<p>If you are fully satisfied with the purchase of your M\u00e9trocit\u00e9 condo or townhouse, refer a new buyer to us <strong>by email at<\/strong> <a class=\"hover-remove-underline\" href=\"mailto:vente@metrocite.ca\"><strong>vente@metrocite.ca<\/strong><\/a> <strong>or by phone at<\/strong> <a class=\"hover-underline\" href=\"tel:514-613-6108\"><strong>514 613-6108<\/strong><\/a> and <strong>you could receive a $1,000 compensation<\/strong>. Please make sure to inform us of the referral before your buyer\u2019s first visit.[\/vc_column_text][\/vc_column_inner][\/vc_row_inner][mk_padding_divider size=&#8221;100&#8243;][\/vc_column][\/vc_row]\n<\/section>","protected":false},"excerpt":{"rendered":"<p>[vc_row fullwidth=&#8221;true&#8221; el_class=&#8221;row-header&#8221; css=&#8221;.vc_custom_1662477692886{background-color: #f4f4f4 !important;}&#8221;][vc_column][vc_row_inner css=&#8221;.vc_custom_1700856738672{background-image: url(https:\/\/metrocite.devrouge.com\/wp-content\/uploads\/2023\/11\/header-service-apres-vente.jpg?id=28835) !important;background-position: center !important;background-repeat: no-repeat !important;background-size: cover !important;}&#8221; el_class=&#8221;header-bg-img&#8221;][vc_column_inner][\/vc_column_inner][\/vc_row_inner][\/vc_column][\/vc_row][vc_row fullwidth=&#8221;true&#8221; fullwidth_content=&#8221;false&#8221; el_class=&#8221;trigger-title trigger-line&#8221; css=&#8221;.vc_custom_1661886020881{background-color: #f4f4f4 !important;}&#8221;][vc_column][vc_row_inner is_fullwidth_content=&#8221;false&#8221;][vc_column_inner][vc_column_text disable_pattern=&#8221;false&#8221; align=&#8221;center&#8221; css=&#8221;.vc_custom_1661885707486{margin-bottom: 0px !important;}&#8221;] After-sales service [\/vc_column_text][mk_padding_divider size=&#8221;30&#8243; visibility=&#8221;visible-sm&#8221;][mk_padding_divider size=&#8221;50&#8243; visibility=&#8221;hidden-sm&#8221;][vc_column_text disable_pattern=&#8221;false&#8221; align=&#8221;center&#8221; animation=&#8221;fade-in&#8221; el_class=&#8221;contenu-padding&#8221; css=&#8221;.vc_custom_1670341562586{margin-bottom: 0px !important;}&#8221;]Are you officially settled in your new condo? Wonderful! If you require assistance [&hellip;]<\/p>\n","protected":false},"author":1,"featured_media":0,"parent":0,"menu_order":0,"comment_status":"closed","ping_status":"closed","template":"","meta":{"_acf_changed":false,"footnotes":""},"class_list":["post-985","page","type-page","status-publish","hentry"],"acf":[],"yoast_head":"<!-- This site is optimized with the Yoast SEO plugin v27.3 - https:\/\/yoast.com\/product\/yoast-seo-wordpress\/ -->\n<title>At M\u00e9trocit\u00e9, after-sales service is always a priority.<\/title>\n<meta name=\"description\" content=\"Do you own one of our units? Our property management team is there to assist you.\" \/>\n<meta name=\"robots\" content=\"noindex, follow, max-snippet:-1, max-image-preview:large, max-video-preview:-1\" \/>\n<meta property=\"og:locale\" content=\"en_US\" \/>\n<meta property=\"og:type\" content=\"article\" \/>\n<meta property=\"og:title\" content=\"At M\u00e9trocit\u00e9, after-sales service is always a priority.\" \/>\n<meta property=\"og:description\" content=\"Do you own one of our units? Our property management team is there to assist you.\" \/>\n<meta property=\"og:url\" content=\"https:\/\/metrocite.devrouge.com\/en\/after-sales-service\/\" \/>\n<meta property=\"og:site_name\" content=\"M\u00e9trocit\u00e9\" \/>\n<meta property=\"article:publisher\" content=\"https:\/\/www.facebook.com\/GroupeMetrocite?fref=ts\" \/>\n<meta property=\"article:modified_time\" content=\"2025-08-13T15:19:51+00:00\" \/>\n<meta property=\"og:image\" content=\"https:\/\/metrocite.devrouge.com\/wp-content\/uploads\/2022\/09\/logo-metrocite.jpg\" \/>\n\t<meta property=\"og:image:width\" content=\"279\" \/>\n\t<meta property=\"og:image:height\" content=\"255\" \/>\n\t<meta property=\"og:image:type\" content=\"image\/jpeg\" \/>\n<meta name=\"twitter:card\" content=\"summary_large_image\" \/>\n<meta name=\"twitter:label1\" content=\"Est. reading time\" \/>\n\t<meta name=\"twitter:data1\" content=\"3 minutes\" \/>\n<script type=\"application\/ld+json\" class=\"yoast-schema-graph\">{\"@context\":\"https:\\\/\\\/schema.org\",\"@graph\":[{\"@type\":\"WebPage\",\"@id\":\"https:\\\/\\\/metrocite.devrouge.com\\\/en\\\/after-sales-service\\\/\",\"url\":\"https:\\\/\\\/metrocite.devrouge.com\\\/en\\\/after-sales-service\\\/\",\"name\":\"At M\u00e9trocit\u00e9, after-sales service is always a priority.\",\"isPartOf\":{\"@id\":\"https:\\\/\\\/metrocite.devrouge.com\\\/#website\"},\"datePublished\":\"2022-08-30T19:05:02+00:00\",\"dateModified\":\"2025-08-13T15:19:51+00:00\",\"description\":\"Do you own one of our units? Our property management team is there to assist you.\",\"breadcrumb\":{\"@id\":\"https:\\\/\\\/metrocite.devrouge.com\\\/en\\\/after-sales-service\\\/#breadcrumb\"},\"inLanguage\":\"en-US\",\"potentialAction\":[{\"@type\":\"ReadAction\",\"target\":[\"https:\\\/\\\/metrocite.devrouge.com\\\/en\\\/after-sales-service\\\/\"]}]},{\"@type\":\"BreadcrumbList\",\"@id\":\"https:\\\/\\\/metrocite.devrouge.com\\\/en\\\/after-sales-service\\\/#breadcrumb\",\"itemListElement\":[{\"@type\":\"ListItem\",\"position\":1,\"name\":\"Accueil\",\"item\":\"https:\\\/\\\/metrocite.devrouge.com\\\/en\\\/home\\\/\"},{\"@type\":\"ListItem\",\"position\":2,\"name\":\"After-sales service\"}]},{\"@type\":\"WebSite\",\"@id\":\"https:\\\/\\\/metrocite.devrouge.com\\\/#website\",\"url\":\"https:\\\/\\\/metrocite.devrouge.com\\\/\",\"name\":\"M\u00e9trocit\u00e9\",\"description\":\"Condos \u00e0 vendre Dollard-des-Ormeaux et Condos \u00e0 louer laval\",\"potentialAction\":[{\"@type\":\"SearchAction\",\"target\":{\"@type\":\"EntryPoint\",\"urlTemplate\":\"https:\\\/\\\/metrocite.devrouge.com\\\/?s={search_term_string}\"},\"query-input\":{\"@type\":\"PropertyValueSpecification\",\"valueRequired\":true,\"valueName\":\"search_term_string\"}}],\"inLanguage\":\"en-US\"}]}<\/script>\n<!-- \/ Yoast SEO plugin. -->","yoast_head_json":{"title":"At M\u00e9trocit\u00e9, after-sales service is always a priority.","description":"Do you own one of our units? Our property management team is there to assist you.","robots":{"index":"noindex","follow":"follow","max-snippet":"max-snippet:-1","max-image-preview":"max-image-preview:large","max-video-preview":"max-video-preview:-1"},"og_locale":"en_US","og_type":"article","og_title":"At M\u00e9trocit\u00e9, after-sales service is always a priority.","og_description":"Do you own one of our units? Our property management team is there to assist you.","og_url":"https:\/\/metrocite.devrouge.com\/en\/after-sales-service\/","og_site_name":"M\u00e9trocit\u00e9","article_publisher":"https:\/\/www.facebook.com\/GroupeMetrocite?fref=ts","article_modified_time":"2025-08-13T15:19:51+00:00","og_image":[{"width":279,"height":255,"url":"https:\/\/metrocite.devrouge.com\/wp-content\/uploads\/2022\/09\/logo-metrocite.jpg","type":"image\/jpeg"}],"twitter_card":"summary_large_image","twitter_misc":{"Est. reading time":"3 minutes"},"schema":{"@context":"https:\/\/schema.org","@graph":[{"@type":"WebPage","@id":"https:\/\/metrocite.devrouge.com\/en\/after-sales-service\/","url":"https:\/\/metrocite.devrouge.com\/en\/after-sales-service\/","name":"At M\u00e9trocit\u00e9, after-sales service is always a priority.","isPartOf":{"@id":"https:\/\/metrocite.devrouge.com\/#website"},"datePublished":"2022-08-30T19:05:02+00:00","dateModified":"2025-08-13T15:19:51+00:00","description":"Do you own one of our units? Our property management team is there to assist you.","breadcrumb":{"@id":"https:\/\/metrocite.devrouge.com\/en\/after-sales-service\/#breadcrumb"},"inLanguage":"en-US","potentialAction":[{"@type":"ReadAction","target":["https:\/\/metrocite.devrouge.com\/en\/after-sales-service\/"]}]},{"@type":"BreadcrumbList","@id":"https:\/\/metrocite.devrouge.com\/en\/after-sales-service\/#breadcrumb","itemListElement":[{"@type":"ListItem","position":1,"name":"Accueil","item":"https:\/\/metrocite.devrouge.com\/en\/home\/"},{"@type":"ListItem","position":2,"name":"After-sales service"}]},{"@type":"WebSite","@id":"https:\/\/metrocite.devrouge.com\/#website","url":"https:\/\/metrocite.devrouge.com\/","name":"M\u00e9trocit\u00e9","description":"Condos \u00e0 vendre Dollard-des-Ormeaux et Condos \u00e0 louer laval","potentialAction":[{"@type":"SearchAction","target":{"@type":"EntryPoint","urlTemplate":"https:\/\/metrocite.devrouge.com\/?s={search_term_string}"},"query-input":{"@type":"PropertyValueSpecification","valueRequired":true,"valueName":"search_term_string"}}],"inLanguage":"en-US"}]}},"_links":{"self":[{"href":"https:\/\/metrocite.devrouge.com\/en\/wp-json\/wp\/v2\/pages\/985","targetHints":{"allow":["GET"]}}],"collection":[{"href":"https:\/\/metrocite.devrouge.com\/en\/wp-json\/wp\/v2\/pages"}],"about":[{"href":"https:\/\/metrocite.devrouge.com\/en\/wp-json\/wp\/v2\/types\/page"}],"author":[{"embeddable":true,"href":"https:\/\/metrocite.devrouge.com\/en\/wp-json\/wp\/v2\/users\/1"}],"replies":[{"embeddable":true,"href":"https:\/\/metrocite.devrouge.com\/en\/wp-json\/wp\/v2\/comments?post=985"}],"version-history":[{"count":6,"href":"https:\/\/metrocite.devrouge.com\/en\/wp-json\/wp\/v2\/pages\/985\/revisions"}],"predecessor-version":[{"id":30916,"href":"https:\/\/metrocite.devrouge.com\/en\/wp-json\/wp\/v2\/pages\/985\/revisions\/30916"}],"wp:attachment":[{"href":"https:\/\/metrocite.devrouge.com\/en\/wp-json\/wp\/v2\/media?parent=985"}],"curies":[{"name":"wp","href":"https:\/\/api.w.org\/{rel}","templated":true}]}}