{"id":982,"date":"2022-08-31T20:40:20","date_gmt":"2022-08-31T20:40:20","guid":{"rendered":"https:\/\/metrocite.devrouge.com\/contact\/"},"modified":"2026-01-05T14:27:17","modified_gmt":"2026-01-05T14:27:17","slug":"contact","status":"publish","type":"page","link":"https:\/\/metrocite.devrouge.com\/en\/contact\/","title":{"rendered":"Contact"},"content":{"rendered":"<section class=\"wpb-content-wrapper\">[vc_row fullwidth=&#8221;true&#8221; fullwidth_content=&#8221;false&#8221; css=&#8221;.vc_custom_1663360039810{background-color: #f4f4f4 !important;}&#8221;][vc_column][mk_padding_divider size=&#8221;75&#8243;][vc_row_inner is_fullwidth_content=&#8221;false&#8221;][vc_column_inner][vc_column_text disable_pattern=&#8221;false&#8221; align=&#8221;center&#8221; css=&#8221;.vc_custom_1661978852476{margin-bottom: 0px !important;}&#8221;]\n<div class=\"vertical-line-03\"><\/div>\n<h1 class=\" title\">Contact<br \/>\nthe M\u00e9trocit\u00e9 team<\/h1>\n[\/vc_column_text][mk_padding_divider size=&#8221;50&#8243;][\/vc_column_inner][\/vc_row_inner][vc_row_inner el_class=&#8221;row-align-top fullwidth-tablet row-padding&#8221;][vc_column_inner width=&#8221;1\/3&#8243;][vc_column_text disable_pattern=&#8221;false&#8221; el_class=&#8221;box-contact center-mobile&#8221; css=&#8221;.vc_custom_1767623202542{margin-bottom: 0px !important;}&#8221;]\n<h2 class=\"orange title-lowercase\">Sales office<\/h2>\n<p><a class=\"hover-remove-underline\" href=\"tel:514-316-8003\"><strong>514 316-8003<\/strong><\/a><\/p>\n<div class=\"txt-smaller\">Monday to Thursday \u2013 1 p.m. to 7 p.m.<br \/>\nSaturday and Sunday \u2013 12 p.m. to 4 p.m.<\/div>\n<div class=\"line-separator-orange\"><\/div>\n<p>4420 Saint-Jean Blvd. #101,<br \/>\nDollard-des-Ormeaux (Quebec) H9H\u00a00C8<\/p>\n<p>Managed by Construction M\u00e9trocit\u00e9 Inc. RBQ: 5777-3145<br \/>\n[\/vc_column_text][\/vc_column_inner][vc_column_inner width=&#8221;1\/3&#8243;][vc_column_text disable_pattern=&#8221;false&#8221; el_class=&#8221;box-contact center-mobile&#8221; css=&#8221;.vc_custom_1767623219144{margin-bottom: 0px !important;}&#8221;]\n<h2 class=\"orange title-lowercase\">Rental office<\/h2>\n<p><a class=\"hover-remove-underline\" href=\"tel:450-934-2043\"><strong>450 934-2043<\/strong><\/a><\/p>\n<div class=\"txt-smaller\">Monday to Friday \u2013 8 a.m. to 5 p.m.<br \/>\nMeetings by appointment only.<\/div>\n<div class=\"line-separator-orange\"><\/div>\n<p>3705 Jean-B\u00e9raud Avenue<br \/>\n(7<sup>th<\/sup> floor)<br \/>\nLaval (Quebec) H7T 0K8<\/p>\n<p>Managed by Groupe Immobilier M\u00e9trocit\u00e9 Inc.<br \/>\n[\/vc_column_text][\/vc_column_inner][vc_column_inner width=&#8221;1\/3&#8243;][vc_column_text disable_pattern=&#8221;false&#8221; el_class=&#8221;box-contact center-mobile&#8221; css=&#8221;.vc_custom_1767623229191{margin-bottom: 0px !important;}&#8221;]\n<h2 class=\"orange title-lowercase\">Administrative office<\/h2>\n<p>North Shore<br \/>\n<a class=\"hover-remove-underline\" href=\"tel:450-934-9501\"><strong>450 934-9501<\/strong><\/a><\/p>\n<p>Montreal<br \/>\n<a class=\"hover-remove-underline\" href=\"tel:438-476-3002\"><strong>438 476-3002<\/strong><\/a><\/p>\n<div class=\"txt-smaller\">Monday to Friday \u2013 8 a.m. to 4:30 p.m.<\/div>\n<div class=\"line-separator-orange\"><\/div>\n<p>4020 Louis-B.-Mayer Street,<br \/>\nSuite 206<br \/>\nLaval (Quebec) H7P 0J1<br \/>\n[\/vc_column_text][\/vc_column_inner][\/vc_row_inner][mk_padding_divider size=&#8221;50&#8243;][\/vc_column][\/vc_row][vc_row fullwidth=&#8221;true&#8221; fullwidth_content=&#8221;false&#8221; css=&#8221;.vc_custom_1662065645091{background-color: #f4f4f4 !important;}&#8221;][vc_column][mk_padding_divider size=&#8221;50&#8243; visibility=&#8221;hidden-sm&#8221;][vc_row_inner is_fullwidth_content=&#8221;false&#8221;][vc_column_inner][vc_column_text disable_pattern=&#8221;false&#8221; align=&#8221;center&#8221; css=&#8221;.vc_custom_1662065662023{margin-bottom: 0px !important;}&#8221;]\n<h2>Need more help?<\/h2>\n[\/vc_column_text][mk_padding_divider size=&#8221;50&#8243;][\/vc_column_inner][\/vc_row_inner][vc_row_inner is_fullwidth_content=&#8221;false&#8221; el_class=&#8221;fullwidth-medium row-align-center&#8221;][vc_column_inner width=&#8221;1\/4&#8243;][mk_button dimension=&#8221;flat&#8221; size=&#8221;large&#8221; url=&#8221;\/en\/after-sales-service\/&#8221; target=&#8221;_blank&#8221; align=&#8221;center&#8221; fullwidth=&#8221;true&#8221; margin_bottom=&#8221;0&#8243; margin_right=&#8221;0&#8243; animation=&#8221;fade-in&#8221; el_class=&#8221;btn center-mobile btn-contact&#8221;]After-sales<br \/>\nservice[\/mk_button][\/vc_column_inner][vc_column_inner width=&#8221;1\/4&#8243;][mk_button dimension=&#8221;flat&#8221; size=&#8221;large&#8221; url=&#8221;\/en\/after-rental-service\/&#8221; target=&#8221;_blank&#8221; align=&#8221;center&#8221; fullwidth=&#8221;true&#8221; margin_bottom=&#8221;0&#8243; margin_right=&#8221;0&#8243; animation=&#8221;fade-in&#8221; el_class=&#8221;btn center-mobile btn-contact&#8221;]After-rent<br \/>\nservice[\/mk_button][\/vc_column_inner][vc_column_inner width=&#8221;1\/4&#8243;][mk_button dimension=&#8221;flat&#8221; size=&#8221;large&#8221; url=&#8221;\/en\/request-information\/#form&#8221; align=&#8221;center&#8221; fullwidth=&#8221;true&#8221; margin_bottom=&#8221;0&#8243; margin_right=&#8221;0&#8243; animation=&#8221;fade-in&#8221; el_class=&#8221;btn center-mobile btn-contact&#8221;]General<br \/>\ninformation[\/mk_button][\/vc_column_inner][vc_column_inner width=&#8221;1\/4&#8243;][mk_button dimension=&#8221;flat&#8221; size=&#8221;large&#8221; url=&#8221;https:\/\/auth-metrociteresidents.buildinglink.com\/Account\/Login?ReturnUrl=%2Fconnect%2Fauthorize%2Fcallback%3Fclient_id%3Dbl-web%26response_mode%3Dform_post%26response_type%3Dcode%2520id_token%26scope%3Dopenid%2520profile%2520groups%2520buildinglink%2520offline_access%26state%3DOpenIdConnect.AuthenticationProperties%253D6cCn4Iejiv0gPotX-JzyOy-ZzVrWnEHnokUqzTptk246p1UeFfKt0wXuY5WUtjaRrP2Fdy5vtfz0GWcU27Tg4o6jQfCTAEIhxBmwY88SZaxRcDMKOUjaUSHFF3jQjBkOcYANkrtCAFYiNCf2Chnrjmi3zWd5k1YRiwIAjEwNxvU%26nonce%3D637469494438578779.MGM0N2U1Y2ItOTFiZi00OWY1LTgxZTQtOTNhY2ZiOTZmMDUxZGQxMGRjNDEtNDUyNS00ZTUzLTlkZjQtMDY5MmMzMzI4MDgw%26returnUrl%3Dhttps%253A%252F%252Fmetrociteresidents.buildinglink.com%252Fv2%252F%26redirect_uri%3Dhttps%253A%252F%252Fmetrociteresidents.buildinglink.com%252Fv2%252Foidc-callback%26x-client-SKU%3DID_NET461%26x-client-ver%3D5.4.0.0&#8243; target=&#8221;_blank&#8221; align=&#8221;center&#8221; fullwidth=&#8221;true&#8221; margin_bottom=&#8221;0&#8243; margin_right=&#8221;0&#8243; animation=&#8221;fade-in&#8221; el_class=&#8221;btn center-mobile btn-contact btn-small-txt&#8221;]Log on to your resident<br \/>\nwebsite\/Building Link[\/mk_button][\/vc_column_inner][\/vc_row_inner][mk_padding_divider size=&#8221;100&#8243;][\/vc_column][\/vc_row][vc_row fullwidth=&#8221;true&#8221;][vc_column][mk_advanced_gmaps custom_markers=&#8221;true&#8221; latitude=&#8221;45.4805054&#8243; longitude=&#8221;-73.8452814&#8243; address=&#8221;Baldwin \u2013 Condos &amp; Penthouses&#8221; custom_marker_1=&#8221;https:\/\/metrocite.devrouge.com\/wp-content\/uploads\/2023\/01\/marker-icon-baldwin.png&#8221; latitude_2=&#8221;45.5629998&#8243; longitude_2=&#8221;-73.7676955&#8243; address_2=&#8221;M\u00e9trocit\u00e9 &#8211; After-rent&#8221; custom_marker_2=&#8221;https:\/\/metrocite.devrouge.com\/wp-content\/uploads\/2022\/09\/marker-icon.png&#8221; latitude_3=&#8221;45.5679169&#8243; longitude_3=&#8221;-73.7850431&#8243; address_3=&#8221;M\u00e9trocit\u00e9 &#8211; Administration office&#8221; custom_marker_3=&#8221;https:\/\/metrocite.devrouge.com\/wp-content\/uploads\/2022\/09\/marker-icon.png&#8221; content_bg_color=&#8221;#ffffff&#8221; content_font_color=&#8221;#404040&#8243; height=&#8221;750&#8243; map_zoom=&#8221;12&#8243;][\/vc_column][\/vc_row]\n<\/section>","protected":false},"excerpt":{"rendered":"<p>[vc_row fullwidth=&#8221;true&#8221; fullwidth_content=&#8221;false&#8221; css=&#8221;.vc_custom_1663360039810{background-color: #f4f4f4 !important;}&#8221;][vc_column][mk_padding_divider size=&#8221;75&#8243;][vc_row_inner is_fullwidth_content=&#8221;false&#8221;][vc_column_inner][vc_column_text disable_pattern=&#8221;false&#8221; align=&#8221;center&#8221; css=&#8221;.vc_custom_1661978852476{margin-bottom: 0px !important;}&#8221;] Contact the M\u00e9trocit\u00e9 team [\/vc_column_text][mk_padding_divider size=&#8221;50&#8243;][\/vc_column_inner][\/vc_row_inner][vc_row_inner el_class=&#8221;row-align-top fullwidth-tablet row-padding&#8221;][vc_column_inner width=&#8221;1\/3&#8243;][vc_column_text disable_pattern=&#8221;false&#8221; el_class=&#8221;box-contact center-mobile&#8221; css=&#8221;.vc_custom_1767623202542{margin-bottom: 0px !important;}&#8221;] Sales office 514 316-8003 Monday to Thursday \u2013 1 p.m. to 7 p.m. Saturday and Sunday \u2013 12 p.m. to 4 p.m. 4420 Saint-Jean Blvd. #101, [&hellip;]<\/p>\n","protected":false},"author":1,"featured_media":0,"parent":0,"menu_order":0,"comment_status":"closed","ping_status":"closed","template":"","meta":{"_acf_changed":false,"footnotes":""},"class_list":["post-982","page","type-page","status-publish","hentry"],"acf":[],"yoast_head":"<!-- This site is optimized with the Yoast SEO plugin v27.3 - https:\/\/yoast.com\/product\/yoast-seo-wordpress\/ -->\n<title>Condos for rent and for sale in DDO and Laval.<\/title>\n<meta name=\"description\" content=\"Want to learn more about M\u00e9trocit\u00e9\u2019s condos for sale and for rent? Contact our team.\" \/>\n<meta name=\"robots\" content=\"noindex, follow, max-snippet:-1, max-image-preview:large, max-video-preview:-1\" \/>\n<meta property=\"og:locale\" content=\"en_US\" \/>\n<meta property=\"og:type\" content=\"article\" \/>\n<meta property=\"og:title\" content=\"Condos for rent and for sale in DDO and Laval.\" \/>\n<meta property=\"og:description\" content=\"Want to learn more about M\u00e9trocit\u00e9\u2019s condos for sale and for rent? Contact our team.\" \/>\n<meta property=\"og:url\" content=\"https:\/\/metrocite.devrouge.com\/en\/contact\/\" \/>\n<meta property=\"og:site_name\" content=\"M\u00e9trocit\u00e9\" \/>\n<meta property=\"article:publisher\" content=\"https:\/\/www.facebook.com\/GroupeMetrocite?fref=ts\" \/>\n<meta property=\"article:modified_time\" content=\"2026-01-05T14:27:17+00:00\" \/>\n<meta property=\"og:image\" content=\"https:\/\/metrocite.devrouge.com\/wp-content\/uploads\/2022\/09\/logo-metrocite.jpg\" \/>\n\t<meta property=\"og:image:width\" content=\"279\" \/>\n\t<meta property=\"og:image:height\" content=\"255\" \/>\n\t<meta property=\"og:image:type\" content=\"image\/jpeg\" \/>\n<meta name=\"twitter:card\" content=\"summary_large_image\" \/>\n<meta name=\"twitter:label1\" content=\"Est. reading time\" \/>\n\t<meta name=\"twitter:data1\" content=\"2 minutes\" \/>\n<script type=\"application\/ld+json\" class=\"yoast-schema-graph\">{\"@context\":\"https:\\\/\\\/schema.org\",\"@graph\":[{\"@type\":\"WebPage\",\"@id\":\"https:\\\/\\\/metrocite.devrouge.com\\\/en\\\/contact\\\/\",\"url\":\"https:\\\/\\\/metrocite.devrouge.com\\\/en\\\/contact\\\/\",\"name\":\"Condos for rent and for sale in DDO and Laval.\",\"isPartOf\":{\"@id\":\"https:\\\/\\\/metrocite.devrouge.com\\\/#website\"},\"datePublished\":\"2022-08-31T20:40:20+00:00\",\"dateModified\":\"2026-01-05T14:27:17+00:00\",\"description\":\"Want to learn more about M\u00e9trocit\u00e9\u2019s condos for sale and for rent? Contact our team.\",\"breadcrumb\":{\"@id\":\"https:\\\/\\\/metrocite.devrouge.com\\\/en\\\/contact\\\/#breadcrumb\"},\"inLanguage\":\"en-US\",\"potentialAction\":[{\"@type\":\"ReadAction\",\"target\":[\"https:\\\/\\\/metrocite.devrouge.com\\\/en\\\/contact\\\/\"]}]},{\"@type\":\"BreadcrumbList\",\"@id\":\"https:\\\/\\\/metrocite.devrouge.com\\\/en\\\/contact\\\/#breadcrumb\",\"itemListElement\":[{\"@type\":\"ListItem\",\"position\":1,\"name\":\"Accueil\",\"item\":\"https:\\\/\\\/metrocite.devrouge.com\\\/en\\\/home\\\/\"},{\"@type\":\"ListItem\",\"position\":2,\"name\":\"Contact\"}]},{\"@type\":\"WebSite\",\"@id\":\"https:\\\/\\\/metrocite.devrouge.com\\\/#website\",\"url\":\"https:\\\/\\\/metrocite.devrouge.com\\\/\",\"name\":\"M\u00e9trocit\u00e9\",\"description\":\"Condos \u00e0 vendre Dollard-des-Ormeaux et Condos \u00e0 louer laval\",\"potentialAction\":[{\"@type\":\"SearchAction\",\"target\":{\"@type\":\"EntryPoint\",\"urlTemplate\":\"https:\\\/\\\/metrocite.devrouge.com\\\/?s={search_term_string}\"},\"query-input\":{\"@type\":\"PropertyValueSpecification\",\"valueRequired\":true,\"valueName\":\"search_term_string\"}}],\"inLanguage\":\"en-US\"}]}<\/script>\n<!-- \/ Yoast SEO plugin. -->","yoast_head_json":{"title":"Condos for rent and for sale in DDO and Laval.","description":"Want to learn more about M\u00e9trocit\u00e9\u2019s condos for sale and for rent? Contact our team.","robots":{"index":"noindex","follow":"follow","max-snippet":"max-snippet:-1","max-image-preview":"max-image-preview:large","max-video-preview":"max-video-preview:-1"},"og_locale":"en_US","og_type":"article","og_title":"Condos for rent and for sale in DDO and Laval.","og_description":"Want to learn more about M\u00e9trocit\u00e9\u2019s condos for sale and for rent? Contact our team.","og_url":"https:\/\/metrocite.devrouge.com\/en\/contact\/","og_site_name":"M\u00e9trocit\u00e9","article_publisher":"https:\/\/www.facebook.com\/GroupeMetrocite?fref=ts","article_modified_time":"2026-01-05T14:27:17+00:00","og_image":[{"width":279,"height":255,"url":"https:\/\/metrocite.devrouge.com\/wp-content\/uploads\/2022\/09\/logo-metrocite.jpg","type":"image\/jpeg"}],"twitter_card":"summary_large_image","twitter_misc":{"Est. reading time":"2 minutes"},"schema":{"@context":"https:\/\/schema.org","@graph":[{"@type":"WebPage","@id":"https:\/\/metrocite.devrouge.com\/en\/contact\/","url":"https:\/\/metrocite.devrouge.com\/en\/contact\/","name":"Condos for rent and for sale in DDO and Laval.","isPartOf":{"@id":"https:\/\/metrocite.devrouge.com\/#website"},"datePublished":"2022-08-31T20:40:20+00:00","dateModified":"2026-01-05T14:27:17+00:00","description":"Want to learn more about M\u00e9trocit\u00e9\u2019s condos for sale and for rent? Contact our team.","breadcrumb":{"@id":"https:\/\/metrocite.devrouge.com\/en\/contact\/#breadcrumb"},"inLanguage":"en-US","potentialAction":[{"@type":"ReadAction","target":["https:\/\/metrocite.devrouge.com\/en\/contact\/"]}]},{"@type":"BreadcrumbList","@id":"https:\/\/metrocite.devrouge.com\/en\/contact\/#breadcrumb","itemListElement":[{"@type":"ListItem","position":1,"name":"Accueil","item":"https:\/\/metrocite.devrouge.com\/en\/home\/"},{"@type":"ListItem","position":2,"name":"Contact"}]},{"@type":"WebSite","@id":"https:\/\/metrocite.devrouge.com\/#website","url":"https:\/\/metrocite.devrouge.com\/","name":"M\u00e9trocit\u00e9","description":"Condos \u00e0 vendre Dollard-des-Ormeaux et Condos \u00e0 louer laval","potentialAction":[{"@type":"SearchAction","target":{"@type":"EntryPoint","urlTemplate":"https:\/\/metrocite.devrouge.com\/?s={search_term_string}"},"query-input":{"@type":"PropertyValueSpecification","valueRequired":true,"valueName":"search_term_string"}}],"inLanguage":"en-US"}]}},"_links":{"self":[{"href":"https:\/\/metrocite.devrouge.com\/en\/wp-json\/wp\/v2\/pages\/982","targetHints":{"allow":["GET"]}}],"collection":[{"href":"https:\/\/metrocite.devrouge.com\/en\/wp-json\/wp\/v2\/pages"}],"about":[{"href":"https:\/\/metrocite.devrouge.com\/en\/wp-json\/wp\/v2\/types\/page"}],"author":[{"embeddable":true,"href":"https:\/\/metrocite.devrouge.com\/en\/wp-json\/wp\/v2\/users\/1"}],"replies":[{"embeddable":true,"href":"https:\/\/metrocite.devrouge.com\/en\/wp-json\/wp\/v2\/comments?post=982"}],"version-history":[{"count":15,"href":"https:\/\/metrocite.devrouge.com\/en\/wp-json\/wp\/v2\/pages\/982\/revisions"}],"predecessor-version":[{"id":31236,"href":"https:\/\/metrocite.devrouge.com\/en\/wp-json\/wp\/v2\/pages\/982\/revisions\/31236"}],"wp:attachment":[{"href":"https:\/\/metrocite.devrouge.com\/en\/wp-json\/wp\/v2\/media?parent=982"}],"curies":[{"name":"wp","href":"https:\/\/api.w.org\/{rel}","templated":true}]}}