{"id":964,"date":"2022-09-27T20:41:15","date_gmt":"2022-09-27T20:41:15","guid":{"rendered":"https:\/\/metrocite.devrouge.com\/completed-projects\/new-chomedey-townhouses\/"},"modified":"2026-03-23T14:23:23","modified_gmt":"2026-03-23T14:23:23","slug":"new-chomedey-townhouses","status":"publish","type":"page","link":"https:\/\/metrocite.devrouge.com\/en\/completed-projects\/new-chomedey-townhouses\/","title":{"rendered":"New Chomedey Townhouses"},"content":{"rendered":"<section class=\"wpb-content-wrapper\">[vc_row fullwidth=&#8221;true&#8221; el_class=&#8221;row-header&#8221; css=&#8221;.vc_custom_1671047756252{background-color: #f4f4f4 !important;}&#8221;][vc_column][vc_row_inner el_class=&#8221;header-bg-img&#8221; css=&#8221;.vc_custom_1700857105613{background-image: url(https:\/\/metrocite.devrouge.com\/wp-content\/uploads\/2023\/11\/slider-maisons-de-ville-nouveau-chomedy-metrocite-v1.jpg?id=28886) !important;background-position: center !important;background-repeat: no-repeat !important;background-size: cover !important;}&#8221;][vc_column_inner][\/vc_column_inner][\/vc_row_inner][\/vc_column][\/vc_row][vc_row fullwidth=&#8221;true&#8221; fullwidth_content=&#8221;false&#8221; el_class=&#8221;overflow-visible&#8221; css=&#8221;.vc_custom_1662134840825{background-color: #f4f4f4 !important;}&#8221;][vc_column][vc_row_inner is_fullwidth_content=&#8221;false&#8221; el_class=&#8221;trigger-title trigger-line&#8221;][vc_column_inner][vc_column_text disable_pattern=&#8221;false&#8221; align=&#8221;center&#8221; el_class=&#8221;contenu-padding row-nopadding-top&#8221; css=&#8221;.vc_custom_1700511431688{margin-bottom: 0px !important;}&#8221;]\n<div class=\"vertical-line\"><\/div>\n<h1 class=\" title\">New Chomedey Townhouses<\/h1>\n<p>&nbsp;<\/p>\n<p>With surrounding green spaces and municipal parks, the New Chomedey Townhouses project is located in a quiet neighbourhood, the perfect environment for young families.[\/vc_column_text][\/vc_column_inner][\/vc_row_inner][\/vc_column][\/vc_row][vc_row fullwidth=&#8221;true&#8221; el_class=&#8221;trigger-line-02 overflow-visible&#8221; css=&#8221;.vc_custom_1668622063950{background-color: #f4f4f4 !important;}&#8221;][vc_column el_class=&#8221;overflow-visible&#8221;][vc_raw_html]JTNDZGl2JTIwY2xhc3MlM0QlMjJ2ZXJ0aWNhbC1saW5lLTAyJTIwemluZGV4MCUyMGFkZC10b3AlMjIlM0UlM0MlMkZkaXYlM0U=[\/vc_raw_html]\n\t\t\t\t<p class=\"rs-p-wp-fix\"><\/p>\n\t\t\t\t<sr7-module data-alias=\"slider-maison-nouveau-chomedey\" data-id=\"3\" id=\"SR7_3_1\" class=\"slider-projet rs-ov-hidden\" data-version=\"6.7.51\">\n\t\t\t\t\t<sr7-adjuster><\/sr7-adjuster>\n\t\t\t\t\t<sr7-content>\n\t\t\t\t\t\t<sr7-slide id=\"SR7_3_1-31\" data-key=\"31\">\n\t\t\t\t\t\t\t<sr7-bg id=\"SR7_3_1-31-1\" class=\"sr7-layer\"><noscript><img decoding=\"async\" src=\"https:\/\/metrocite.devrouge.com\/wp-content\/uploads\/2022\/09\/slider-maison-de-ville-nouveau-chomedy-01.jpg\" alt=\"\" title=\"slider-maison-de-ville-nouveau-chomedy-01\"><\/noscript><\/sr7-bg>\n\t\t\t\t\t\t<\/sr7-slide>\n\t\t\t\t\t\t<sr7-slide id=\"SR7_3_1-32\" data-key=\"32\">\n\t\t\t\t\t\t\t<sr7-bg id=\"SR7_3_1-32-1\" class=\"sr7-layer\"><noscript><img decoding=\"async\" src=\"https:\/\/metrocite.devrouge.com\/wp-content\/uploads\/2022\/09\/slider-maison-de-ville-nouveau-chomedy-03.jpg\" alt=\"\" title=\"slider-maison-de-ville-nouveau-chomedy-03\"><\/noscript><\/sr7-bg>\n\t\t\t\t\t\t<\/sr7-slide>\n\t\t\t\t\t\t<sr7-slide id=\"SR7_3_1-33\" data-key=\"33\">\n\t\t\t\t\t\t\t<sr7-bg id=\"SR7_3_1-33-1\" class=\"sr7-layer\"><noscript><img decoding=\"async\" src=\"https:\/\/metrocite.devrouge.com\/wp-content\/uploads\/2022\/09\/slider-maison-de-ville-nouveau-chomedy-05.jpg\" alt=\"\" title=\"slider-maison-de-ville-nouveau-chomedy-05\"><\/noscript><\/sr7-bg>\n\t\t\t\t\t\t<\/sr7-slide>\n\t\t\t\t\t\t<sr7-slide id=\"SR7_3_1-35\" data-key=\"35\">\n\t\t\t\t\t\t<\/sr7-slide>\n\t\t\t\t\t<\/sr7-content>\n\t\t\t\t\t<image_lists style=\"display:none\">\n\t\t\t\t\t\t<img data-src=\"\/\/metrocite.devrouge.com\/wp-content\/uploads\/2022\/09\/slider-maison-de-ville-nouveau-chomedy-01.jpg\" data-libid=\"520\" data-lib=\"medialibrary\" title=\"slider-maison-de-ville-nouveau-chomedy-01\" width=\"0\" height=\"0\" data-dbsrc=\"Ly9tZXRyb2NpdGUuZGV2cm91Z2UuY29tL3dwLWNvbnRlbnQvdXBsb2Fkcy8yMDIyLzA5L3NsaWRlci1tYWlzb24tZGUtdmlsbGUtbm91dmVhdS1jaG9tZWR5LTAxLmpwZw==\"\/>\n\t\t\t\t\t\t<img data-src=\"\/\/metrocite.devrouge.com\/wp-content\/uploads\/2022\/09\/slider-maison-de-ville-nouveau-chomedy-03.jpg\" data-libid=\"522\" data-lib=\"medialibrary\" title=\"slider-maison-de-ville-nouveau-chomedy-03\" width=\"0\" height=\"0\" data-dbsrc=\"Ly9tZXRyb2NpdGUuZGV2cm91Z2UuY29tL3dwLWNvbnRlbnQvdXBsb2Fkcy8yMDIyLzA5L3NsaWRlci1tYWlzb24tZGUtdmlsbGUtbm91dmVhdS1jaG9tZWR5LTAzLmpwZw==\"\/>\n\t\t\t\t\t\t<img data-src=\"\/\/metrocite.devrouge.com\/wp-content\/uploads\/2022\/09\/slider-maison-de-ville-nouveau-chomedy-05.jpg\" data-libid=\"524\" data-lib=\"medialibrary\" title=\"slider-maison-de-ville-nouveau-chomedy-05\" width=\"0\" height=\"0\" data-dbsrc=\"Ly9tZXRyb2NpdGUuZGV2cm91Z2UuY29tL3dwLWNvbnRlbnQvdXBsb2Fkcy8yMDIyLzA5L3NsaWRlci1tYWlzb24tZGUtdmlsbGUtbm91dmVhdS1jaG9tZWR5LTA1LmpwZw==\"\/>\n\t\t\t\t\t<\/image_lists>\n\t\t\t\t<\/sr7-module>\n\t\t\t\t<script>\n\t\t\t\t\twindow.SR7 ??={};SR7.PMH ??={}; SR7.PMH[\"SR7_3_1\"] = {cn:100,state:false,fn: function() { if (window._tpt!==undefined && window._tpt.prepareModuleHeight !== undefined) {  _tpt.prepareModuleHeight({id:\"SR7_3_1\",el:[727,727,768,960,720],type:'standard',shdw:'0',gh:[727,727,503,382,236],gw:[1480,1480,1024,778,480],vpt:['-100px'],size:{fullWidth:false, fullHeight:false},mh:'0',onh:100,onw:0,bg:{color:'{\"orig\":\"transparent\",\"type\":\"solid\",\"string\":\"transparent\"}'}});   SR7.PMH[\"SR7_3_1\"].state=true;} else if(SR7.PMH[\"SR7_3_1\"].cn-->0)\tsetTimeout( SR7.PMH[\"SR7_3_1\"].fn,19);}};SR7.PMH[\"SR7_3_1\" ].fn();\n\t\t\t\t<\/script>\n[vc_row_inner css=&#8221;.vc_custom_1668622198249{background-color: #ffffff !important;}&#8221; el_class=&#8221;overflow-visible&#8221;][vc_column_inner el_class=&#8221;overflow-visible&#8221;][mk_padding_divider size=&#8221;75&#8243;][\/vc_column_inner][\/vc_row_inner][\/vc_column][\/vc_row][vc_row fullwidth=&#8221;true&#8221; fullwidth_content=&#8221;false&#8221;][vc_column][mk_padding_divider size=&#8221;50&#8243; visibility=&#8221;visible-sm&#8221;][mk_padding_divider size=&#8221;150&#8243; visibility=&#8221;hidden-sm&#8221;][vc_row_inner is_fullwidth_content=&#8221;false&#8221;][vc_column_inner][vc_column_text disable_pattern=&#8221;false&#8221; align=&#8221;center&#8221; animation=&#8221;bottom-to-top&#8221; css=&#8221;.vc_custom_1664397286570{margin-bottom: 0px !important;}&#8221;]\n<div class=\"trigger-title\">\n<h2 class=\" title\">Project overview<\/h2>\n<\/div>\n[\/vc_column_text][vc_column_text disable_pattern=&#8221;false&#8221; align=&#8221;center&#8221; animation=&#8221;fade-in&#8221; el_class=&#8221;contenu-padding&#8221; css=&#8221;.vc_custom_1670339725939{margin-bottom: 0px !important;}&#8221;]The New Chomedey Townhouses project includes 60 townhouses in the heart of a family-friendly neighbourhood, in proximity to parks and an abundance of green spaces. Located in the Chomedey neighbourhood in Laval, just a few steps away from Centropolis and the Carrefour Laval, this project also benefits from direct access to highways 440, 13 and 15.<\/p>\n<p>The New Chomedey project offers spacious 3-storey townhouses with a decidedly modern style, 3 bedrooms, a furnished backyard, an indoor garage and high-end finishes. Each property has 9-foot ceilings, hardwood flooring, quartz or granite countertops in the kitchen and bathroom, a grassy fenced backyard, as well as indoor and outdoor parking.<br \/>\n[\/vc_column_text][\/vc_column_inner][\/vc_row_inner][mk_padding_divider size=&#8221;30&#8243; visibility=&#8221;visible-sm&#8221;][mk_padding_divider size=&#8221;100&#8243; visibility=&#8221;hidden-sm&#8221;][\/vc_column][\/vc_row][vc_row fullwidth=&#8221;true&#8221;][vc_column][vc_row_inner][vc_column_inner width=&#8221;1\/4&#8243;][\/vc_column_inner][vc_column_inner width=&#8221;1\/2&#8243;][mk_custom_box padding_vertical=&#8221;0&#8243; padding_horizental=&#8221;0&#8243; margin_bottom=&#8221;0&#8243; bg_color=&#8221;#e56a25&#8243;][vc_column_text disable_pattern=&#8221;false&#8221; align=&#8221;center&#8221; animation=&#8221;fade-in&#8221; el_class=&#8221;box-avantages&#8221; css=&#8221;.vc_custom_1670339740438{margin-bottom: 0px !important;}&#8221;]\n<h3>Benefits of the project<\/h3>\n<p>&#8211; Private integrated project with complete landscaping<br \/>\n&#8211; Quiet and safe environment, close to all services<br \/>\n&#8211; Green spaces and municipal parks<br \/>\n&#8211; PO box area<br \/>\n&#8211; Paid infrastructures (City of Laval taxes not included)<br \/>\n&#8211; GCR guarantee plan[\/vc_column_text][\/mk_custom_box][\/vc_column_inner][vc_column_inner width=&#8221;1\/4&#8243;][\/vc_column_inner][\/vc_row_inner][mk_padding_divider size=&#8221;30&#8243; visibility=&#8221;visible-sm&#8221;][mk_padding_divider size=&#8221;100&#8243; visibility=&#8221;hidden-sm&#8221;][\/vc_column][\/vc_row][vc_row fullwidth=&#8221;true&#8221; fullwidth_content=&#8221;false&#8221;][vc_column][vc_single_image image=&#8221;28889&#8243; img_size=&#8221;full&#8221; alignment=&#8221;center&#8221;][mk_padding_divider size=&#8221;30&#8243; visibility=&#8221;visible-sm&#8221;][mk_padding_divider size=&#8221;50&#8243; visibility=&#8221;hidden-sm&#8221;][mk_button dimension=&#8221;flat&#8221; size=&#8221;large&#8221; url=&#8221;\/en\/completed-projects\/&#8221; align=&#8221;center&#8221; margin_bottom=&#8221;0&#8243; margin_right=&#8221;0&#8243; animation=&#8221;fade-in&#8221; el_class=&#8221;btn&#8221;]See other projects[\/mk_button][mk_padding_divider size=&#8221;100&#8243;][\/vc_column][\/vc_row]\n<\/section>","protected":false},"excerpt":{"rendered":"<p>[vc_row fullwidth=&#8221;true&#8221; el_class=&#8221;row-header&#8221; css=&#8221;.vc_custom_1671047756252{background-color: #f4f4f4 !important;}&#8221;][vc_column][vc_row_inner el_class=&#8221;header-bg-img&#8221; css=&#8221;.vc_custom_1700857105613{background-image: url(https:\/\/metrocite.devrouge.com\/wp-content\/uploads\/2023\/11\/slider-maisons-de-ville-nouveau-chomedy-metrocite-v1.jpg?id=28886) !important;background-position: center !important;background-repeat: no-repeat !important;background-size: cover !important;}&#8221;][vc_column_inner][\/vc_column_inner][\/vc_row_inner][\/vc_column][\/vc_row][vc_row fullwidth=&#8221;true&#8221; fullwidth_content=&#8221;false&#8221; el_class=&#8221;overflow-visible&#8221; css=&#8221;.vc_custom_1662134840825{background-color: #f4f4f4 !important;}&#8221;][vc_column][vc_row_inner is_fullwidth_content=&#8221;false&#8221; el_class=&#8221;trigger-title trigger-line&#8221;][vc_column_inner][vc_column_text disable_pattern=&#8221;false&#8221; align=&#8221;center&#8221; el_class=&#8221;contenu-padding row-nopadding-top&#8221; css=&#8221;.vc_custom_1700511431688{margin-bottom: 0px !important;}&#8221;] New Chomedey Townhouses &nbsp; With surrounding green spaces and municipal parks, the New Chomedey Townhouses project is located in a quiet neighbourhood, the [&hellip;]<\/p>\n","protected":false},"author":1,"featured_media":0,"parent":961,"menu_order":0,"comment_status":"closed","ping_status":"closed","template":"","meta":{"_acf_changed":false,"footnotes":""},"class_list":["post-964","page","type-page","status-publish","hentry"],"acf":[],"yoast_head":"<!-- This site is optimized with the Yoast SEO plugin v27.3 - https:\/\/yoast.com\/product\/yoast-seo-wordpress\/ -->\n<title>M\u00e9trocit\u00e9 | New Chomedey Townhouses<\/title>\n<meta name=\"description\" content=\"Discover M\u00e9trocit\u00e9\u2019s New Chomedey Townhouses project in Laval.\" \/>\n<meta name=\"robots\" content=\"noindex, follow, max-snippet:-1, max-image-preview:large, max-video-preview:-1\" \/>\n<meta property=\"og:locale\" content=\"en_US\" \/>\n<meta property=\"og:type\" content=\"article\" \/>\n<meta property=\"og:title\" content=\"M\u00e9trocit\u00e9 | New Chomedey Townhouses\" \/>\n<meta property=\"og:description\" content=\"Discover M\u00e9trocit\u00e9\u2019s New Chomedey Townhouses project in Laval.\" \/>\n<meta property=\"og:url\" content=\"https:\/\/metrocite.devrouge.com\/en\/completed-projects\/new-chomedey-townhouses\/\" \/>\n<meta property=\"og:site_name\" content=\"M\u00e9trocit\u00e9\" \/>\n<meta property=\"article:publisher\" content=\"https:\/\/www.facebook.com\/GroupeMetrocite?fref=ts\" \/>\n<meta property=\"article:modified_time\" content=\"2026-03-23T14:23:23+00:00\" \/>\n<meta property=\"og:image\" content=\"https:\/\/metrocite.devrouge.com\/wp-content\/uploads\/2022\/09\/logo-metrocite.jpg\" \/>\n\t<meta property=\"og:image:width\" content=\"279\" \/>\n\t<meta property=\"og:image:height\" content=\"255\" \/>\n\t<meta property=\"og:image:type\" content=\"image\/jpeg\" \/>\n<meta name=\"twitter:card\" content=\"summary_large_image\" \/>\n<meta name=\"twitter:label1\" content=\"Est. reading time\" \/>\n\t<meta name=\"twitter:data1\" content=\"2 minutes\" \/>\n<script type=\"application\/ld+json\" class=\"yoast-schema-graph\">{\"@context\":\"https:\\\/\\\/schema.org\",\"@graph\":[{\"@type\":\"WebPage\",\"@id\":\"https:\\\/\\\/metrocite.devrouge.com\\\/en\\\/completed-projects\\\/new-chomedey-townhouses\\\/\",\"url\":\"https:\\\/\\\/metrocite.devrouge.com\\\/en\\\/completed-projects\\\/new-chomedey-townhouses\\\/\",\"name\":\"M\u00e9trocit\u00e9 | New Chomedey Townhouses\",\"isPartOf\":{\"@id\":\"https:\\\/\\\/metrocite.devrouge.com\\\/#website\"},\"datePublished\":\"2022-09-27T20:41:15+00:00\",\"dateModified\":\"2026-03-23T14:23:23+00:00\",\"description\":\"Discover M\u00e9trocit\u00e9\u2019s New Chomedey Townhouses project in Laval.\",\"breadcrumb\":{\"@id\":\"https:\\\/\\\/metrocite.devrouge.com\\\/en\\\/completed-projects\\\/new-chomedey-townhouses\\\/#breadcrumb\"},\"inLanguage\":\"en-US\",\"potentialAction\":[{\"@type\":\"ReadAction\",\"target\":[\"https:\\\/\\\/metrocite.devrouge.com\\\/en\\\/completed-projects\\\/new-chomedey-townhouses\\\/\"]}]},{\"@type\":\"BreadcrumbList\",\"@id\":\"https:\\\/\\\/metrocite.devrouge.com\\\/en\\\/completed-projects\\\/new-chomedey-townhouses\\\/#breadcrumb\",\"itemListElement\":[{\"@type\":\"ListItem\",\"position\":1,\"name\":\"Accueil\",\"item\":\"https:\\\/\\\/metrocite.devrouge.com\\\/en\\\/home\\\/\"},{\"@type\":\"ListItem\",\"position\":2,\"name\":\"Completed projects\",\"item\":\"https:\\\/\\\/metrocite.devrouge.com\\\/projets-completes\\\/\"},{\"@type\":\"ListItem\",\"position\":3,\"name\":\"New Chomedey Townhouses\"}]},{\"@type\":\"WebSite\",\"@id\":\"https:\\\/\\\/metrocite.devrouge.com\\\/#website\",\"url\":\"https:\\\/\\\/metrocite.devrouge.com\\\/\",\"name\":\"M\u00e9trocit\u00e9\",\"description\":\"Condos \u00e0 vendre Dollard-des-Ormeaux et Condos \u00e0 louer laval\",\"potentialAction\":[{\"@type\":\"SearchAction\",\"target\":{\"@type\":\"EntryPoint\",\"urlTemplate\":\"https:\\\/\\\/metrocite.devrouge.com\\\/?s={search_term_string}\"},\"query-input\":{\"@type\":\"PropertyValueSpecification\",\"valueRequired\":true,\"valueName\":\"search_term_string\"}}],\"inLanguage\":\"en-US\"}]}<\/script>\n<!-- \/ Yoast SEO plugin. -->","yoast_head_json":{"title":"M\u00e9trocit\u00e9 | New Chomedey Townhouses","description":"Discover M\u00e9trocit\u00e9\u2019s New Chomedey Townhouses project in Laval.","robots":{"index":"noindex","follow":"follow","max-snippet":"max-snippet:-1","max-image-preview":"max-image-preview:large","max-video-preview":"max-video-preview:-1"},"og_locale":"en_US","og_type":"article","og_title":"M\u00e9trocit\u00e9 | New Chomedey Townhouses","og_description":"Discover M\u00e9trocit\u00e9\u2019s New Chomedey Townhouses project in Laval.","og_url":"https:\/\/metrocite.devrouge.com\/en\/completed-projects\/new-chomedey-townhouses\/","og_site_name":"M\u00e9trocit\u00e9","article_publisher":"https:\/\/www.facebook.com\/GroupeMetrocite?fref=ts","article_modified_time":"2026-03-23T14:23:23+00:00","og_image":[{"width":279,"height":255,"url":"https:\/\/metrocite.devrouge.com\/wp-content\/uploads\/2022\/09\/logo-metrocite.jpg","type":"image\/jpeg"}],"twitter_card":"summary_large_image","twitter_misc":{"Est. reading time":"2 minutes"},"schema":{"@context":"https:\/\/schema.org","@graph":[{"@type":"WebPage","@id":"https:\/\/metrocite.devrouge.com\/en\/completed-projects\/new-chomedey-townhouses\/","url":"https:\/\/metrocite.devrouge.com\/en\/completed-projects\/new-chomedey-townhouses\/","name":"M\u00e9trocit\u00e9 | New Chomedey Townhouses","isPartOf":{"@id":"https:\/\/metrocite.devrouge.com\/#website"},"datePublished":"2022-09-27T20:41:15+00:00","dateModified":"2026-03-23T14:23:23+00:00","description":"Discover M\u00e9trocit\u00e9\u2019s New Chomedey Townhouses project in Laval.","breadcrumb":{"@id":"https:\/\/metrocite.devrouge.com\/en\/completed-projects\/new-chomedey-townhouses\/#breadcrumb"},"inLanguage":"en-US","potentialAction":[{"@type":"ReadAction","target":["https:\/\/metrocite.devrouge.com\/en\/completed-projects\/new-chomedey-townhouses\/"]}]},{"@type":"BreadcrumbList","@id":"https:\/\/metrocite.devrouge.com\/en\/completed-projects\/new-chomedey-townhouses\/#breadcrumb","itemListElement":[{"@type":"ListItem","position":1,"name":"Accueil","item":"https:\/\/metrocite.devrouge.com\/en\/home\/"},{"@type":"ListItem","position":2,"name":"Completed projects","item":"https:\/\/metrocite.devrouge.com\/projets-completes\/"},{"@type":"ListItem","position":3,"name":"New Chomedey Townhouses"}]},{"@type":"WebSite","@id":"https:\/\/metrocite.devrouge.com\/#website","url":"https:\/\/metrocite.devrouge.com\/","name":"M\u00e9trocit\u00e9","description":"Condos \u00e0 vendre Dollard-des-Ormeaux et Condos \u00e0 louer laval","potentialAction":[{"@type":"SearchAction","target":{"@type":"EntryPoint","urlTemplate":"https:\/\/metrocite.devrouge.com\/?s={search_term_string}"},"query-input":{"@type":"PropertyValueSpecification","valueRequired":true,"valueName":"search_term_string"}}],"inLanguage":"en-US"}]}},"_links":{"self":[{"href":"https:\/\/metrocite.devrouge.com\/en\/wp-json\/wp\/v2\/pages\/964","targetHints":{"allow":["GET"]}}],"collection":[{"href":"https:\/\/metrocite.devrouge.com\/en\/wp-json\/wp\/v2\/pages"}],"about":[{"href":"https:\/\/metrocite.devrouge.com\/en\/wp-json\/wp\/v2\/types\/page"}],"author":[{"embeddable":true,"href":"https:\/\/metrocite.devrouge.com\/en\/wp-json\/wp\/v2\/users\/1"}],"replies":[{"embeddable":true,"href":"https:\/\/metrocite.devrouge.com\/en\/wp-json\/wp\/v2\/comments?post=964"}],"version-history":[{"count":6,"href":"https:\/\/metrocite.devrouge.com\/en\/wp-json\/wp\/v2\/pages\/964\/revisions"}],"predecessor-version":[{"id":31809,"href":"https:\/\/metrocite.devrouge.com\/en\/wp-json\/wp\/v2\/pages\/964\/revisions\/31809"}],"up":[{"embeddable":true,"href":"https:\/\/metrocite.devrouge.com\/en\/wp-json\/wp\/v2\/pages\/961"}],"wp:attachment":[{"href":"https:\/\/metrocite.devrouge.com\/en\/wp-json\/wp\/v2\/media?parent=964"}],"curies":[{"name":"wp","href":"https:\/\/api.w.org\/{rel}","templated":true}]}}