{"id":961,"date":"2022-09-19T20:18:17","date_gmt":"2022-09-19T20:18:17","guid":{"rendered":"https:\/\/metrocite.devrouge.com\/completed-projects\/"},"modified":"2023-11-24T20:30:18","modified_gmt":"2023-11-24T20:30:18","slug":"completed-projects","status":"publish","type":"page","link":"https:\/\/metrocite.devrouge.com\/en\/completed-projects\/","title":{"rendered":"Completed projects"},"content":{"rendered":"<section class=\"wpb-content-wrapper\">[vc_row fullwidth=&#8221;true&#8221; el_class=&#8221;row-header&#8221; css=&#8221;.vc_custom_1662477684406{background-color: #f4f4f4 !important;}&#8221;][vc_column][vc_row_inner el_class=&#8221;header-bg-img&#8221; css=&#8221;.vc_custom_1700857173532{background-image: url(https:\/\/metrocite.devrouge.com\/wp-content\/uploads\/2023\/11\/header-metrocite-projet-v1.jpg?id=28867) !important;background-position: center !important;background-repeat: no-repeat !important;background-size: cover !important;}&#8221;][vc_column_inner][\/vc_column_inner][\/vc_row_inner][\/vc_column][\/vc_row][vc_row fullwidth=&#8221;true&#8221; fullwidth_content=&#8221;false&#8221; el_class=&#8221;trigger-title trigger-line&#8221; css=&#8221;.vc_custom_1661886020881{background-color: #f4f4f4 !important;}&#8221;][vc_column][vc_row_inner is_fullwidth_content=&#8221;false&#8221;][vc_column_inner][vc_column_text disable_pattern=&#8221;false&#8221; align=&#8221;center&#8221; css=&#8221;.vc_custom_1670339610496{margin-bottom: 0px !important;}&#8221;]\n<div class=\"vertical-line\"><\/div>\n<h1 class=\" title\">Discover our completed projects<\/h1>\n[\/vc_column_text][mk_padding_divider size=&#8221;30&#8243;][vc_column_text disable_pattern=&#8221;false&#8221; align=&#8221;center&#8221; animation=&#8221;fade-in&#8221; el_class=&#8221;contenu-padding&#8221; css=&#8221;.vc_custom_1670339618246{margin-bottom: 0px !important;}&#8221;]M\u00e9trocit\u00e9 is a trusted real estate developer with thousands of units built and over 35 years of experience. Our projects are a guarantee of quality, durability, and a prime living environment.[\/vc_column_text][\/vc_column_inner][\/vc_row_inner][\/vc_column][\/vc_row][vc_row fullwidth=&#8221;true&#8221; fullwidth_content=&#8221;false&#8221; css=&#8221;.vc_custom_1670948969517{background-color: #f4f4f4 !important;}&#8221; el_class=&#8221;overflow-visible&#8221;][vc_column][vc_row_inner el_class=&#8221;row-map overflow-visible&#8221;][vc_column_inner][vc_raw_html]JTNDZGl2JTIwaWQlM0QlMjJtYXAtcHJvamV0LWNvbXBsZXRlLW1ldHJvY2l0ZSUyMiUzRSUzQyUyRmRpdiUzRQ==[\/vc_raw_html][\/vc_column_inner][\/vc_row_inner][\/vc_column][\/vc_row][vc_row fullwidth=&#8221;true&#8221; fullwidth_content=&#8221;false&#8221; el_class=&#8221;trigger-line-02&#8243;][vc_column][mk_padding_divider size=&#8221;250&#8243; visibility=&#8221;hidden-sm&#8221;][mk_padding_divider size=&#8221;150&#8243; visibility=&#8221;visible-sm&#8221;][vc_raw_html]JTNDZGl2JTIwY2xhc3MlM0QlMjJ2ZXJ0aWNhbC1saW5lLTAyJTIwemluZGV4LTElMjBoaWRlLW1vYmlsZS1saW5lJTIyJTNFJTNDJTJGZGl2JTNF[\/vc_raw_html][vc_row_inner el_id=&#8221;NouveauChomedy&#8221; el_class=&#8221;row-flex fullwidth-tablet&#8221;][vc_column_inner width=&#8221;7\/12&#8243;][vc_single_image image=&#8221;28994&#8243; img_size=&#8221;full&#8221; alignment=&#8221;center&#8221;][\/vc_column_inner][vc_column_inner el_class=&#8221;inner-padding&#8221; width=&#8221;5\/12&#8243;][vc_column_text disable_pattern=&#8221;false&#8221; el_class=&#8221;center-mobile&#8221; css=&#8221;.vc_custom_1700593853444{margin-bottom: 0px !important;}&#8221;]\n<h3>NEW CHOMEDEY TOWNHOUSES<\/h3>\n<p>With its surrounding green spaces and municipal parks, this project of 60 townhouses located in a quiet neighbourhood offers the perfect environment for young families.[\/vc_column_text][mk_button dimension=&#8221;flat&#8221; size=&#8221;large&#8221; url=&#8221;\/projets-completes\/les-maisons-de-ville-du-nouveau-chomedey\/&#8221; margin_bottom=&#8221;0&#8243; margin_right=&#8221;0&#8243; animation=&#8221;fade-in&#8221; el_class=&#8221;btn center-mobile&#8221;]Learn more[\/mk_button][\/vc_column_inner][\/vc_row_inner][mk_padding_divider size=&#8221;100&#8243; visibility=&#8221;hidden-sm&#8221;][mk_padding_divider size=&#8221;10&#8243; visibility=&#8221;visible-sm&#8221;][vc_row_inner el_id=&#8221;CondosSquareJean-Beraud&#8221; el_class=&#8221;row-flex row-mobile-change-position-02 fullwidth-tablet&#8221;][vc_column_inner el_class=&#8221;inner-padding&#8221; width=&#8221;5\/12&#8243;][vc_column_text disable_pattern=&#8221;false&#8221; el_class=&#8221;center-mobile&#8221; css=&#8221;.vc_custom_1700593857977{margin-bottom: 0px !important;}&#8221;]\n<h3>SQUARE JEAN-B\u00c9RAUD CONDOS<\/h3>\n<p>This project, which includes 7 buildings with new condos, offers owners exclusive access to an outdoor swimming pool, a hiking trail, a gym, and indoor\/outdoor parking with charging stations for electric vehicles.[\/vc_column_text][mk_button dimension=&#8221;flat&#8221; size=&#8221;large&#8221; url=&#8221;\/projets-completes\/les-condos-du-square-jean-beraud\/&#8221; margin_bottom=&#8221;0&#8243; margin_right=&#8221;0&#8243; animation=&#8221;fade-in&#8221; el_class=&#8221;btn center-mobile&#8221;]Learn more[\/mk_button][\/vc_column_inner][vc_column_inner width=&#8221;7\/12&#8243;][vc_single_image image=&#8221;28869&#8243; img_size=&#8221;full&#8221; alignment=&#8221;center&#8221;][\/vc_column_inner][\/vc_row_inner][mk_padding_divider size=&#8221;100&#8243; visibility=&#8221;hidden-sm&#8221;][mk_padding_divider size=&#8221;10&#8243; visibility=&#8221;visible-sm&#8221;][vc_row_inner el_id=&#8221;CondosTerrassesJean-Beraud&#8221; el_class=&#8221;row-flex fullwidth-tablet&#8221;][vc_column_inner width=&#8221;7\/12&#8243;][vc_single_image image=&#8221;28992&#8243; img_size=&#8221;full&#8221; alignment=&#8221;center&#8221;][\/vc_column_inner][vc_column_inner el_class=&#8221;inner-padding&#8221; width=&#8221;5\/12&#8243;][vc_column_text disable_pattern=&#8221;false&#8221; el_class=&#8221;center-mobile&#8221; css=&#8221;.vc_custom_1700593861959{margin-bottom: 0px !important;}&#8221;]\n<h3>JEAN-B\u00c9RAUD TERRACES CONDOS<\/h3>\n<p>The 114-unit Jean-B\u00e9raud Terraces project offers condos with a modern, urban style and access to a fully appointed terrace and courtyard.[\/vc_column_text][mk_button dimension=&#8221;flat&#8221; size=&#8221;large&#8221; url=&#8221;\/projets-completes\/les-condos-des-terrasses-jean-beraud\/&#8221; margin_bottom=&#8221;0&#8243; margin_right=&#8221;0&#8243; animation=&#8221;fade-in&#8221; el_class=&#8221;btn center-mobile&#8221;]Learn more[\/mk_button][\/vc_column_inner][\/vc_row_inner][mk_padding_divider size=&#8221;100&#8243;][\/vc_column][\/vc_row]\n<\/section>","protected":false},"excerpt":{"rendered":"<p>[vc_row fullwidth=&#8221;true&#8221; el_class=&#8221;row-header&#8221; css=&#8221;.vc_custom_1662477684406{background-color: #f4f4f4 !important;}&#8221;][vc_column][vc_row_inner el_class=&#8221;header-bg-img&#8221; css=&#8221;.vc_custom_1700857173532{background-image: url(https:\/\/metrocite.devrouge.com\/wp-content\/uploads\/2023\/11\/header-metrocite-projet-v1.jpg?id=28867) !important;background-position: center !important;background-repeat: no-repeat !important;background-size: cover !important;}&#8221;][vc_column_inner][\/vc_column_inner][\/vc_row_inner][\/vc_column][\/vc_row][vc_row fullwidth=&#8221;true&#8221; fullwidth_content=&#8221;false&#8221; el_class=&#8221;trigger-title trigger-line&#8221; css=&#8221;.vc_custom_1661886020881{background-color: #f4f4f4 !important;}&#8221;][vc_column][vc_row_inner is_fullwidth_content=&#8221;false&#8221;][vc_column_inner][vc_column_text disable_pattern=&#8221;false&#8221; align=&#8221;center&#8221; css=&#8221;.vc_custom_1670339610496{margin-bottom: 0px !important;}&#8221;] Discover our completed projects [\/vc_column_text][mk_padding_divider size=&#8221;30&#8243;][vc_column_text disable_pattern=&#8221;false&#8221; align=&#8221;center&#8221; animation=&#8221;fade-in&#8221; el_class=&#8221;contenu-padding&#8221; css=&#8221;.vc_custom_1670339618246{margin-bottom: 0px !important;}&#8221;]M\u00e9trocit\u00e9 is a trusted real estate developer with thousands of units built and over [&hellip;]<\/p>\n","protected":false},"author":1,"featured_media":0,"parent":0,"menu_order":0,"comment_status":"closed","ping_status":"closed","template":"","meta":{"_acf_changed":false,"footnotes":""},"class_list":["post-961","page","type-page","status-publish","hentry"],"acf":[],"yoast_head":"<!-- This site is optimized with the Yoast SEO plugin v27.3 - https:\/\/yoast.com\/product\/yoast-seo-wordpress\/ -->\n<title>M\u00e9trocit\u00e9 | Completed real estate projects<\/title>\n<meta name=\"description\" content=\"Discover the residential projects created by M\u00e9trocit\u00e9, a trusted real estate developer with over 35 years of experience.\" \/>\n<meta name=\"robots\" content=\"noindex, follow, max-snippet:-1, max-image-preview:large, max-video-preview:-1\" \/>\n<meta property=\"og:locale\" content=\"en_US\" \/>\n<meta property=\"og:type\" content=\"article\" \/>\n<meta property=\"og:title\" content=\"M\u00e9trocit\u00e9 | Completed real estate projects\" \/>\n<meta property=\"og:description\" content=\"Discover the residential projects created by M\u00e9trocit\u00e9, a trusted real estate developer with over 35 years of experience.\" \/>\n<meta property=\"og:url\" content=\"https:\/\/metrocite.devrouge.com\/projets-completes\/\" \/>\n<meta property=\"og:site_name\" content=\"M\u00e9trocit\u00e9\" \/>\n<meta property=\"article:publisher\" content=\"https:\/\/www.facebook.com\/GroupeMetrocite?fref=ts\" \/>\n<meta property=\"article:modified_time\" content=\"2023-11-24T20:30:18+00:00\" \/>\n<meta property=\"og:image\" content=\"https:\/\/metrocite.devrouge.com\/wp-content\/uploads\/2022\/09\/logo-metrocite.jpg\" \/>\n\t<meta property=\"og:image:width\" content=\"279\" \/>\n\t<meta property=\"og:image:height\" content=\"255\" \/>\n\t<meta property=\"og:image:type\" content=\"image\/jpeg\" \/>\n<meta name=\"twitter:card\" content=\"summary_large_image\" \/>\n<meta name=\"twitter:label1\" content=\"Est. reading time\" \/>\n\t<meta name=\"twitter:data1\" content=\"2 minutes\" \/>\n<script type=\"application\/ld+json\" class=\"yoast-schema-graph\">{\"@context\":\"https:\\\/\\\/schema.org\",\"@graph\":[{\"@type\":\"WebPage\",\"@id\":\"https:\\\/\\\/metrocite.devrouge.com\\\/projets-completes\\\/\",\"url\":\"https:\\\/\\\/metrocite.devrouge.com\\\/projets-completes\\\/\",\"name\":\"M\u00e9trocit\u00e9 | Completed real estate projects\",\"isPartOf\":{\"@id\":\"https:\\\/\\\/metrocite.devrouge.com\\\/#website\"},\"datePublished\":\"2022-09-19T20:18:17+00:00\",\"dateModified\":\"2023-11-24T20:30:18+00:00\",\"description\":\"Discover the residential projects created by M\u00e9trocit\u00e9, a trusted real estate developer with over 35 years of experience.\",\"breadcrumb\":{\"@id\":\"https:\\\/\\\/metrocite.devrouge.com\\\/projets-completes\\\/#breadcrumb\"},\"inLanguage\":\"en-US\",\"potentialAction\":[{\"@type\":\"ReadAction\",\"target\":[\"https:\\\/\\\/metrocite.devrouge.com\\\/projets-completes\\\/\"]}]},{\"@type\":\"BreadcrumbList\",\"@id\":\"https:\\\/\\\/metrocite.devrouge.com\\\/projets-completes\\\/#breadcrumb\",\"itemListElement\":[{\"@type\":\"ListItem\",\"position\":1,\"name\":\"Accueil\",\"item\":\"https:\\\/\\\/metrocite.devrouge.com\\\/en\\\/home\\\/\"},{\"@type\":\"ListItem\",\"position\":2,\"name\":\"Completed projects\"}]},{\"@type\":\"WebSite\",\"@id\":\"https:\\\/\\\/metrocite.devrouge.com\\\/#website\",\"url\":\"https:\\\/\\\/metrocite.devrouge.com\\\/\",\"name\":\"M\u00e9trocit\u00e9\",\"description\":\"Condos \u00e0 vendre Dollard-des-Ormeaux et Condos \u00e0 louer laval\",\"potentialAction\":[{\"@type\":\"SearchAction\",\"target\":{\"@type\":\"EntryPoint\",\"urlTemplate\":\"https:\\\/\\\/metrocite.devrouge.com\\\/?s={search_term_string}\"},\"query-input\":{\"@type\":\"PropertyValueSpecification\",\"valueRequired\":true,\"valueName\":\"search_term_string\"}}],\"inLanguage\":\"en-US\"}]}<\/script>\n<!-- \/ Yoast SEO plugin. -->","yoast_head_json":{"title":"M\u00e9trocit\u00e9 | Completed real estate projects","description":"Discover the residential projects created by M\u00e9trocit\u00e9, a trusted real estate developer with over 35 years of experience.","robots":{"index":"noindex","follow":"follow","max-snippet":"max-snippet:-1","max-image-preview":"max-image-preview:large","max-video-preview":"max-video-preview:-1"},"og_locale":"en_US","og_type":"article","og_title":"M\u00e9trocit\u00e9 | Completed real estate projects","og_description":"Discover the residential projects created by M\u00e9trocit\u00e9, a trusted real estate developer with over 35 years of experience.","og_url":"https:\/\/metrocite.devrouge.com\/projets-completes\/","og_site_name":"M\u00e9trocit\u00e9","article_publisher":"https:\/\/www.facebook.com\/GroupeMetrocite?fref=ts","article_modified_time":"2023-11-24T20:30:18+00:00","og_image":[{"width":279,"height":255,"url":"https:\/\/metrocite.devrouge.com\/wp-content\/uploads\/2022\/09\/logo-metrocite.jpg","type":"image\/jpeg"}],"twitter_card":"summary_large_image","twitter_misc":{"Est. reading time":"2 minutes"},"schema":{"@context":"https:\/\/schema.org","@graph":[{"@type":"WebPage","@id":"https:\/\/metrocite.devrouge.com\/projets-completes\/","url":"https:\/\/metrocite.devrouge.com\/projets-completes\/","name":"M\u00e9trocit\u00e9 | Completed real estate projects","isPartOf":{"@id":"https:\/\/metrocite.devrouge.com\/#website"},"datePublished":"2022-09-19T20:18:17+00:00","dateModified":"2023-11-24T20:30:18+00:00","description":"Discover the residential projects created by M\u00e9trocit\u00e9, a trusted real estate developer with over 35 years of experience.","breadcrumb":{"@id":"https:\/\/metrocite.devrouge.com\/projets-completes\/#breadcrumb"},"inLanguage":"en-US","potentialAction":[{"@type":"ReadAction","target":["https:\/\/metrocite.devrouge.com\/projets-completes\/"]}]},{"@type":"BreadcrumbList","@id":"https:\/\/metrocite.devrouge.com\/projets-completes\/#breadcrumb","itemListElement":[{"@type":"ListItem","position":1,"name":"Accueil","item":"https:\/\/metrocite.devrouge.com\/en\/home\/"},{"@type":"ListItem","position":2,"name":"Completed projects"}]},{"@type":"WebSite","@id":"https:\/\/metrocite.devrouge.com\/#website","url":"https:\/\/metrocite.devrouge.com\/","name":"M\u00e9trocit\u00e9","description":"Condos \u00e0 vendre Dollard-des-Ormeaux et Condos \u00e0 louer laval","potentialAction":[{"@type":"SearchAction","target":{"@type":"EntryPoint","urlTemplate":"https:\/\/metrocite.devrouge.com\/?s={search_term_string}"},"query-input":{"@type":"PropertyValueSpecification","valueRequired":true,"valueName":"search_term_string"}}],"inLanguage":"en-US"}]}},"_links":{"self":[{"href":"https:\/\/metrocite.devrouge.com\/en\/wp-json\/wp\/v2\/pages\/961","targetHints":{"allow":["GET"]}}],"collection":[{"href":"https:\/\/metrocite.devrouge.com\/en\/wp-json\/wp\/v2\/pages"}],"about":[{"href":"https:\/\/metrocite.devrouge.com\/en\/wp-json\/wp\/v2\/types\/page"}],"author":[{"embeddable":true,"href":"https:\/\/metrocite.devrouge.com\/en\/wp-json\/wp\/v2\/users\/1"}],"replies":[{"embeddable":true,"href":"https:\/\/metrocite.devrouge.com\/en\/wp-json\/wp\/v2\/comments?post=961"}],"version-history":[{"count":5,"href":"https:\/\/metrocite.devrouge.com\/en\/wp-json\/wp\/v2\/pages\/961\/revisions"}],"predecessor-version":[{"id":29813,"href":"https:\/\/metrocite.devrouge.com\/en\/wp-json\/wp\/v2\/pages\/961\/revisions\/29813"}],"wp:attachment":[{"href":"https:\/\/metrocite.devrouge.com\/en\/wp-json\/wp\/v2\/media?parent=961"}],"curies":[{"name":"wp","href":"https:\/\/api.w.org\/{rel}","templated":true}]}}