{"id":958,"date":"2022-09-06T20:33:50","date_gmt":"2022-09-06T20:33:50","guid":{"rendered":"https:\/\/metrocite.devrouge.com\/our-team\/"},"modified":"2023-11-24T21:25:04","modified_gmt":"2023-11-24T21:25:04","slug":"our-team","status":"publish","type":"page","link":"https:\/\/metrocite.devrouge.com\/en\/our-team\/","title":{"rendered":"Our team"},"content":{"rendered":"<section class=\"wpb-content-wrapper\">[vc_row fullwidth=&#8221;true&#8221; el_class=&#8221;row-header&#8221; css=&#8221;.vc_custom_1662477684406{background-color: #f4f4f4 !important;}&#8221;][vc_column][vc_row_inner el_class=&#8221;header-bg-img&#8221; css=&#8221;.vc_custom_1700856956231{background-image: url(https:\/\/metrocite.devrouge.com\/wp-content\/uploads\/2023\/11\/header-metrocite-notre-equipe-v1.jpg?id=28863) !important;background-position: center !important;background-repeat: no-repeat !important;background-size: cover !important;}&#8221;][vc_column_inner][\/vc_column_inner][\/vc_row_inner][\/vc_column][\/vc_row][vc_row fullwidth=&#8221;true&#8221; fullwidth_content=&#8221;false&#8221; el_class=&#8221;trigger-title trigger-line overflow-visible&#8221; css=&#8221;.vc_custom_1662738945584{background-color: #f4f4f4 !important;}&#8221;][vc_column][vc_row_inner is_fullwidth_content=&#8221;false&#8221;][vc_column_inner][vc_column_text disable_pattern=&#8221;false&#8221; align=&#8221;center&#8221; css=&#8221;.vc_custom_1662479337778{margin-bottom: 0px !important;}&#8221;]\n<div class=\"vertical-line\"><\/div>\n<h1 class=\" title\">Our team<\/h1>\n[\/vc_column_text][mk_padding_divider size=&#8221;50&#8243; visibility=&#8221;hidden-sm&#8221;][mk_padding_divider size=&#8221;20&#8243; visibility=&#8221;visible-sm&#8221;][vc_column_text disable_pattern=&#8221;false&#8221; align=&#8221;center&#8221; animation=&#8221;fade-in&#8221; el_class=&#8221;contenu-padding&#8221; css=&#8221;.vc_custom_1693337645602{margin-bottom: 0px !important;}&#8221;]Building on extensive experience in residential complex development, the M\u00e9trocit\u00e9 team aims to create distinctive living spaces that will have our diverse clientele say: \u201cIt feels like I\u2019ve always lived here!\u201d<br \/>\n[\/vc_column_text][mk_padding_divider size=&#8221;50&#8243; visibility=&#8221;hidden-sm&#8221;][mk_padding_divider size=&#8221;20&#8243; visibility=&#8221;visible-sm&#8221;][\/vc_column_inner][\/vc_row_inner][\/vc_column][\/vc_row][vc_row][vc_column][mk_padding_divider size=&#8221;50&#8243; visibility=&#8221;hidden-sm&#8221;][mk_padding_divider size=&#8221;20&#8243; visibility=&#8221;visible-sm&#8221;][vc_column_text disable_pattern=&#8221;false&#8221; align=&#8221;center&#8221; animation=&#8221;fade-in&#8221; el_class=&#8221;contenu-padding&#8221; css=&#8221;.vc_custom_1693337657149{margin-bottom: 0px !important;}&#8221;]\n<h2>A visionary team by your side<\/h2>\n[\/vc_column_text][mk_padding_divider size=&#8221;50&#8243; visibility=&#8221;hidden-sm&#8221;][\/vc_column][\/vc_row][vc_row fullwidth=&#8221;true&#8221; fullwidth_content=&#8221;false&#8221; el_class=&#8221;row-equipe&#8221;][vc_column][vc_row_inner el_class=&#8221;row-align-top row-infos&#8221;][vc_column_inner width=&#8221;1\/3&#8243;][mk_employees rounded_image=&#8221;false&#8221; grayscale_image=&#8221;false&#8221; count=&#8221;3&#8243; description=&#8221;false&#8221; order=&#8221;ASC&#8221; el_class=&#8221;employe-position&#8221; employees=&#8221;1042&#8243;][\/vc_column_inner][vc_column_inner width=&#8221;1\/3&#8243;][mk_employees rounded_image=&#8221;false&#8221; grayscale_image=&#8221;false&#8221; count=&#8221;3&#8243; description=&#8221;false&#8221; order=&#8221;ASC&#8221; el_class=&#8221;employe-position&#8221; employees=&#8221;1041&#8243;][\/vc_column_inner][vc_column_inner width=&#8221;1\/3&#8243;][mk_employees rounded_image=&#8221;false&#8221; grayscale_image=&#8221;false&#8221; count=&#8221;3&#8243; description=&#8221;false&#8221; order=&#8221;ASC&#8221; el_class=&#8221;employe-position&#8221; employees=&#8221;1040&#8243;][\/vc_column_inner][\/vc_row_inner][mk_padding_divider size=&#8221;25&#8243; visibility=&#8221;hidden-sm&#8221;][vc_raw_html]PGRpdiBjbGFzcz0ibGluZS1zZXBhcmF0b3IiPjwvZGl2Pg==[\/vc_raw_html][mk_padding_divider size=&#8221;50&#8243; visibility=&#8221;hidden-sm&#8221;][vc_row_inner el_class=&#8221;row-align-top row-infos&#8221;][vc_column_inner width=&#8221;1\/3&#8243;][vc_column_text disable_pattern=&#8221;false&#8221; el_class=&#8221;coordo&#8221; css=&#8221;.vc_custom_1695052390217{margin-bottom: 0px !important;}&#8221;]\n<h3 class=\"orange\">Sales<\/h3>\n<p><a class=\"hover-remove-underline\" href=\"tel:514-316-8003\">514 316-8003<\/a><br \/>\n<a class=\"hover-remove-underline\" href=\"mailto:ventes@metrocite.ca\">ventes@metrocite.ca<\/a>[\/vc_column_text][\/vc_column_inner][vc_column_inner width=&#8221;1\/3&#8243;][vc_column_text disable_pattern=&#8221;false&#8221; el_class=&#8221;coordo&#8221; css=&#8221;.vc_custom_1695052404679{margin-bottom: 0px !important;}&#8221;]\n<h3 class=\"orange\">Rentals<\/h3>\n<p><a class=\"hover-remove-underline\" href=\"tel:450-934-2043\">450 934-2043<\/a><br \/>\n<a class=\"hover-remove-underline\" href=\"mailto:location@metrocite.ca\">location@metrocite.ca<\/a>[\/vc_column_text][\/vc_column_inner][vc_column_inner width=&#8221;1\/3&#8243;][vc_column_text disable_pattern=&#8221;false&#8221; el_class=&#8221;coordo&#8221; css=&#8221;.vc_custom_1693336790356{margin-bottom: 0px !important;}&#8221;]\n<h3 class=\"orange\">Customer service<\/h3>\n<p><a class=\"hover-remove-underline\" href=\"tel:450-934-9501\">450 934-9501<\/a> <span class=\"orange\">|<\/span> Ext: 0<br \/>\n<a class=\"hover-remove-underline\" href=\"mailto:reception@metrocite.ca\">reception@metrocite.ca<\/a>[\/vc_column_text][\/vc_column_inner][\/vc_row_inner][mk_padding_divider size=&#8221;25&#8243;][vc_raw_html]PGRpdiBjbGFzcz0ibGluZS1zZXBhcmF0b3IiPjwvZGl2Pg==[\/vc_raw_html][mk_padding_divider size=&#8221;25&#8243;][vc_row_inner][vc_column_inner width=&#8221;1\/3&#8243;][vc_column_text disable_pattern=&#8221;false&#8221; el_class=&#8221;coordo&#8221; css=&#8221;.vc_custom_1695052370551{margin-bottom: 0px !important;}&#8221;]\n<h3 class=\"orange\">Accounting<\/h3>\n<p><a class=\"hover-remove-underline\" href=\"tel:450-934-9501\">450 934-9501<\/a> <span class=\"orange\">|<\/span> Ext: 233<br \/>\n<a class=\"hover-remove-underline\" href=\"mailto:comptabilite@metrocite.ca\">comptabilite@metrocite.ca<\/a>[\/vc_column_text][\/vc_column_inner][vc_column_inner width=&#8221;1\/3&#8243;][vc_column_text disable_pattern=&#8221;false&#8221; el_class=&#8221;coordo&#8221; css=&#8221;.vc_custom_1695052377317{margin-bottom: 0px !important;}&#8221;]\n<h3 class=\"orange\">Marketing<\/h3>\n<p><a class=\"hover-remove-underline\" href=\"tel:450-934-9501\">450 934-9501<\/a> <span class=\"orange\">|<\/span> Ext: 223<br \/>\n<a class=\"hover-remove-underline\" href=\"mailto:marketing@metrocite.ca\">marketing@metrocite.ca<\/a>[\/vc_column_text][\/vc_column_inner][vc_column_inner width=&#8221;1\/3&#8243;][vc_column_text disable_pattern=&#8221;false&#8221; el_class=&#8221;coordo&#8221; css=&#8221;.vc_custom_1695052493704{margin-bottom: 0px !important;}&#8221;]\n<h3 class=\"orange\">Human<br \/>\nRessources<\/h3>\n<p><a class=\"hover-remove-underline\" href=\"tel:450-934-9501\">450 934-9501<\/a> <span class=\"orange\">|<\/span> Ext: 245<br \/>\n<a class=\"hover-remove-underline\" href=\"mailto:rh@metrocite.ca\">rh@metrocite.ca<\/a>[\/vc_column_text][\/vc_column_inner][\/vc_row_inner][mk_padding_divider size=&#8221;25&#8243;][vc_raw_html]PGRpdiBjbGFzcz0ibGluZS1zZXBhcmF0b3IiPjwvZGl2Pg==[\/vc_raw_html][mk_padding_divider size=&#8221;25&#8243;][\/vc_column][\/vc_row][vc_row fullwidth=&#8221;true&#8221;][vc_column][mk_padding_divider size=&#8221;100&#8243;][\/vc_column][\/vc_row]\n<\/section>","protected":false},"excerpt":{"rendered":"<p>[vc_row fullwidth=&#8221;true&#8221; el_class=&#8221;row-header&#8221; css=&#8221;.vc_custom_1662477684406{background-color: #f4f4f4 !important;}&#8221;][vc_column][vc_row_inner el_class=&#8221;header-bg-img&#8221; css=&#8221;.vc_custom_1700856956231{background-image: url(https:\/\/metrocite.devrouge.com\/wp-content\/uploads\/2023\/11\/header-metrocite-notre-equipe-v1.jpg?id=28863) !important;background-position: center !important;background-repeat: no-repeat !important;background-size: cover !important;}&#8221;][vc_column_inner][\/vc_column_inner][\/vc_row_inner][\/vc_column][\/vc_row][vc_row fullwidth=&#8221;true&#8221; fullwidth_content=&#8221;false&#8221; el_class=&#8221;trigger-title trigger-line overflow-visible&#8221; css=&#8221;.vc_custom_1662738945584{background-color: #f4f4f4 !important;}&#8221;][vc_column][vc_row_inner is_fullwidth_content=&#8221;false&#8221;][vc_column_inner][vc_column_text disable_pattern=&#8221;false&#8221; align=&#8221;center&#8221; css=&#8221;.vc_custom_1662479337778{margin-bottom: 0px !important;}&#8221;] Our team [\/vc_column_text][mk_padding_divider size=&#8221;50&#8243; visibility=&#8221;hidden-sm&#8221;][mk_padding_divider size=&#8221;20&#8243; visibility=&#8221;visible-sm&#8221;][vc_column_text disable_pattern=&#8221;false&#8221; align=&#8221;center&#8221; animation=&#8221;fade-in&#8221; el_class=&#8221;contenu-padding&#8221; css=&#8221;.vc_custom_1693337645602{margin-bottom: 0px !important;}&#8221;]Building on extensive experience in residential complex development, the M\u00e9trocit\u00e9 team aims [&hellip;]<\/p>\n","protected":false},"author":1,"featured_media":0,"parent":0,"menu_order":0,"comment_status":"closed","ping_status":"closed","template":"","meta":{"_acf_changed":false,"footnotes":""},"class_list":["post-958","page","type-page","status-publish","hentry"],"acf":[],"yoast_head":"<!-- This site is optimized with the Yoast SEO plugin v27.3 - https:\/\/yoast.com\/product\/yoast-seo-wordpress\/ -->\n<title>Meet a dedicated team that truly cares about offering exceptional homes.<\/title>\n<meta name=\"description\" content=\"With its expertise and client-centred approach, M\u00e9trocit\u00e9\u2019s team ensures a seamless experience for the purchase or rental of your condo.\" \/>\n<meta name=\"robots\" content=\"noindex, follow, max-snippet:-1, max-image-preview:large, max-video-preview:-1\" \/>\n<meta property=\"og:locale\" content=\"en_US\" \/>\n<meta property=\"og:type\" content=\"article\" \/>\n<meta property=\"og:title\" content=\"Meet a dedicated team that truly cares about offering exceptional homes.\" \/>\n<meta property=\"og:description\" content=\"With its expertise and client-centred approach, M\u00e9trocit\u00e9\u2019s team ensures a seamless experience for the purchase or rental of your condo.\" \/>\n<meta property=\"og:url\" content=\"https:\/\/metrocite.devrouge.com\/notre-equipe\/\" \/>\n<meta property=\"og:site_name\" content=\"M\u00e9trocit\u00e9\" \/>\n<meta property=\"article:publisher\" content=\"https:\/\/www.facebook.com\/GroupeMetrocite?fref=ts\" \/>\n<meta property=\"article:modified_time\" content=\"2023-11-24T21:25:04+00:00\" \/>\n<meta property=\"og:image\" content=\"https:\/\/metrocite.devrouge.com\/wp-content\/uploads\/2022\/09\/logo-metrocite.jpg\" \/>\n\t<meta property=\"og:image:width\" content=\"279\" \/>\n\t<meta property=\"og:image:height\" content=\"255\" \/>\n\t<meta property=\"og:image:type\" content=\"image\/jpeg\" \/>\n<meta name=\"twitter:card\" content=\"summary_large_image\" \/>\n<meta name=\"twitter:label1\" content=\"Est. reading time\" \/>\n\t<meta name=\"twitter:data1\" content=\"2 minutes\" \/>\n<script type=\"application\/ld+json\" class=\"yoast-schema-graph\">{\"@context\":\"https:\\\/\\\/schema.org\",\"@graph\":[{\"@type\":\"WebPage\",\"@id\":\"https:\\\/\\\/metrocite.devrouge.com\\\/notre-equipe\\\/\",\"url\":\"https:\\\/\\\/metrocite.devrouge.com\\\/notre-equipe\\\/\",\"name\":\"Meet a dedicated team that truly cares about offering exceptional homes.\",\"isPartOf\":{\"@id\":\"https:\\\/\\\/metrocite.devrouge.com\\\/#website\"},\"datePublished\":\"2022-09-06T20:33:50+00:00\",\"dateModified\":\"2023-11-24T21:25:04+00:00\",\"description\":\"With its expertise and client-centred approach, M\u00e9trocit\u00e9\u2019s team ensures a seamless experience for the purchase or rental of your condo.\",\"breadcrumb\":{\"@id\":\"https:\\\/\\\/metrocite.devrouge.com\\\/notre-equipe\\\/#breadcrumb\"},\"inLanguage\":\"en-US\",\"potentialAction\":[{\"@type\":\"ReadAction\",\"target\":[\"https:\\\/\\\/metrocite.devrouge.com\\\/notre-equipe\\\/\"]}]},{\"@type\":\"BreadcrumbList\",\"@id\":\"https:\\\/\\\/metrocite.devrouge.com\\\/notre-equipe\\\/#breadcrumb\",\"itemListElement\":[{\"@type\":\"ListItem\",\"position\":1,\"name\":\"Accueil\",\"item\":\"https:\\\/\\\/metrocite.devrouge.com\\\/en\\\/home\\\/\"},{\"@type\":\"ListItem\",\"position\":2,\"name\":\"Our team\"}]},{\"@type\":\"WebSite\",\"@id\":\"https:\\\/\\\/metrocite.devrouge.com\\\/#website\",\"url\":\"https:\\\/\\\/metrocite.devrouge.com\\\/\",\"name\":\"M\u00e9trocit\u00e9\",\"description\":\"Condos \u00e0 vendre Dollard-des-Ormeaux et Condos \u00e0 louer laval\",\"potentialAction\":[{\"@type\":\"SearchAction\",\"target\":{\"@type\":\"EntryPoint\",\"urlTemplate\":\"https:\\\/\\\/metrocite.devrouge.com\\\/?s={search_term_string}\"},\"query-input\":{\"@type\":\"PropertyValueSpecification\",\"valueRequired\":true,\"valueName\":\"search_term_string\"}}],\"inLanguage\":\"en-US\"}]}<\/script>\n<!-- \/ Yoast SEO plugin. -->","yoast_head_json":{"title":"Meet a dedicated team that truly cares about offering exceptional homes.","description":"With its expertise and client-centred approach, M\u00e9trocit\u00e9\u2019s team ensures a seamless experience for the purchase or rental of your condo.","robots":{"index":"noindex","follow":"follow","max-snippet":"max-snippet:-1","max-image-preview":"max-image-preview:large","max-video-preview":"max-video-preview:-1"},"og_locale":"en_US","og_type":"article","og_title":"Meet a dedicated team that truly cares about offering exceptional homes.","og_description":"With its expertise and client-centred approach, M\u00e9trocit\u00e9\u2019s team ensures a seamless experience for the purchase or rental of your condo.","og_url":"https:\/\/metrocite.devrouge.com\/notre-equipe\/","og_site_name":"M\u00e9trocit\u00e9","article_publisher":"https:\/\/www.facebook.com\/GroupeMetrocite?fref=ts","article_modified_time":"2023-11-24T21:25:04+00:00","og_image":[{"width":279,"height":255,"url":"https:\/\/metrocite.devrouge.com\/wp-content\/uploads\/2022\/09\/logo-metrocite.jpg","type":"image\/jpeg"}],"twitter_card":"summary_large_image","twitter_misc":{"Est. reading time":"2 minutes"},"schema":{"@context":"https:\/\/schema.org","@graph":[{"@type":"WebPage","@id":"https:\/\/metrocite.devrouge.com\/notre-equipe\/","url":"https:\/\/metrocite.devrouge.com\/notre-equipe\/","name":"Meet a dedicated team that truly cares about offering exceptional homes.","isPartOf":{"@id":"https:\/\/metrocite.devrouge.com\/#website"},"datePublished":"2022-09-06T20:33:50+00:00","dateModified":"2023-11-24T21:25:04+00:00","description":"With its expertise and client-centred approach, M\u00e9trocit\u00e9\u2019s team ensures a seamless experience for the purchase or rental of your condo.","breadcrumb":{"@id":"https:\/\/metrocite.devrouge.com\/notre-equipe\/#breadcrumb"},"inLanguage":"en-US","potentialAction":[{"@type":"ReadAction","target":["https:\/\/metrocite.devrouge.com\/notre-equipe\/"]}]},{"@type":"BreadcrumbList","@id":"https:\/\/metrocite.devrouge.com\/notre-equipe\/#breadcrumb","itemListElement":[{"@type":"ListItem","position":1,"name":"Accueil","item":"https:\/\/metrocite.devrouge.com\/en\/home\/"},{"@type":"ListItem","position":2,"name":"Our team"}]},{"@type":"WebSite","@id":"https:\/\/metrocite.devrouge.com\/#website","url":"https:\/\/metrocite.devrouge.com\/","name":"M\u00e9trocit\u00e9","description":"Condos \u00e0 vendre Dollard-des-Ormeaux et Condos \u00e0 louer laval","potentialAction":[{"@type":"SearchAction","target":{"@type":"EntryPoint","urlTemplate":"https:\/\/metrocite.devrouge.com\/?s={search_term_string}"},"query-input":{"@type":"PropertyValueSpecification","valueRequired":true,"valueName":"search_term_string"}}],"inLanguage":"en-US"}]}},"_links":{"self":[{"href":"https:\/\/metrocite.devrouge.com\/en\/wp-json\/wp\/v2\/pages\/958","targetHints":{"allow":["GET"]}}],"collection":[{"href":"https:\/\/metrocite.devrouge.com\/en\/wp-json\/wp\/v2\/pages"}],"about":[{"href":"https:\/\/metrocite.devrouge.com\/en\/wp-json\/wp\/v2\/types\/page"}],"author":[{"embeddable":true,"href":"https:\/\/metrocite.devrouge.com\/en\/wp-json\/wp\/v2\/users\/1"}],"replies":[{"embeddable":true,"href":"https:\/\/metrocite.devrouge.com\/en\/wp-json\/wp\/v2\/comments?post=958"}],"version-history":[{"count":5,"href":"https:\/\/metrocite.devrouge.com\/en\/wp-json\/wp\/v2\/pages\/958\/revisions"}],"predecessor-version":[{"id":29850,"href":"https:\/\/metrocite.devrouge.com\/en\/wp-json\/wp\/v2\/pages\/958\/revisions\/29850"}],"wp:attachment":[{"href":"https:\/\/metrocite.devrouge.com\/en\/wp-json\/wp\/v2\/media?parent=958"}],"curies":[{"name":"wp","href":"https:\/\/api.w.org\/{rel}","templated":true}]}}