{"id":30933,"date":"2025-08-25T19:12:09","date_gmt":"2025-08-25T19:12:09","guid":{"rendered":"https:\/\/metrocite.devrouge.com\/?page_id=30933"},"modified":"2025-08-27T13:16:49","modified_gmt":"2025-08-27T13:16:49","slug":"referral-program","status":"publish","type":"page","link":"https:\/\/metrocite.devrouge.com\/en\/referral-program\/","title":{"rendered":"Referral Program"},"content":{"rendered":"<section class=\"wpb-content-wrapper\">[vc_row fullwidth=&#8221;true&#8221; el_class=&#8221;row-header&#8221; css=&#8221;.vc_custom_1662477692886{background-color: #f4f4f4 !important;}&#8221;][vc_column][vc_row_inner el_class=&#8221;header-bg-img bg-img-top align-end&#8221; css=&#8221;.vc_custom_1756135101647{background-image: url(https:\/\/metrocite.devrouge.com\/wp-content\/uploads\/2025\/08\/img-header-programme-de-reference.webp?id=30942) !important;background-position: center !important;background-repeat: no-repeat !important;background-size: cover !important;}&#8221;][vc_column_inner][vc_column_text disable_pattern=&#8221;false&#8221; align=&#8221;center&#8221; css=&#8221;.vc_custom_1756222608703{margin-bottom: 0px !important;}&#8221;]\n<h1 class=\"title-slogan blanc\"><strong>Referral Program<\/strong><\/h1>\n[\/vc_column_text][\/vc_column_inner][\/vc_row_inner][\/vc_column][\/vc_row][vc_row fullwidth=&#8221;true&#8221; fullwidth_content=&#8221;false&#8221; css=&#8221;.vc_custom_1756134326283{background-color: #f4f4f4 !important;}&#8221;][vc_column][mk_padding_divider size=&#8221;60&#8243;][vc_column_text disable_pattern=&#8221;false&#8221; align=&#8221;center&#8221; css=&#8221;.vc_custom_1756222621520{margin-bottom: 0px !important;}&#8221;]\n<h1>Share the Baldwin experience<br \/>\nAnd be rewarded in style.<\/h1>\n[\/vc_column_text][\/vc_column][\/vc_row][vc_row fullwidth=&#8221;true&#8221; fullwidth_content=&#8221;false&#8221; el_class=&#8221;trigger-line-02&#8243; css=&#8221;.vc_custom_1756134300110{background-color: #f4f4f4 !important;}&#8221;][vc_column el_class=&#8221;relative&#8221; css=&#8221;.vc_custom_1660744639712{padding-top: 25px !important;}&#8221;][vc_raw_html]JTNDZGl2JTIwY2xhc3MlM0QlMjJ2ZXJ0aWNhbC1saW5lLTAyJTIwaGlkZS1tb2JpbGUtbGluZSUyMiUzRSUzQyUyRmRpdiUzRQ==[\/vc_raw_html][mk_padding_divider size=&#8221;75&#8243; visibility=&#8221;visible-tl&#8221;][vc_row_inner attached=&#8221;true&#8221; is_fullwidth_content=&#8221;false&#8221; el_class=&#8221;row-flex&#8221;][vc_column_inner width=&#8221;1\/2&#8243; css=&#8221;.vc_custom_1660597545540{padding-right: 0px !important;padding-left: 0px !important;}&#8221;][mk_custom_box padding_vertical=&#8221;0&#8243; padding_horizental=&#8221;0&#8243; animation=&#8221;left-to-right&#8221; el_class=&#8221;box box-01&#8243; bg_color=&#8221;#ffffff&#8221;][vc_column_text disable_pattern=&#8221;false&#8221; align=&#8221;right&#8221; el_class=&#8221;center-mobile&#8221; css=&#8221;.vc_custom_1756222681171{margin-bottom: 0px !important;}&#8221;]\n<h2>REFERRAL PROGRAM<br \/>\nBUYERS\/OWNERS<\/h2>\n<ul class=\"liste-01\">\n<li>Refer a friend, family member, or colleague<\/li>\n<li>\u0003Upon purchase and notarization of a condo<\/li>\n<li>Reward: <strong>$2,000*<\/strong><\/li>\n<\/ul>\n[\/vc_column_text][mk_padding_divider size=&#8221;35&#8243;][mk_button dimension=&#8221;flat&#8221; size=&#8221;large&#8221; url=&#8221;\/en\/contact\/&#8221; align=&#8221;right&#8221; margin_bottom=&#8221;0&#8243; margin_right=&#8221;0&#8243; el_class=&#8221;btn btn-orange center-mobile&#8221;]Refer now[\/mk_button][\/mk_custom_box][\/vc_column_inner][vc_column_inner width=&#8221;1\/2&#8243; css=&#8221;.vc_custom_1660597558006{padding-right: 0px !important;padding-left: 0px !important;}&#8221;][mk_custom_box padding_vertical=&#8221;0&#8243; padding_horizental=&#8221;0&#8243; animation=&#8221;right-to-left&#8221; el_class=&#8221;box box-02&#8243; bg_color=&#8221;#ffffff&#8221;][vc_column_text disable_pattern=&#8221;false&#8221; el_class=&#8221;center-mobile&#8221; css=&#8221;.vc_custom_1756222709956{margin-bottom: 0px !important;}&#8221;]\n<h2>REFERRAL PROGRAM<br \/>\nBROKERS<\/h2>\n<ul class=\"liste-02\">\n<li>Refer a potential client<\/li>\n<li>When they complete a purchase<\/li>\n<li>Receive a referral commission<\/li>\n<\/ul>\n[\/vc_column_text][mk_padding_divider size=&#8221;35&#8243; visibility=&#8221;visible-sm&#8221;][mk_padding_divider size=&#8221;83&#8243; visibility=&#8221;hidden-sm&#8221;][mk_button dimension=&#8221;flat&#8221; size=&#8221;large&#8221; url=&#8221;\/en\/contact\/&#8221; margin_bottom=&#8221;0&#8243; margin_right=&#8221;0&#8243; el_class=&#8221;btn btn-orange center-mobile&#8221;]Refer a client [\/mk_button][\/mk_custom_box][\/vc_column_inner][\/vc_row_inner][mk_padding_divider size=&#8221;50&#8243;][\/vc_column][\/vc_row][vc_row fullwidth=&#8221;true&#8221; fullwidth_content=&#8221;false&#8221; css=&#8221;.vc_custom_1756143927118{background-color: #f4f4f4 !important;}&#8221; el_class=&#8221;row-moveup&#8221;][vc_column][mk_padding_divider size=&#8221;150&#8243; visibility=&#8221;hidden-sm&#8221;][vc_row_inner is_fullwidth_content=&#8221;false&#8221; el_class=&#8221;row-flex fullwidth-tablet&#8221;][vc_column_inner width=&#8221;1\/2&#8243; css=&#8221;.vc_custom_1660744993839{padding-right: 0px !important;padding-left: 0px !important;}&#8221;][vc_single_image image=&#8221;30970&#8243; img_size=&#8221;full&#8221; css_animation=&#8221;fadeIn&#8221; css=&#8221;.vc_custom_1756143940009{padding-right: 50px !important;padding-left: 50px !important;}&#8221;][\/vc_column_inner][vc_column_inner width=&#8221;1\/2&#8243;][vc_column_text disable_pattern=&#8221;false&#8221; animation=&#8221;right-to-left&#8221; el_class=&#8221;box-padding center-mobile&#8221; css=&#8221;.vc_custom_1756222870994{margin-bottom: 0px !important;}&#8221;]\n<h2>At Baldwin Condos &amp; Penthouses, our residents are our greatest ambassadors.<\/h2>\n<p style=\"font-weight: 500;\">Now, when you share the Baldwin lifestyle with someone you know, you\u2019ll receive a <strong>$2,000*<\/strong> reward as a thank-you.<\/p>\n<p style=\"font-weight: 500;\">It\u2019s simple:<\/p>\n<p>Invite your friends and family to discover the Baldwin experience.<br \/>\nRefer a friend, family member, or colleague: if they purchase and notarize a condo in one of our projects, your referral is confirmed\u2026 and your reward is on the way.<\/p>\n<p>Because true luxury is even better when shared.<\/p>\n<div style=\"display: flex; align-items: center; justify-content: flex-start; gap: 20px;\">\n<p><img loading=\"lazy\" decoding=\"async\" class=\"alignleft size-full wp-image-30982\" style=\"margin: 0;\" src=\"https:\/\/metrocite.devrouge.com\/wp-content\/uploads\/2025\/08\/ico-argent-01.png\" alt=\"\" width=\"92\" height=\"92\" srcset=\"https:\/\/metrocite.devrouge.com\/wp-content\/uploads\/2025\/08\/ico-argent-01.png 184w, https:\/\/metrocite.devrouge.com\/wp-content\/uploads\/2025\/08\/ico-argent-01-150x150.png 150w\" sizes=\"auto, (max-width: 92px) 100vw, 92px\" \/><\/p>\n<p style=\"font-size: 24px; margin: 0; text-align: left;\"><strong>Refer and Receive $2,000<\/strong><\/p>\n<\/div>\n[\/vc_column_text][\/vc_column_inner][\/vc_row_inner][\/vc_column][\/vc_row][vc_row fullwidth=&#8221;true&#8221; css=&#8221;.vc_custom_1756148832699{background-color: #f4f4f4 !important;}&#8221;][vc_column][mk_padding_divider size=&#8221;20&#8243;][\/vc_column][\/vc_row][vc_row fullwidth=&#8221;true&#8221; css=&#8221;.vc_custom_1756148832699{background-color: #f4f4f4 !important;}&#8221;][vc_column width=&#8221;1\/4&#8243;][\/vc_column][vc_column width=&#8221;1\/2&#8243;][vc_column_text disable_pattern=&#8221;false&#8221; align=&#8221;center&#8221; css=&#8221;.vc_custom_1756222879167{margin-bottom: 0px !important;}&#8221;]\n<p style=\"font-size: 24px; line-height: 26px;\">Contact our sales team today for more details.<\/p>\n[\/vc_column_text][mk_padding_divider size=&#8221;25&#8243;][mk_button dimension=&#8221;flat&#8221; size=&#8221;large&#8221; url=&#8221;\/contact\/&#8221; align=&#8221;center&#8221; margin_bottom=&#8221;0&#8243; margin_right=&#8221;0&#8243; el_class=&#8221;btn btn-orange&#8221;]Contact our team[\/mk_button][vc_column_text disable_pattern=&#8221;false&#8221; align=&#8221;center&#8221; css=&#8221;.vc_custom_1756222895271{margin-bottom: 0px !important;}&#8221;]\n<p style=\"font-size: 12px;\">*Certain conditions apply. Details available at the sales office.<\/p>\n[\/vc_column_text][\/vc_column][vc_column width=&#8221;1\/4&#8243;][\/vc_column][\/vc_row][vc_row fullwidth=&#8221;true&#8221; css=&#8221;.vc_custom_1756148832699{background-color: #f4f4f4 !important;}&#8221;][vc_column][mk_padding_divider size=&#8221;60&#8243;][\/vc_column][\/vc_row]\n<\/section>","protected":false},"excerpt":{"rendered":"<p>[vc_row fullwidth=&#8221;true&#8221; el_class=&#8221;row-header&#8221; css=&#8221;.vc_custom_1662477692886{background-color: #f4f4f4 !important;}&#8221;][vc_column][vc_row_inner el_class=&#8221;header-bg-img bg-img-top align-end&#8221; css=&#8221;.vc_custom_1756135101647{background-image: url(https:\/\/metrocite.devrouge.com\/wp-content\/uploads\/2025\/08\/img-header-programme-de-reference.webp?id=30942) !important;background-position: center !important;background-repeat: no-repeat !important;background-size: cover !important;}&#8221;][vc_column_inner][vc_column_text disable_pattern=&#8221;false&#8221; align=&#8221;center&#8221; css=&#8221;.vc_custom_1756222608703{margin-bottom: 0px !important;}&#8221;] Referral Program [\/vc_column_text][\/vc_column_inner][\/vc_row_inner][\/vc_column][\/vc_row][vc_row fullwidth=&#8221;true&#8221; fullwidth_content=&#8221;false&#8221; css=&#8221;.vc_custom_1756134326283{background-color: #f4f4f4 !important;}&#8221;][vc_column][mk_padding_divider size=&#8221;60&#8243;][vc_column_text disable_pattern=&#8221;false&#8221; align=&#8221;center&#8221; css=&#8221;.vc_custom_1756222621520{margin-bottom: 0px !important;}&#8221;] Share the Baldwin experience And be rewarded in style. [\/vc_column_text][\/vc_column][\/vc_row][vc_row fullwidth=&#8221;true&#8221; fullwidth_content=&#8221;false&#8221; el_class=&#8221;trigger-line-02&#8243; css=&#8221;.vc_custom_1756134300110{background-color: #f4f4f4 !important;}&#8221;][vc_column el_class=&#8221;relative&#8221; css=&#8221;.vc_custom_1660744639712{padding-top: [&hellip;]<\/p>\n","protected":false},"author":1,"featured_media":0,"parent":0,"menu_order":0,"comment_status":"closed","ping_status":"closed","template":"","meta":{"_acf_changed":false,"footnotes":""},"class_list":["post-30933","page","type-page","status-publish","hentry"],"acf":[],"yoast_head":"<!-- This site is optimized with the Yoast SEO plugin v27.3 - https:\/\/yoast.com\/product\/yoast-seo-wordpress\/ -->\n<title>Condos \u00e0 vendre et \u00e0 louer \u00e0 Dollard-des-Ormeaux et Laval<\/title>\n<meta name=\"description\" content=\"Votre prochaine adresse, situ\u00e9e au c\u0153ur de projets r\u00e9sidentiels bien r\u00e9fl\u00e9chis et intimes \u00e0 DDO et \u00e0 Laval. Trouvez votre condo, \u00e0 vendre ou \u00e0 louer.\" \/>\n<meta name=\"robots\" content=\"noindex, follow, max-snippet:-1, max-image-preview:large, max-video-preview:-1\" \/>\n<meta property=\"og:locale\" content=\"en_US\" \/>\n<meta property=\"og:type\" content=\"article\" \/>\n<meta property=\"og:title\" content=\"Condos \u00e0 vendre et \u00e0 louer \u00e0 Dollard-des-Ormeaux et Laval\" \/>\n<meta property=\"og:description\" content=\"Votre prochaine adresse, situ\u00e9e au c\u0153ur de projets r\u00e9sidentiels bien r\u00e9fl\u00e9chis et intimes \u00e0 DDO et \u00e0 Laval. Trouvez votre condo, \u00e0 vendre ou \u00e0 louer.\" \/>\n<meta property=\"og:url\" content=\"https:\/\/metrocite.devrouge.com\/en\/referral-program\/\" \/>\n<meta property=\"og:site_name\" content=\"M\u00e9trocit\u00e9\" \/>\n<meta property=\"article:publisher\" content=\"https:\/\/www.facebook.com\/GroupeMetrocite?fref=ts\" \/>\n<meta property=\"article:modified_time\" content=\"2025-08-27T13:16:49+00:00\" \/>\n<meta property=\"og:image\" content=\"https:\/\/metrocite.devrouge.com\/wp-content\/uploads\/2025\/08\/ico-argent-01.png\" \/>\n<meta name=\"twitter:card\" content=\"summary_large_image\" \/>\n<meta name=\"twitter:label1\" content=\"Est. reading time\" \/>\n\t<meta name=\"twitter:data1\" content=\"3 minutes\" \/>\n<script type=\"application\/ld+json\" class=\"yoast-schema-graph\">{\"@context\":\"https:\\\/\\\/schema.org\",\"@graph\":[{\"@type\":\"WebPage\",\"@id\":\"https:\\\/\\\/metrocite.devrouge.com\\\/en\\\/referral-program\\\/\",\"url\":\"https:\\\/\\\/metrocite.devrouge.com\\\/en\\\/referral-program\\\/\",\"name\":\"Condos \u00e0 vendre et \u00e0 louer \u00e0 Dollard-des-Ormeaux et Laval\",\"isPartOf\":{\"@id\":\"https:\\\/\\\/metrocite.devrouge.com\\\/#website\"},\"primaryImageOfPage\":{\"@id\":\"https:\\\/\\\/metrocite.devrouge.com\\\/en\\\/referral-program\\\/#primaryimage\"},\"image\":{\"@id\":\"https:\\\/\\\/metrocite.devrouge.com\\\/en\\\/referral-program\\\/#primaryimage\"},\"thumbnailUrl\":\"https:\\\/\\\/metrocite.devrouge.com\\\/wp-content\\\/uploads\\\/2025\\\/08\\\/ico-argent-01.png\",\"datePublished\":\"2025-08-25T19:12:09+00:00\",\"dateModified\":\"2025-08-27T13:16:49+00:00\",\"description\":\"Votre prochaine adresse, situ\u00e9e au c\u0153ur de projets r\u00e9sidentiels bien r\u00e9fl\u00e9chis et intimes \u00e0 DDO et \u00e0 Laval. Trouvez votre condo, \u00e0 vendre ou \u00e0 louer.\",\"breadcrumb\":{\"@id\":\"https:\\\/\\\/metrocite.devrouge.com\\\/en\\\/referral-program\\\/#breadcrumb\"},\"inLanguage\":\"en-US\",\"potentialAction\":[{\"@type\":\"ReadAction\",\"target\":[\"https:\\\/\\\/metrocite.devrouge.com\\\/en\\\/referral-program\\\/\"]}]},{\"@type\":\"ImageObject\",\"inLanguage\":\"en-US\",\"@id\":\"https:\\\/\\\/metrocite.devrouge.com\\\/en\\\/referral-program\\\/#primaryimage\",\"url\":\"https:\\\/\\\/metrocite.devrouge.com\\\/wp-content\\\/uploads\\\/2025\\\/08\\\/ico-argent-01.png\",\"contentUrl\":\"https:\\\/\\\/metrocite.devrouge.com\\\/wp-content\\\/uploads\\\/2025\\\/08\\\/ico-argent-01.png\"},{\"@type\":\"BreadcrumbList\",\"@id\":\"https:\\\/\\\/metrocite.devrouge.com\\\/en\\\/referral-program\\\/#breadcrumb\",\"itemListElement\":[{\"@type\":\"ListItem\",\"position\":1,\"name\":\"Accueil\",\"item\":\"https:\\\/\\\/metrocite.devrouge.com\\\/en\\\/home\\\/\"},{\"@type\":\"ListItem\",\"position\":2,\"name\":\"Referral Program\"}]},{\"@type\":\"WebSite\",\"@id\":\"https:\\\/\\\/metrocite.devrouge.com\\\/#website\",\"url\":\"https:\\\/\\\/metrocite.devrouge.com\\\/\",\"name\":\"M\u00e9trocit\u00e9\",\"description\":\"Condos \u00e0 vendre Dollard-des-Ormeaux et Condos \u00e0 louer laval\",\"potentialAction\":[{\"@type\":\"SearchAction\",\"target\":{\"@type\":\"EntryPoint\",\"urlTemplate\":\"https:\\\/\\\/metrocite.devrouge.com\\\/?s={search_term_string}\"},\"query-input\":{\"@type\":\"PropertyValueSpecification\",\"valueRequired\":true,\"valueName\":\"search_term_string\"}}],\"inLanguage\":\"en-US\"}]}<\/script>\n<!-- \/ Yoast SEO plugin. -->","yoast_head_json":{"title":"Condos \u00e0 vendre et \u00e0 louer \u00e0 Dollard-des-Ormeaux et Laval","description":"Votre prochaine adresse, situ\u00e9e au c\u0153ur de projets r\u00e9sidentiels bien r\u00e9fl\u00e9chis et intimes \u00e0 DDO et \u00e0 Laval. Trouvez votre condo, \u00e0 vendre ou \u00e0 louer.","robots":{"index":"noindex","follow":"follow","max-snippet":"max-snippet:-1","max-image-preview":"max-image-preview:large","max-video-preview":"max-video-preview:-1"},"og_locale":"en_US","og_type":"article","og_title":"Condos \u00e0 vendre et \u00e0 louer \u00e0 Dollard-des-Ormeaux et Laval","og_description":"Votre prochaine adresse, situ\u00e9e au c\u0153ur de projets r\u00e9sidentiels bien r\u00e9fl\u00e9chis et intimes \u00e0 DDO et \u00e0 Laval. Trouvez votre condo, \u00e0 vendre ou \u00e0 louer.","og_url":"https:\/\/metrocite.devrouge.com\/en\/referral-program\/","og_site_name":"M\u00e9trocit\u00e9","article_publisher":"https:\/\/www.facebook.com\/GroupeMetrocite?fref=ts","article_modified_time":"2025-08-27T13:16:49+00:00","og_image":[{"url":"https:\/\/metrocite.devrouge.com\/wp-content\/uploads\/2025\/08\/ico-argent-01.png","type":"","width":"","height":""}],"twitter_card":"summary_large_image","twitter_misc":{"Est. reading time":"3 minutes"},"schema":{"@context":"https:\/\/schema.org","@graph":[{"@type":"WebPage","@id":"https:\/\/metrocite.devrouge.com\/en\/referral-program\/","url":"https:\/\/metrocite.devrouge.com\/en\/referral-program\/","name":"Condos \u00e0 vendre et \u00e0 louer \u00e0 Dollard-des-Ormeaux et Laval","isPartOf":{"@id":"https:\/\/metrocite.devrouge.com\/#website"},"primaryImageOfPage":{"@id":"https:\/\/metrocite.devrouge.com\/en\/referral-program\/#primaryimage"},"image":{"@id":"https:\/\/metrocite.devrouge.com\/en\/referral-program\/#primaryimage"},"thumbnailUrl":"https:\/\/metrocite.devrouge.com\/wp-content\/uploads\/2025\/08\/ico-argent-01.png","datePublished":"2025-08-25T19:12:09+00:00","dateModified":"2025-08-27T13:16:49+00:00","description":"Votre prochaine adresse, situ\u00e9e au c\u0153ur de projets r\u00e9sidentiels bien r\u00e9fl\u00e9chis et intimes \u00e0 DDO et \u00e0 Laval. Trouvez votre condo, \u00e0 vendre ou \u00e0 louer.","breadcrumb":{"@id":"https:\/\/metrocite.devrouge.com\/en\/referral-program\/#breadcrumb"},"inLanguage":"en-US","potentialAction":[{"@type":"ReadAction","target":["https:\/\/metrocite.devrouge.com\/en\/referral-program\/"]}]},{"@type":"ImageObject","inLanguage":"en-US","@id":"https:\/\/metrocite.devrouge.com\/en\/referral-program\/#primaryimage","url":"https:\/\/metrocite.devrouge.com\/wp-content\/uploads\/2025\/08\/ico-argent-01.png","contentUrl":"https:\/\/metrocite.devrouge.com\/wp-content\/uploads\/2025\/08\/ico-argent-01.png"},{"@type":"BreadcrumbList","@id":"https:\/\/metrocite.devrouge.com\/en\/referral-program\/#breadcrumb","itemListElement":[{"@type":"ListItem","position":1,"name":"Accueil","item":"https:\/\/metrocite.devrouge.com\/en\/home\/"},{"@type":"ListItem","position":2,"name":"Referral Program"}]},{"@type":"WebSite","@id":"https:\/\/metrocite.devrouge.com\/#website","url":"https:\/\/metrocite.devrouge.com\/","name":"M\u00e9trocit\u00e9","description":"Condos \u00e0 vendre Dollard-des-Ormeaux et Condos \u00e0 louer laval","potentialAction":[{"@type":"SearchAction","target":{"@type":"EntryPoint","urlTemplate":"https:\/\/metrocite.devrouge.com\/?s={search_term_string}"},"query-input":{"@type":"PropertyValueSpecification","valueRequired":true,"valueName":"search_term_string"}}],"inLanguage":"en-US"}]}},"_links":{"self":[{"href":"https:\/\/metrocite.devrouge.com\/en\/wp-json\/wp\/v2\/pages\/30933","targetHints":{"allow":["GET"]}}],"collection":[{"href":"https:\/\/metrocite.devrouge.com\/en\/wp-json\/wp\/v2\/pages"}],"about":[{"href":"https:\/\/metrocite.devrouge.com\/en\/wp-json\/wp\/v2\/types\/page"}],"author":[{"embeddable":true,"href":"https:\/\/metrocite.devrouge.com\/en\/wp-json\/wp\/v2\/users\/1"}],"replies":[{"embeddable":true,"href":"https:\/\/metrocite.devrouge.com\/en\/wp-json\/wp\/v2\/comments?post=30933"}],"version-history":[{"count":8,"href":"https:\/\/metrocite.devrouge.com\/en\/wp-json\/wp\/v2\/pages\/30933\/revisions"}],"predecessor-version":[{"id":31024,"href":"https:\/\/metrocite.devrouge.com\/en\/wp-json\/wp\/v2\/pages\/30933\/revisions\/31024"}],"wp:attachment":[{"href":"https:\/\/metrocite.devrouge.com\/en\/wp-json\/wp\/v2\/media?parent=30933"}],"curies":[{"name":"wp","href":"https:\/\/api.w.org\/{rel}","templated":true}]}}