{"id":1024,"date":"2022-09-22T18:45:47","date_gmt":"2022-09-22T18:45:47","guid":{"rendered":"https:\/\/metrocite.devrouge.com\/privacy-policy\/"},"modified":"2023-02-10T21:00:45","modified_gmt":"2023-02-10T21:00:45","slug":"privacy-policy","status":"publish","type":"page","link":"https:\/\/metrocite.devrouge.com\/en\/privacy-policy\/","title":{"rendered":"Privacy Policy"},"content":{"rendered":"<section class=\"wpb-content-wrapper\">[vc_row fullwidth=&#8221;true&#8221; fullwidth_content=&#8221;false&#8221;][vc_column][mk_padding_divider size=&#8221;50&#8243;][vc_row_inner is_fullwidth_content=&#8221;false&#8221; el_class=&#8221;inner-padding&#8221;][vc_column_inner][vc_column_text disable_pattern=&#8221;false&#8221; css=&#8221;.vc_custom_1676062842838{margin-bottom: 0px !important;}&#8221;]\n<div class=\"vertical-line-03\"><\/div>\n<h1 class=\"center titre-politique\">LEGAL NOTICE AND CONFIDENTIALITY POLICY<\/h1>\n[\/vc_column_text][mk_padding_divider size=&#8221;50&#8243;][vc_column_text disable_pattern=&#8221;false&#8221; css=&#8221;.vc_custom_1664975177665{margin-bottom: 0px !important;}&#8221;]\n<h3>Terms of use<\/h3>\n<p>The present terms and conditions apply to the access and use made from this website. By using this website, you (the \u201cuser\u201d) agree to abide by the terms and conditions set forth in this legal notice.<\/p>\n<p>This website is the property of the corporation Habitations et D\u00e9veloppement M\u00e9trocit\u00e9 inc. (hereinafter \u201cM\u00e9trocit\u00e9\u201d).<\/p>\n<h3>Overview<\/h3>\n<p>M\u00e9trocit\u00e9 reserves its rights to amend at all times and at its entire discretion the terms and conditions set forth in this legal notice. Any amendment shall take effect as of its publication.<\/p>\n<p>No guarantee is given with regards to the accuracy of any information or content on this website. All information is provided only for reference purposes.<\/p>\n<p>M\u00e9trocit\u00e9 recommends that all users regularly review this legal notice in order to gain knowledge of any amendment.<\/p>\n<h3>Services offered<\/h3>\n<p>M\u00e9trocit\u00e9 offers to users of the website exclusive content relating to the promotion of residential housing construction and real estate rental projects for which it is the contractor. M\u00e9trocit\u00e9 also offers to users of the website a specialized blog for future residential purchasers. Moreover, M\u00e9trocit\u00e9 offers through its website a platform through which any purchaser, past or future, may communicate directly in writing with his\/her representatives to ask them any question or make any comment with regards to use of the website, the purchase of a residence or the rental of an apartment.<\/p>\n<h3>Intellectual property, copyrights and trademarks<\/h3>\n<p>All of the content (information, publications, images, logos, icons, etc.) on this website is the exclusive property of M\u00e9trocit\u00e9, its affiliates, related persons or third parties who have granted the foregoing licences and may not be used, copied, distributed, posted or sold in any manner whatsoever without M\u00e9trocit\u00e9\u2019s prior written authorization. All of the content on this website is protected by the applicable laws of Canada with regards to copyrights.<\/p>\n<p>Users are only allowed to download and print content for personal, not commercial, purposes. Downloading and printing content does not explicitly or implicitly grant users any licence or any other right.<\/p>\n<p>The trademarks visible on this website (including written and visual aspects) are the exclusive property of M\u00e9trocit\u00e9, its affiliates, related persons or third parties who have granted the foregoing licences and may not be used, copied or imitated without M\u00e9trocit\u00e9\u2019s prior written authorization and are protected by Canadian laws with regards to trademarks.<\/p>\n<h3>Links to other websites<\/h3>\n<p>This website may contain links or redirections to third party websites. Any such link or redirection to third party websites on this website is provided solely for convenience purposes and to make the website user friendly. M\u00e9trocit\u00e9 is not responsible for the content of any third party website accessible through any such link or redirection. The present legal notice does not apply to the use of third party websites. M\u00e9trocit\u00e9 cannot guaranty the accuracy, validity, truth or reliability of the content on such websites. M\u00e9trocit\u00e9 does not approve or validate the information, products or services proposed by third party websites. Any access or use of third party websites is made at the users\u2019 own risks.<\/p>\n<h3>Limitation of liability<\/h3>\n<p>Except for gross negligence or willful misconduct, M\u00e9trocit\u00e9 shall not be held liable for any material damages or other losses whatsoever resulting from access or use of this website, downloading of any content or preclusion from using this website. It is the responsibility of this website\u2019s user to take the necessary precautions before accessing, using or downloading content from this website.<\/p>\n<p>M\u00e9trocit\u00e9 makes no representation and gives no guarantee that the information, elements or links to which the user has access on this website are free from errors, defects, viruses or other damaging elements.<\/p>\n<p>The user uses the present website at his\/her own risk and peril.<\/p>\n<h3>Contact form<\/h3>\n<p>M\u00e9trocit\u00e9 does not undertake to reply to all users who have sent a request via the contact platform within any deadline. M\u00e9trocit\u00e9 may also, on its own and at its entire discretion, decide not to reply to any such request that it deems abusive, excessive, obscene, defamatory or otherwise inappropriate.<\/p>\n<h3>Confidentiality and personal information<\/h3>\n<p>The use of this website is subject to the collection, use, storage and communication of personal information relating to users. User consent is therefore required for the use of this website.<\/p>\n<p>If the user disagrees with the present section or does not consent to the collection, use, storage and communication of his\/her personal information, he\/she must stop using this website immediately.<\/p>\n<h3>Collection and use of personal information<\/h3>\n<p>M\u00e9trocit\u00e9 may itself collect some personal information relating to users including their name, address, email and telephone number. M\u00e9trocit\u00e9 may, acting reasonably, collect any other user personal information for the purposes set forth in this legal notice.<\/p>\n<p>M\u00e9trocit\u00e9 will see to it that user personal information is updated upon each use of the website following the initial collection to avoid the use of inaccurate or inappropriate personal information.<\/p>\n<p>By using this website and agreeing to the present legal notice and confidentiality policy, users consent to the collection of their personal information by M\u00e9trocit\u00e9 for the following purposes :<\/p>\n<ul>\n<li>For the purchase or rental of a residence or apartment;<\/li>\n<li>For making appointments;<\/li>\n<li>To reply to user questions;<\/li>\n<li>To ensure a follow up to the purchase or rental of a residence or apartment or for the performance of any other service offered by M\u00e9trocit\u00e9;<\/li>\n<li>To personalize the use of this website;<\/li>\n<li>To improve this website;<\/li>\n<li>To ensure the enforcement of the present legal notice and confidentiality policy;<\/li>\n<li>For promotional purposes by M\u00e9trocit\u00e9 including updating, improving, selling, offering, marketing or renting residences or apartments by M\u00e9trocit\u00e9, its affiliates or related persons.<\/li>\n<\/ul>\n<h3>Storage of personal information<\/h3>\n<p>M\u00e9trocit\u00e9 will store user personal information on a server it owns located in Canada. M\u00e9trocit\u00e9 covenants to protect the confidentiality of the personal information, among other things by using servers that comply with applicable hardware security and protection standards.<\/p>\n<p>Only persons authorized for business purposes and whose work requires it shall have access to personal information.<\/p>\n<p>Personal information will be stored by M\u00e9trocit\u00e9 for a reasonable period of time as long as it is necessary or useful for the purposes set forth herein or for any other period of time required at law.<\/p>\n<p>Users have the right to consult their file and to request any correction of inaccurate personal information collected and stored by M\u00e9trocit\u00e9.<\/p>\n<h3>Communication of personal information<\/h3>\n<p>Users expressly consent to the communication of personal information collected pursuant to this notice to M\u00e9trocit\u00e9\u2019s affiliates and related persons.<\/p>\n<p>Users consent to the communication of their personal information by M\u00e9trocit\u00e9, its affiliates and related persons to current or future business partners. Any such communication will be conditional to the execution of a confidentiality agreement between M\u00e9trocit\u00e9, its affiliates and related persons on the one part, and the current or future business partner on the other part.<\/p>\n<p>Users also consent to the communication of personal information collected for any other purpose as provided in any legislation relating to the protection of personal information.<\/p>\n<h3>Cookies<\/h3>\n<p>M\u00e9trocit\u00e9 may use cookies containing non personal information for, among other uses, personalise use of the website and to collect information about traffic on the website and its pages. Such information may be used by M\u00e9trocit\u00e9 to improve user experience. Cookies are text files from some pages of the website that are stored on the user\u2019s hard disk by the web browser. Cookies are harmless as they are incapable of extracting information from the hard disk. Users may block cookies by modifying the configuration of their browser.<\/p>\n<h3>Contact and information<\/h3>\n<p>Il you have questions with regards to the present legal notice and confidentiality policy, access to personal information, the collection, use and communication of personal information or if you wish to remove your name from one or several of our contact lists or to update your personal information, please communicate with us.<\/p>\n<p><strong>Groupe M\u00e9trocit\u00e9<\/strong><br \/>\n4020, Louis-B. Mayer suite 206<br \/>\n450-934-9501<br \/>\n<a class=\"hover-remove-underline\" href=\"mailto:legal@metrocite.ca\">legal@metrocite.ca<\/a>[\/vc_column_text][\/vc_column_inner][\/vc_row_inner][mk_padding_divider size=&#8221;50&#8243;][\/vc_column][\/vc_row]\n<\/section>","protected":false},"excerpt":{"rendered":"<p>[vc_row fullwidth=&#8221;true&#8221; fullwidth_content=&#8221;false&#8221;][vc_column][mk_padding_divider size=&#8221;50&#8243;][vc_row_inner is_fullwidth_content=&#8221;false&#8221; el_class=&#8221;inner-padding&#8221;][vc_column_inner][vc_column_text disable_pattern=&#8221;false&#8221; css=&#8221;.vc_custom_1676062842838{margin-bottom: 0px !important;}&#8221;] LEGAL NOTICE AND CONFIDENTIALITY POLICY [\/vc_column_text][mk_padding_divider size=&#8221;50&#8243;][vc_column_text disable_pattern=&#8221;false&#8221; css=&#8221;.vc_custom_1664975177665{margin-bottom: 0px !important;}&#8221;] Terms of use The present terms and conditions apply to the access and use made from this website. By using this website, you (the \u201cuser\u201d) agree to abide by the terms and conditions set [&hellip;]<\/p>\n","protected":false},"author":1,"featured_media":0,"parent":0,"menu_order":0,"comment_status":"closed","ping_status":"closed","template":"","meta":{"_acf_changed":false,"footnotes":""},"class_list":["post-1024","page","type-page","status-publish","hentry"],"acf":[],"yoast_head":"<!-- This site is optimized with the Yoast SEO plugin v27.3 - https:\/\/yoast.com\/product\/yoast-seo-wordpress\/ -->\n<title>Privacy Policy - M\u00e9trocit\u00e9<\/title>\n<meta name=\"robots\" content=\"noindex, follow, max-snippet:-1, max-image-preview:large, max-video-preview:-1\" \/>\n<meta property=\"og:locale\" content=\"en_US\" \/>\n<meta property=\"og:type\" content=\"article\" \/>\n<meta property=\"og:title\" content=\"Privacy Policy - M\u00e9trocit\u00e9\" \/>\n<meta property=\"og:description\" content=\"[vc_row fullwidth=&#8221;true&#8221; fullwidth_content=&#8221;false&#8221;][vc_column][mk_padding_divider size=&#8221;50&#8243;][vc_row_inner is_fullwidth_content=&#8221;false&#8221; el_class=&#8221;inner-padding&#8221;][vc_column_inner][vc_column_text disable_pattern=&#8221;false&#8221; css=&#8221;.vc_custom_1676062842838{margin-bottom: 0px !important;}&#8221;] LEGAL NOTICE AND CONFIDENTIALITY POLICY [\/vc_column_text][mk_padding_divider size=&#8221;50&#8243;][vc_column_text disable_pattern=&#8221;false&#8221; css=&#8221;.vc_custom_1664975177665{margin-bottom: 0px !important;}&#8221;] Terms of use The present terms and conditions apply to the access and use made from this website. By using this website, you (the \u201cuser\u201d) agree to abide by the terms and conditions set [&hellip;]\" \/>\n<meta property=\"og:url\" content=\"https:\/\/metrocite.devrouge.com\/en\/privacy-policy\/\" \/>\n<meta property=\"og:site_name\" content=\"M\u00e9trocit\u00e9\" \/>\n<meta property=\"article:publisher\" content=\"https:\/\/www.facebook.com\/GroupeMetrocite?fref=ts\" \/>\n<meta property=\"article:modified_time\" content=\"2023-02-10T21:00:45+00:00\" \/>\n<meta property=\"og:image\" content=\"https:\/\/metrocite.devrouge.com\/wp-content\/uploads\/2022\/09\/logo-metrocite.jpg\" \/>\n\t<meta property=\"og:image:width\" content=\"279\" \/>\n\t<meta property=\"og:image:height\" content=\"255\" \/>\n\t<meta property=\"og:image:type\" content=\"image\/jpeg\" \/>\n<meta name=\"twitter:card\" content=\"summary_large_image\" \/>\n<meta name=\"twitter:label1\" content=\"Est. reading time\" \/>\n\t<meta name=\"twitter:data1\" content=\"7 minutes\" \/>\n<script type=\"application\/ld+json\" class=\"yoast-schema-graph\">{\"@context\":\"https:\\\/\\\/schema.org\",\"@graph\":[{\"@type\":\"WebPage\",\"@id\":\"https:\\\/\\\/metrocite.devrouge.com\\\/en\\\/privacy-policy\\\/\",\"url\":\"https:\\\/\\\/metrocite.devrouge.com\\\/en\\\/privacy-policy\\\/\",\"name\":\"Privacy Policy - M\u00e9trocit\u00e9\",\"isPartOf\":{\"@id\":\"https:\\\/\\\/metrocite.devrouge.com\\\/#website\"},\"datePublished\":\"2022-09-22T18:45:47+00:00\",\"dateModified\":\"2023-02-10T21:00:45+00:00\",\"breadcrumb\":{\"@id\":\"https:\\\/\\\/metrocite.devrouge.com\\\/en\\\/privacy-policy\\\/#breadcrumb\"},\"inLanguage\":\"en-US\",\"potentialAction\":[{\"@type\":\"ReadAction\",\"target\":[\"https:\\\/\\\/metrocite.devrouge.com\\\/en\\\/privacy-policy\\\/\"]}]},{\"@type\":\"BreadcrumbList\",\"@id\":\"https:\\\/\\\/metrocite.devrouge.com\\\/en\\\/privacy-policy\\\/#breadcrumb\",\"itemListElement\":[{\"@type\":\"ListItem\",\"position\":1,\"name\":\"Accueil\",\"item\":\"https:\\\/\\\/metrocite.devrouge.com\\\/en\\\/home\\\/\"},{\"@type\":\"ListItem\",\"position\":2,\"name\":\"Privacy Policy\"}]},{\"@type\":\"WebSite\",\"@id\":\"https:\\\/\\\/metrocite.devrouge.com\\\/#website\",\"url\":\"https:\\\/\\\/metrocite.devrouge.com\\\/\",\"name\":\"M\u00e9trocit\u00e9\",\"description\":\"Condos \u00e0 vendre Dollard-des-Ormeaux et Condos \u00e0 louer laval\",\"potentialAction\":[{\"@type\":\"SearchAction\",\"target\":{\"@type\":\"EntryPoint\",\"urlTemplate\":\"https:\\\/\\\/metrocite.devrouge.com\\\/?s={search_term_string}\"},\"query-input\":{\"@type\":\"PropertyValueSpecification\",\"valueRequired\":true,\"valueName\":\"search_term_string\"}}],\"inLanguage\":\"en-US\"}]}<\/script>\n<!-- \/ Yoast SEO plugin. -->","yoast_head_json":{"title":"Privacy Policy - M\u00e9trocit\u00e9","robots":{"index":"noindex","follow":"follow","max-snippet":"max-snippet:-1","max-image-preview":"max-image-preview:large","max-video-preview":"max-video-preview:-1"},"og_locale":"en_US","og_type":"article","og_title":"Privacy Policy - M\u00e9trocit\u00e9","og_description":"[vc_row fullwidth=&#8221;true&#8221; fullwidth_content=&#8221;false&#8221;][vc_column][mk_padding_divider size=&#8221;50&#8243;][vc_row_inner is_fullwidth_content=&#8221;false&#8221; el_class=&#8221;inner-padding&#8221;][vc_column_inner][vc_column_text disable_pattern=&#8221;false&#8221; css=&#8221;.vc_custom_1676062842838{margin-bottom: 0px !important;}&#8221;] LEGAL NOTICE AND CONFIDENTIALITY POLICY [\/vc_column_text][mk_padding_divider size=&#8221;50&#8243;][vc_column_text disable_pattern=&#8221;false&#8221; css=&#8221;.vc_custom_1664975177665{margin-bottom: 0px !important;}&#8221;] Terms of use The present terms and conditions apply to the access and use made from this website. By using this website, you (the \u201cuser\u201d) agree to abide by the terms and conditions set [&hellip;]","og_url":"https:\/\/metrocite.devrouge.com\/en\/privacy-policy\/","og_site_name":"M\u00e9trocit\u00e9","article_publisher":"https:\/\/www.facebook.com\/GroupeMetrocite?fref=ts","article_modified_time":"2023-02-10T21:00:45+00:00","og_image":[{"width":279,"height":255,"url":"https:\/\/metrocite.devrouge.com\/wp-content\/uploads\/2022\/09\/logo-metrocite.jpg","type":"image\/jpeg"}],"twitter_card":"summary_large_image","twitter_misc":{"Est. reading time":"7 minutes"},"schema":{"@context":"https:\/\/schema.org","@graph":[{"@type":"WebPage","@id":"https:\/\/metrocite.devrouge.com\/en\/privacy-policy\/","url":"https:\/\/metrocite.devrouge.com\/en\/privacy-policy\/","name":"Privacy Policy - M\u00e9trocit\u00e9","isPartOf":{"@id":"https:\/\/metrocite.devrouge.com\/#website"},"datePublished":"2022-09-22T18:45:47+00:00","dateModified":"2023-02-10T21:00:45+00:00","breadcrumb":{"@id":"https:\/\/metrocite.devrouge.com\/en\/privacy-policy\/#breadcrumb"},"inLanguage":"en-US","potentialAction":[{"@type":"ReadAction","target":["https:\/\/metrocite.devrouge.com\/en\/privacy-policy\/"]}]},{"@type":"BreadcrumbList","@id":"https:\/\/metrocite.devrouge.com\/en\/privacy-policy\/#breadcrumb","itemListElement":[{"@type":"ListItem","position":1,"name":"Accueil","item":"https:\/\/metrocite.devrouge.com\/en\/home\/"},{"@type":"ListItem","position":2,"name":"Privacy Policy"}]},{"@type":"WebSite","@id":"https:\/\/metrocite.devrouge.com\/#website","url":"https:\/\/metrocite.devrouge.com\/","name":"M\u00e9trocit\u00e9","description":"Condos \u00e0 vendre Dollard-des-Ormeaux et Condos \u00e0 louer laval","potentialAction":[{"@type":"SearchAction","target":{"@type":"EntryPoint","urlTemplate":"https:\/\/metrocite.devrouge.com\/?s={search_term_string}"},"query-input":{"@type":"PropertyValueSpecification","valueRequired":true,"valueName":"search_term_string"}}],"inLanguage":"en-US"}]}},"_links":{"self":[{"href":"https:\/\/metrocite.devrouge.com\/en\/wp-json\/wp\/v2\/pages\/1024","targetHints":{"allow":["GET"]}}],"collection":[{"href":"https:\/\/metrocite.devrouge.com\/en\/wp-json\/wp\/v2\/pages"}],"about":[{"href":"https:\/\/metrocite.devrouge.com\/en\/wp-json\/wp\/v2\/types\/page"}],"author":[{"embeddable":true,"href":"https:\/\/metrocite.devrouge.com\/en\/wp-json\/wp\/v2\/users\/1"}],"replies":[{"embeddable":true,"href":"https:\/\/metrocite.devrouge.com\/en\/wp-json\/wp\/v2\/comments?post=1024"}],"version-history":[{"count":3,"href":"https:\/\/metrocite.devrouge.com\/en\/wp-json\/wp\/v2\/pages\/1024\/revisions"}],"predecessor-version":[{"id":20982,"href":"https:\/\/metrocite.devrouge.com\/en\/wp-json\/wp\/v2\/pages\/1024\/revisions\/20982"}],"wp:attachment":[{"href":"https:\/\/metrocite.devrouge.com\/en\/wp-json\/wp\/v2\/media?parent=1024"}],"curies":[{"name":"wp","href":"https:\/\/api.w.org\/{rel}","templated":true}]}}